{"id":36563,"date":"2023-10-11T15:12:13","date_gmt":"2023-10-11T13:12:13","guid":{"rendered":"https:\/\/adimac.it\/?page_id=36563"},"modified":"2023-10-11T15:15:24","modified_gmt":"2023-10-11T13:15:24","slug":"vin-et-bieres-en-bouteille","status":"publish","type":"page","link":"https:\/\/adimac.it\/fr\/distributeur-automatique-personnalise\/vin-et-bieres-en-bouteille\/","title":{"rendered":"Distributeur automatique vin et bieres"},"content":{"rendered":"<p>[et_pb_section fb_built=\u00a0\u00bb1&Prime; fullwidth=\u00a0\u00bbon\u00a0\u00bb _builder_version=\u00a0\u00bb4.16&Prime; global_colors_info=\u00a0\u00bb{}\u00a0\u00bb][et_pb_fullwidth_image src=\u00a0\u00bbhttp:\/\/adimac.it\/wp-content\/uploads\/2023\/10\/Adivino-distributore-automatico-vino-in-bottiglia-adimac-vending-machines.png\u00a0\u00bb alt=\u00a0\u00bbigloo distributore automatico gelati e surgelati\u00a0\u00bb title_text=\u00a0\u00bbAdivino distributore automatico vino in bottiglia adimac vending machines\u00a0\u00bb _builder_version=\u00a0\u00bb4.20.2&Prime; global_colors_info=\u00a0\u00bb{}\u00a0\u00bb][\/et_pb_fullwidth_image][\/et_pb_section][et_pb_section fb_built=\u00a0\u00bb1&Prime; _builder_version=\u00a0\u00bb4.16&Prime; background_enable_image=\u00a0\u00bboff\u00a0\u00bb global_colors_info=\u00a0\u00bb{}\u00a0\u00bb][et_pb_row column_structure=\u00a0\u00bb1_2,1_2&Prime; module_id=\u00a0\u00bbsezione-alimenti-freschi\u00a0\u00bb _builder_version=\u00a0\u00bb4.20.2&Prime; custom_margin=\u00a0\u00bbauto||||false|false\u00a0\u00bb global_colors_info=\u00a0\u00bb{}\u00a0\u00bb][et_pb_column type=\u00a0\u00bb1_2&Prime; _builder_version=\u00a0\u00bb4.16&Prime; global_colors_info=\u00a0\u00bb{}\u00a0\u00bb][et_pb_gallery gallery_ids=\u00a0\u00bb36687&Prime; fullwidth=\u00a0\u00bbon\u00a0\u00bb _builder_version=\u00a0\u00bb4.20.2&Prime; width=\u00a0\u00bb100%\u00a0\u00bb module_alignment=\u00a0\u00bbleft\u00a0\u00bb custom_margin=\u00a0\u00bbauto|0px|auto|0px|false|false\u00a0\u00bb auto=\u00a0\u00bbon\u00a0\u00bb auto_speed=\u00a0\u00bb2500&Prime; global_colors_info=\u00a0\u00bb{}\u00a0\u00bb][\/et_pb_gallery][\/et_pb_column][et_pb_column type=\u00a0\u00bb1_2&Prime; _builder_version=\u00a0\u00bb4.16&Prime; global_colors_info=\u00a0\u00bb{}\u00a0\u00bb][et_pb_cta admin_label=\u00a0\u00bbCustomizziamo\u00a0\u00bb _builder_version=\u00a0\u00bb4.20.2&Prime; header_font=\u00a0\u00bbOpen Sans|||on|\u00a0\u00bb header_text_color=\u00a0\u00bb#0C71C3&Prime; header_font_size=\u00a0\u00bb46&Prime; header_line_height=\u00a0\u00bb1.4em\u00a0\u00bb body_font=\u00a0\u00bbOpen Sans||||\u00a0\u00bb body_text_color=\u00a0\u00bb#0C71C3&Prime; body_font_size=\u00a0\u00bb16&Prime; body_line_height=\u00a0\u00bb1.5em\u00a0\u00bb use_background_color=\u00a0\u00bboff\u00a0\u00bb background_size=\u00a0\u00bbinitial\u00a0\u00bb background_position=\u00a0\u00bbtop_left\u00a0\u00bb background_repeat=\u00a0\u00bbrepeat\u00a0\u00bb text_orientation=\u00a0\u00bbleft\u00a0\u00bb background_layout=\u00a0\u00bblight\u00a0\u00bb custom_margin=\u00a0\u00bb||0px|\u00a0\u00bb custom_padding=\u00a0\u00bb||0px|\u00a0\u00bb animation_style=\u00a0\u00bbfold\u00a0\u00bb animation_direction=\u00a0\u00bbright\u00a0\u00bb header_font_size_tablet=\u00a0\u00bb\u00a0\u00bb header_font_size_phone=\u00a0\u00bb30&Prime; header_font_size_last_edited=\u00a0\u00bbon|desktop\u00a0\u00bb custom_css_promo_title=\u00a0\u00bbfont-weight:800;\u00a0\u00bb use_border_color=\u00a0\u00bboff\u00a0\u00bb border_color=\u00a0\u00bb#ffffff\u00a0\u00bb border_style=\u00a0\u00bbsolid\u00a0\u00bb button_border_radius_hover=\u00a0\u00bb0&Prime; button_letter_spacing_hover=\u00a0\u00bb0&Prime; global_colors_info=\u00a0\u00bb{}\u00a0\u00bb button_text_size__hover_enabled=\u00a0\u00bboff\u00a0\u00bb button_text_size__hover=\u00a0\u00bbnull\u00a0\u00bb button_one_text_size__hover_enabled=\u00a0\u00bboff\u00a0\u00bb button_one_text_size__hover=\u00a0\u00bbnull\u00a0\u00bb button_two_text_size__hover_enabled=\u00a0\u00bboff\u00a0\u00bb button_two_text_size__hover=\u00a0\u00bbnull\u00a0\u00bb button_text_color__hover_enabled=\u00a0\u00bboff\u00a0\u00bb button_text_color__hover=\u00a0\u00bbnull\u00a0\u00bb button_one_text_color__hover_enabled=\u00a0\u00bboff\u00a0\u00bb button_one_text_color__hover=\u00a0\u00bbnull\u00a0\u00bb button_two_text_color__hover_enabled=\u00a0\u00bboff\u00a0\u00bb button_two_text_color__hover=\u00a0\u00bbnull\u00a0\u00bb button_border_width__hover_enabled=\u00a0\u00bboff\u00a0\u00bb button_border_width__hover=\u00a0\u00bbnull\u00a0\u00bb button_one_border_width__hover_enabled=\u00a0\u00bboff\u00a0\u00bb button_one_border_width__hover=\u00a0\u00bbnull\u00a0\u00bb button_two_border_width__hover_enabled=\u00a0\u00bboff\u00a0\u00bb button_two_border_width__hover=\u00a0\u00bbnull\u00a0\u00bb button_border_color__hover_enabled=\u00a0\u00bboff\u00a0\u00bb button_border_color__hover=\u00a0\u00bbnull\u00a0\u00bb button_one_border_color__hover_enabled=\u00a0\u00bboff\u00a0\u00bb button_one_border_color__hover=\u00a0\u00bbnull\u00a0\u00bb button_two_border_color__hover_enabled=\u00a0\u00bboff\u00a0\u00bb button_two_border_color__hover=\u00a0\u00bbnull\u00a0\u00bb button_border_radius__hover_enabled=\u00a0\u00bbon\u00a0\u00bb button_border_radius__hover=\u00a0\u00bb0&Prime; button_one_border_radius__hover_enabled=\u00a0\u00bboff\u00a0\u00bb button_one_border_radius__hover=\u00a0\u00bbnull\u00a0\u00bb button_two_border_radius__hover_enabled=\u00a0\u00bboff\u00a0\u00bb button_two_border_radius__hover=\u00a0\u00bbnull\u00a0\u00bb button_letter_spacing__hover_enabled=\u00a0\u00bbon\u00a0\u00bb button_letter_spacing__hover=\u00a0\u00bb0&Prime; button_one_letter_spacing__hover_enabled=\u00a0\u00bboff\u00a0\u00bb button_one_letter_spacing__hover=\u00a0\u00bbnull\u00a0\u00bb button_two_letter_spacing__hover_enabled=\u00a0\u00bboff\u00a0\u00bb button_two_letter_spacing__hover=\u00a0\u00bbnull\u00a0\u00bb button_bg_color__hover_enabled=\u00a0\u00bboff\u00a0\u00bb button_bg_color__hover=\u00a0\u00bbnull\u00a0\u00bb button_one_bg_color__hover_enabled=\u00a0\u00bboff\u00a0\u00bb button_one_bg_color__hover=\u00a0\u00bbnull\u00a0\u00bb button_two_bg_color__hover_enabled=\u00a0\u00bboff\u00a0\u00bb button_two_bg_color__hover=\u00a0\u00bbnull\u00a0\u00bb]<\/p>\n<h1><span style=\"color: #231f20;\">VOTRE DISTRIBUTEUR AUTOMATIQUE DE <span style=\"color: #d0a25f;\">VIN<\/span><\/span><\/h1>\n<p>[\/et_pb_cta][et_pb_text content_tablet=\u00a0\u00bb\u00a0\u00bb content_phone=\u00a0\u00bb<\/p>\n<p>Hai mai pensato di offrire i tuoi prodotti freschi 24 ore su 24 e 7 giorni su 7? Ora puoi. Con i distributori automatici <strong>Adimac<\/strong> il tuo negozio non chiude mai! I nostri distributori automatici refrigerati sono pensati per pastifici, macellerie, produttori agricoli, fattorie Km 0 e negozi di alimentari che cercano un nuovo modo di offrire i propri prodotti sul mercato. Una vetrina automatica che permette di incrementare i guadagni, fidelizzare i clienti e trovarne di nuovi.<\/p>\n<p>\u00a0\u00bb content_last_edited=\u00a0\u00bbon|phone\u00a0\u00bb admin_label=\u00a0\u00bbOffriamo un servizio di customizzazione completo al 100%.\u00a0\u00bb _builder_version=\u00a0\u00bb4.20.2&Prime; background_size=\u00a0\u00bbinitial\u00a0\u00bb background_position=\u00a0\u00bbtop_left\u00a0\u00bb background_repeat=\u00a0\u00bbrepeat\u00a0\u00bb use_border_color=\u00a0\u00bboff\u00a0\u00bb border_color=\u00a0\u00bb#ffffff\u00a0\u00bb border_style=\u00a0\u00bbsolid\u00a0\u00bb global_colors_info=\u00a0\u00bb{}\u00a0\u00bb]<\/p>\n<p>ADIVINO est le <strong>distributeur automatique r\u00e9frig\u00e9r\u00e9<\/strong> con\u00e7u pour la vente de vin et de bi\u00e8res en bouteille.<br \/>Pratique et fonctionnel, il peut \u00eatre install\u00e9 n\u2019importe o\u00f9 (bars \u00e0 vin, restaurants, caves, etc.) pour la vente 24\/24 et sept jours sur sept de vins s\u00e9lectionn\u00e9s, pr\u00e9cieux et parfaitement conserv\u00e9s.<\/p>\n<p>Les<strong> deux zones de temp\u00e9rature diff\u00e9renci\u00e9e<\/strong> sont r\u00e9glables entre 3 et 18 \u00baC pour la conservation correcte des vins blancs, rouges, ros\u00e9s, prosecco, mousseux et bi\u00e8res artisanales.<\/p>\n<p>Chaque bouteille est accompagn\u00e9e au plan de distribution <strong>sans chutes et risque de rupture<\/strong> gr\u00e2ce \u00e0 l\u2019ascenseur interne et \u00e0 la zone de collecte en position sur\u00e9lev\u00e9e.<br \/>La configuration interne aux <strong>tapis et spirales est personnalisable<\/strong> en fonction du format et des dimensions des bouteilles, jusqu\u2019\u00e0 un maximum de 42 produits diff\u00e9rents.<\/p>\n<p>[\/et_pb_text][et_pb_code _builder_version=\u00a0\u00bb4.20.2&Prime; width=\u00a0\u00bb67.8%\u00a0\u00bb global_colors_info=\u00a0\u00bb{}\u00a0\u00bb]<\/p>\n<div class=\"container-icone-testo\"><!-- [et_pb_line_break_holder] --><!-- [et_pb_line_break_holder] --><\/p>\n<div class=\"icona\"><!-- [et_pb_line_break_holder] --> <img decoding=\"async\" src=\"http:\/\/adimac.it\/wp-content\/uploads\/2023\/10\/Icona-Adivino-1.png\" alt=\"temperatura controllata distributore automatico vino\" \/><!-- [et_pb_line_break_holder] --><\/div>\n<p><!-- [et_pb_line_break_holder] --><!-- [et_pb_line_break_holder] --><!-- [et_pb_line_break_holder] --><\/p>\n<div class=\"contenuto\"><!-- [et_pb_line_break_holder] --><!-- [et_pb_line_break_holder] --><\/p>\n<h2 class=\"titoletto\"><span style=\"color: #d0a25f;\">TEMP\u00c9RATURE CONTR\u00d4L\u00c9E ET MODULABLE<!-- [et_pb_line_break_holder] --><!-- [et_pb_line_break_holder] --> <\/span><\/h2>\n<p><!-- [et_pb_line_break_holder] --><!-- [et_pb_line_break_holder] --><!-- [et_pb_line_break_holder] --><pee class=\"testo\">Le syst\u00e8me de r\u00e9frig\u00e9ration, \u00e9quip\u00e9 de multiples capteurs, est r\u00e9glable entre 3 C et 18 C pour assurer la bonne conservation de vos produits jusqu\u2019\u00e0 leur distribution<!-- [et_pb_line_break_holder] --><!-- [et_pb_line_break_holder] --><\/pee><!-- [et_pb_line_break_holder] --><!-- [et_pb_line_break_holder] --><!-- [et_pb_line_break_holder] --><\/div>\n<p><!-- [et_pb_line_break_holder] --><!-- [et_pb_line_break_holder] --><\/div>\n<p>[\/et_pb_code][et_pb_code _builder_version=\u00a0\u00bb4.20.2&Prime; global_colors_info=\u00a0\u00bb{}\u00a0\u00bb]<\/p>\n<div class=\"container-icone-testo\"><!-- [et_pb_line_break_holder] --><!-- [et_pb_line_break_holder] --><\/p>\n<div class=\"icona\"><!-- [et_pb_line_break_holder] --> <img decoding=\"async\" src=\"http:\/\/adimac.it\/wp-content\/uploads\/2023\/10\/Icona-Cloud-Adivino.png\" alt=\"cloud vending machines\" \/><!-- [et_pb_line_break_holder] --><\/div>\n<p><!-- [et_pb_line_break_holder] --><!-- [et_pb_line_break_holder] --><!-- [et_pb_line_break_holder] --><\/p>\n<div class=\"contenuto\"><!-- [et_pb_line_break_holder] --><!-- [et_pb_line_break_holder] --><\/p>\n<h2 class=\"titoletto\"><span style=\"color: #d0a25f;\">AD CLOUD<\/span><\/h2>\n<p><!-- [et_pb_line_break_holder] --><!-- [et_pb_line_break_holder] --><!-- [et_pb_line_break_holder] --><pee class=\"testo\">Pour contr\u00f4ler en temps r\u00e9el et \u00e0 distance les statistiques de ventes, l\u2019entrep\u00f4t de produits, la temp\u00e9rature et les \u00e9ventuelles alarmes. Avec le cloud Adimac, vous pouvez d\u00e9finir des images, des descriptions, des prix et des fonctionnalit\u00e9s de produits \u00e0 partir de vos appareils.<!-- [et_pb_line_break_holder] --><!-- [et_pb_line_break_holder] --><\/pee><!-- [et_pb_line_break_holder] --><!-- [et_pb_line_break_holder] --><!-- [et_pb_line_break_holder] --><\/div>\n<p>[\/et_pb_code][et_pb_code _builder_version=\u00a0\u00bb4.20.2&Prime; global_colors_info=\u00a0\u00bb{}\u00a0\u00bb]<\/p>\n<div class=\"container-icone-testo\"><!-- [et_pb_line_break_holder] --><!-- [et_pb_line_break_holder] --><\/p>\n<div class=\"icona\"><!-- [et_pb_line_break_holder] --> <img decoding=\"async\" src=\"http:\/\/adimac.it\/wp-content\/uploads\/2023\/10\/Icona-Ascensore.png\" alt=\"sportello rialzato distributore automatico vino\" \/><!-- [et_pb_line_break_holder] --><\/div>\n<p><!-- [et_pb_line_break_holder] --><!-- [et_pb_line_break_holder] --><!-- [et_pb_line_break_holder] --><\/p>\n<div class=\"contenuto\"><!-- [et_pb_line_break_holder] --><!-- [et_pb_line_break_holder] --><\/p>\n<h2 class=\"titoletto\"><span style=\"color: #d0a25f;\">PORTE SUR\u00c9LEV\u00c9E ET ASCENSEUR<!-- [et_pb_line_break_holder] --><!-- [et_pb_line_break_holder] --><\/span><\/h2>\n<p><!-- [et_pb_line_break_holder] --><!-- [et_pb_line_break_holder] --><!-- [et_pb_line_break_holder] --><pee class=\"testo\">Les produits glissent doucement sur l\u2019ascenseur de derni\u00e8re g\u00e9n\u00e9ration afin d\u2019\u00e9viter tout type de choc et de dommages. Le compartiment de pr\u00e9l\u00e8vement en position relev\u00e9e permet de retirer le produit confortablement sans se pencher.<!-- [et_pb_line_break_holder] --><!-- [et_pb_line_break_holder] --><\/pee><!-- [et_pb_line_break_holder] --><!-- [et_pb_line_break_holder] --><!-- [et_pb_line_break_holder] --><\/div>\n<p><!-- [et_pb_line_break_holder] --><!-- [et_pb_line_break_holder] --><\/div>\n<p><!-- [et_pb_line_break_holder] --><!-- [et_pb_line_break_holder] -->[\/et_pb_code][et_pb_button button_url=\u00a0\u00bb#main-footer\u00a0\u00bb button_text=\u00a0\u00bbDemander des informations\u00a0\u00bb button_alignment_tablet=\u00a0\u00bb\u00a0\u00bb button_alignment_phone=\u00a0\u00bbcenter\u00a0\u00bb button_alignment_last_edited=\u00a0\u00bbon|phone\u00a0\u00bb _builder_version=\u00a0\u00bb4.20.2&Prime; custom_button=\u00a0\u00bbon\u00a0\u00bb button_text_color=\u00a0\u00bb#FFFFFF\u00a0\u00bb button_bg_color=\u00a0\u00bb#d0a25f\u00a0\u00bb button_border_width=\u00a0\u00bb3px\u00a0\u00bb button_border_color=\u00a0\u00bb#d0a25f\u00a0\u00bb background_layout=\u00a0\u00bbdark\u00a0\u00bb button_text_color_last_edited=\u00a0\u00bboff|desktop\u00a0\u00bb global_colors_info=\u00a0\u00bb{}\u00a0\u00bb button_bg_color__hover_enabled=\u00a0\u00bbon|hover\u00a0\u00bb button_bg_color__hover=\u00a0\u00bb#ffffff\u00a0\u00bb button_bg_enable_color__hover=\u00a0\u00bbon\u00a0\u00bb button_text_color__hover_enabled=\u00a0\u00bbon|desktop\u00a0\u00bb button_text_color__hover=\u00a0\u00bb#e4003d\u00a0\u00bb][\/et_pb_button][\/et_pb_column][\/et_pb_row][\/et_pb_section]<\/p>\n","protected":false},"excerpt":{"rendered":"<p>VOTRE DISTRIBUTEUR AUTOMATIQUE DE VINADIVINO est le distributeur automatique r\u00e9frig\u00e9r\u00e9 con\u00e7u pour la vente de vin et de bi\u00e8res en bouteille.Pratique et fonctionnel, il peut \u00eatre install\u00e9 n\u2019importe o\u00f9 (bars \u00e0 vin, restaurants, caves, etc.) pour la vente 24\/24 et sept jours sur sept de vins s\u00e9lectionn\u00e9s, pr\u00e9cieux et parfaitement conserv\u00e9s. Les deux zones de [&hellip;]<\/p>\n","protected":false},"author":3,"featured_media":36652,"parent":30393,"menu_order":0,"comment_status":"closed","ping_status":"closed","template":"","meta":{"_acf_changed":false,"_et_pb_use_builder":"on","_et_pb_old_content":"","_et_gb_content_width":"","footnotes":""},"class_list":["post-36563","page","type-page","status-publish","has-post-thumbnail","hentry"],"acf":[],"yoast_head":"<!-- This site is optimized with the Yoast SEO plugin v27.0 - https:\/\/yoast.com\/product\/yoast-seo-wordpress\/ -->\n<title>Distributeur automatique produits glac\u00e9s et surgel\u00e9s<\/title>\n<meta name=\"description\" content=\"Proposez vos produits surgel\u00e9s et surgel\u00e9s 24h\/24 et 7\/7 avec IGLOO, le distributeur automatique avec temp\u00e9rature int\u00e9rieure de -18\u00b0 degr\u00e9s\" \/>\n<meta name=\"robots\" content=\"index, follow, max-snippet:-1, max-image-preview:large, max-video-preview:-1\" \/>\n<link rel=\"canonical\" href=\"https:\/\/adimac.it\/fr\/distributeur-automatique-personnalise\/vin-et-bieres-en-bouteille\/\" \/>\n<meta property=\"og:locale\" content=\"fr_FR\" \/>\n<meta property=\"og:type\" content=\"article\" \/>\n<meta property=\"og:title\" content=\"Distributeur automatique produits glac\u00e9s et surgel\u00e9s\" \/>\n<meta property=\"og:description\" content=\"Proposez vos produits surgel\u00e9s et surgel\u00e9s 24h\/24 et 7\/7 avec IGLOO, le distributeur automatique avec temp\u00e9rature int\u00e9rieure de -18\u00b0 degr\u00e9s\" \/>\n<meta property=\"og:url\" content=\"https:\/\/adimac.it\/fr\/distributeur-automatique-personnalise\/vin-et-bieres-en-bouteille\/\" \/>\n<meta property=\"og:site_name\" content=\"Adimac\" \/>\n<meta property=\"article:modified_time\" content=\"2023-10-11T13:15:24+00:00\" \/>\n<meta property=\"og:image\" content=\"http:\/\/adimac.it\/wp-content\/uploads\/2023\/09\/distributore-automatico-vino-Adivino-adimac-vending-machine.png\" \/>\n\t<meta property=\"og:image:width\" content=\"1414\" \/>\n\t<meta property=\"og:image:height\" content=\"2000\" \/>\n\t<meta property=\"og:image:type\" content=\"image\/png\" \/>\n<meta name=\"twitter:card\" content=\"summary_large_image\" \/>\n<meta name=\"twitter:label1\" content=\"Dur\u00e9e de lecture estim\u00e9e\" \/>\n\t<meta name=\"twitter:data1\" content=\"4 minutes\" \/>\n<script type=\"application\/ld+json\" class=\"yoast-schema-graph\">{\"@context\":\"https:\/\/schema.org\",\"@graph\":[{\"@type\":\"WebPage\",\"@id\":\"https:\/\/adimac.it\/fr\/distributeur-automatique-personnalise\/vin-et-bieres-en-bouteille\/\",\"url\":\"https:\/\/adimac.it\/fr\/distributeur-automatique-personnalise\/vin-et-bieres-en-bouteille\/\",\"name\":\"Distributeur automatique produits glac\u00e9s et surgel\u00e9s\",\"isPartOf\":{\"@id\":\"https:\/\/adimac.it\/#website\"},\"primaryImageOfPage\":{\"@id\":\"https:\/\/adimac.it\/fr\/distributeur-automatique-personnalise\/vin-et-bieres-en-bouteille\/#primaryimage\"},\"image\":{\"@id\":\"https:\/\/adimac.it\/fr\/distributeur-automatique-personnalise\/vin-et-bieres-en-bouteille\/#primaryimage\"},\"thumbnailUrl\":\"https:\/\/adimac.it\/wp-content\/uploads\/2023\/09\/distributore-automatico-vino-Adivino-adimac-vending-machine.png\",\"datePublished\":\"2023-10-11T13:12:13+00:00\",\"dateModified\":\"2023-10-11T13:15:24+00:00\",\"description\":\"Proposez vos produits surgel\u00e9s et surgel\u00e9s 24h\/24 et 7\/7 avec IGLOO, le distributeur automatique avec temp\u00e9rature int\u00e9rieure de -18\u00b0 degr\u00e9s\",\"breadcrumb\":{\"@id\":\"https:\/\/adimac.it\/fr\/distributeur-automatique-personnalise\/vin-et-bieres-en-bouteille\/#breadcrumb\"},\"inLanguage\":\"fr-FR\",\"potentialAction\":[{\"@type\":\"ReadAction\",\"target\":[\"https:\/\/adimac.it\/fr\/distributeur-automatique-personnalise\/vin-et-bieres-en-bouteille\/\"]}]},{\"@type\":\"ImageObject\",\"inLanguage\":\"fr-FR\",\"@id\":\"https:\/\/adimac.it\/fr\/distributeur-automatique-personnalise\/vin-et-bieres-en-bouteille\/#primaryimage\",\"url\":\"https:\/\/adimac.it\/wp-content\/uploads\/2023\/09\/distributore-automatico-vino-Adivino-adimac-vending-machine.png\",\"contentUrl\":\"https:\/\/adimac.it\/wp-content\/uploads\/2023\/09\/distributore-automatico-vino-Adivino-adimac-vending-machine.png\",\"width\":1414,\"height\":2000,\"caption\":\"distributori automatici vini in bottiglia\"},{\"@type\":\"BreadcrumbList\",\"@id\":\"https:\/\/adimac.it\/fr\/distributeur-automatique-personnalise\/vin-et-bieres-en-bouteille\/#breadcrumb\",\"itemListElement\":[{\"@type\":\"ListItem\",\"position\":1,\"name\":\"Home\",\"item\":\"https:\/\/adimac.it\/fr\/\"},{\"@type\":\"ListItem\",\"position\":2,\"name\":\"Personnalisations et services\",\"item\":\"https:\/\/adimac.it\/fr\/distributeur-automatique-personnalise\/\"},{\"@type\":\"ListItem\",\"position\":3,\"name\":\"Distributeur automatique vin et bieres\"}]},{\"@type\":\"WebSite\",\"@id\":\"https:\/\/adimac.it\/#website\",\"url\":\"https:\/\/adimac.it\/\",\"name\":\"Adimac\",\"description\":\"Vending Machine\",\"potentialAction\":[{\"@type\":\"SearchAction\",\"target\":{\"@type\":\"EntryPoint\",\"urlTemplate\":\"https:\/\/adimac.it\/?s={search_term_string}\"},\"query-input\":{\"@type\":\"PropertyValueSpecification\",\"valueRequired\":true,\"valueName\":\"search_term_string\"}}],\"inLanguage\":\"fr-FR\"}]}<\/script>\n<!-- \/ Yoast SEO plugin. -->","yoast_head_json":{"title":"Distributeur automatique produits glac\u00e9s et surgel\u00e9s","description":"Proposez vos produits surgel\u00e9s et surgel\u00e9s 24h\/24 et 7\/7 avec IGLOO, le distributeur automatique avec temp\u00e9rature int\u00e9rieure de -18\u00b0 degr\u00e9s","robots":{"index":"index","follow":"follow","max-snippet":"max-snippet:-1","max-image-preview":"max-image-preview:large","max-video-preview":"max-video-preview:-1"},"canonical":"https:\/\/adimac.it\/fr\/distributeur-automatique-personnalise\/vin-et-bieres-en-bouteille\/","og_locale":"fr_FR","og_type":"article","og_title":"Distributeur automatique produits glac\u00e9s et surgel\u00e9s","og_description":"Proposez vos produits surgel\u00e9s et surgel\u00e9s 24h\/24 et 7\/7 avec IGLOO, le distributeur automatique avec temp\u00e9rature int\u00e9rieure de -18\u00b0 degr\u00e9s","og_url":"https:\/\/adimac.it\/fr\/distributeur-automatique-personnalise\/vin-et-bieres-en-bouteille\/","og_site_name":"Adimac","article_modified_time":"2023-10-11T13:15:24+00:00","og_image":[{"width":1414,"height":2000,"url":"http:\/\/adimac.it\/wp-content\/uploads\/2023\/09\/distributore-automatico-vino-Adivino-adimac-vending-machine.png","type":"image\/png"}],"twitter_card":"summary_large_image","twitter_misc":{"Dur\u00e9e de lecture estim\u00e9e":"4 minutes"},"schema":{"@context":"https:\/\/schema.org","@graph":[{"@type":"WebPage","@id":"https:\/\/adimac.it\/fr\/distributeur-automatique-personnalise\/vin-et-bieres-en-bouteille\/","url":"https:\/\/adimac.it\/fr\/distributeur-automatique-personnalise\/vin-et-bieres-en-bouteille\/","name":"Distributeur automatique produits glac\u00e9s et surgel\u00e9s","isPartOf":{"@id":"https:\/\/adimac.it\/#website"},"primaryImageOfPage":{"@id":"https:\/\/adimac.it\/fr\/distributeur-automatique-personnalise\/vin-et-bieres-en-bouteille\/#primaryimage"},"image":{"@id":"https:\/\/adimac.it\/fr\/distributeur-automatique-personnalise\/vin-et-bieres-en-bouteille\/#primaryimage"},"thumbnailUrl":"https:\/\/adimac.it\/wp-content\/uploads\/2023\/09\/distributore-automatico-vino-Adivino-adimac-vending-machine.png","datePublished":"2023-10-11T13:12:13+00:00","dateModified":"2023-10-11T13:15:24+00:00","description":"Proposez vos produits surgel\u00e9s et surgel\u00e9s 24h\/24 et 7\/7 avec IGLOO, le distributeur automatique avec temp\u00e9rature int\u00e9rieure de -18\u00b0 degr\u00e9s","breadcrumb":{"@id":"https:\/\/adimac.it\/fr\/distributeur-automatique-personnalise\/vin-et-bieres-en-bouteille\/#breadcrumb"},"inLanguage":"fr-FR","potentialAction":[{"@type":"ReadAction","target":["https:\/\/adimac.it\/fr\/distributeur-automatique-personnalise\/vin-et-bieres-en-bouteille\/"]}]},{"@type":"ImageObject","inLanguage":"fr-FR","@id":"https:\/\/adimac.it\/fr\/distributeur-automatique-personnalise\/vin-et-bieres-en-bouteille\/#primaryimage","url":"https:\/\/adimac.it\/wp-content\/uploads\/2023\/09\/distributore-automatico-vino-Adivino-adimac-vending-machine.png","contentUrl":"https:\/\/adimac.it\/wp-content\/uploads\/2023\/09\/distributore-automatico-vino-Adivino-adimac-vending-machine.png","width":1414,"height":2000,"caption":"distributori automatici vini in bottiglia"},{"@type":"BreadcrumbList","@id":"https:\/\/adimac.it\/fr\/distributeur-automatique-personnalise\/vin-et-bieres-en-bouteille\/#breadcrumb","itemListElement":[{"@type":"ListItem","position":1,"name":"Home","item":"https:\/\/adimac.it\/fr\/"},{"@type":"ListItem","position":2,"name":"Personnalisations et services","item":"https:\/\/adimac.it\/fr\/distributeur-automatique-personnalise\/"},{"@type":"ListItem","position":3,"name":"Distributeur automatique vin et bieres"}]},{"@type":"WebSite","@id":"https:\/\/adimac.it\/#website","url":"https:\/\/adimac.it\/","name":"Adimac","description":"Vending Machine","potentialAction":[{"@type":"SearchAction","target":{"@type":"EntryPoint","urlTemplate":"https:\/\/adimac.it\/?s={search_term_string}"},"query-input":{"@type":"PropertyValueSpecification","valueRequired":true,"valueName":"search_term_string"}}],"inLanguage":"fr-FR"}]}},"_links":{"self":[{"href":"https:\/\/adimac.it\/fr\/wp-json\/wp\/v2\/pages\/36563","targetHints":{"allow":["GET"]}}],"collection":[{"href":"https:\/\/adimac.it\/fr\/wp-json\/wp\/v2\/pages"}],"about":[{"href":"https:\/\/adimac.it\/fr\/wp-json\/wp\/v2\/types\/page"}],"author":[{"embeddable":true,"href":"https:\/\/adimac.it\/fr\/wp-json\/wp\/v2\/users\/3"}],"replies":[{"embeddable":true,"href":"https:\/\/adimac.it\/fr\/wp-json\/wp\/v2\/comments?post=36563"}],"version-history":[{"count":8,"href":"https:\/\/adimac.it\/fr\/wp-json\/wp\/v2\/pages\/36563\/revisions"}],"predecessor-version":[{"id":36721,"href":"https:\/\/adimac.it\/fr\/wp-json\/wp\/v2\/pages\/36563\/revisions\/36721"}],"up":[{"embeddable":true,"href":"https:\/\/adimac.it\/fr\/wp-json\/wp\/v2\/pages\/30393"}],"wp:featuredmedia":[{"embeddable":true,"href":"https:\/\/adimac.it\/fr\/wp-json\/wp\/v2\/media\/36652"}],"wp:attachment":[{"href":"https:\/\/adimac.it\/fr\/wp-json\/wp\/v2\/media?parent=36563"}],"curies":[{"name":"wp","href":"https:\/\/api.w.org\/{rel}","templated":true}]}}