{"id":30247,"date":"2017-05-09T17:02:16","date_gmt":"2017-05-09T15:02:16","guid":{"rendered":"http:\/\/adimac.it\/politica-della-qualita\/"},"modified":"2020-04-06T12:09:16","modified_gmt":"2020-04-06T10:09:16","slug":"politique-de-la-qualite","status":"publish","type":"page","link":"https:\/\/adimac.it\/fr\/politique-de-la-qualite\/","title":{"rendered":"Politique de la qualit\u00e9"},"content":{"rendered":"<p>[et_pb_section fb_built=\u00a0\u00bb1&Prime; admin_label=\u00a0\u00bbsection\u00a0\u00bb _builder_version=\u00a0\u00bb3.22&Prime;][et_pb_row admin_label=\u00a0\u00bbrow\u00a0\u00bb _builder_version=\u00a0\u00bb3.25&Prime; background_size=\u00a0\u00bbinitial\u00a0\u00bb background_position=\u00a0\u00bbtop_left\u00a0\u00bb background_repeat=\u00a0\u00bbrepeat\u00a0\u00bb][et_pb_column type=\u00a0\u00bb4_4&Prime; _builder_version=\u00a0\u00bb3.25&Prime; custom_padding=\u00a0\u00bb|||\u00a0\u00bb custom_padding__hover=\u00a0\u00bb|||\u00a0\u00bb][et_pb_post_title meta=\u00a0\u00bboff\u00a0\u00bb featured_image=\u00a0\u00bboff\u00a0\u00bb admin_label=\u00a0\u00bbTitolo del Post\u00a0\u00bb _builder_version=\u00a0\u00bb3.0.87&Prime; use_border_color=\u00a0\u00bboff\u00a0\u00bb border_color=\u00a0\u00bb#ffffff\u00a0\u00bb border_style=\u00a0\u00bbsolid\u00a0\u00bb parallax_effect=\u00a0\u00bboff\u00a0\u00bb][\/et_pb_post_title][et_pb_text admin_label=\u00a0\u00bbTesto\u00a0\u00bb _builder_version=\u00a0\u00bb4.2.2&Prime; background_size=\u00a0\u00bbinitial\u00a0\u00bb background_position=\u00a0\u00bbtop_left\u00a0\u00bb background_repeat=\u00a0\u00bbrepeat\u00a0\u00bb hover_enabled=\u00a0\u00bb0&Prime; border_style=\u00a0\u00bbsolid\u00a0\u00bb]<\/p>\n<p>Our company wants to adopt a \u201crisk based thinking\u201d Quality Policy, allowing us to:<\/p>\n<ul>\n<li>Establish a pro-active and not a reactive culture of the improvement, prevention must become a habit;<\/li>\n<li>Increase the satisfaction of our customers;<\/li>\n<li>Build a consistent base of knowledges and offer a major preparation;<\/li>\n<li>Increase the probability to reach the targets;<\/li>\n<li>Decrease the probability of bad results and side effects;<\/li>\n<li>Ensure consistency in the quality of goods and services;<\/li>\n<li>Satisfy the mandatory applicable requirements, whether related to products\/services offered and to workplace.<\/li>\n<\/ul>\n<p>In order to reach the application of a.m. points, the Direction undertakes to:<\/p>\n<ul>\n<li>Analyze the company contest in order to identify risks and opportunities;<\/li>\n<li>Establish the priorities of the identified risks and opportunities;<\/li>\n<li>Plan actions to face risks and to seize opportunities;\u00a0<\/li>\n<li>Make available the necessary resources to act the action plans;<\/li>\n<li>Verify the actions effectiveness.<\/li>\n<\/ul>\n<p>The Directions requires that all staff is aware of the Quality Policy and of the operative procedures connected with its work area, in order to apply its contents and collaborate to the continuous improvement of the System, thanks to its eventual suggestions. This document is exposed in the work area and in the website, in order to share the guidelines expressed with all third parties interested and involved in the activities and in the services offered.<\/p>\n<p>Approved on 17\/03\/2020 &#8211; The Direction<\/p>\n<p>[\/et_pb_text][\/et_pb_column][\/et_pb_row][\/et_pb_section]<\/p>\n","protected":false},"excerpt":{"rendered":"<p>Our company wants to adopt a \u201crisk based thinking\u201d Quality Policy, allowing us to: Establish a pro-active and not a reactive culture of the improvement, prevention must become a habit; Increase the satisfaction of our customers; Build a consistent base of knowledges and offer a major preparation; Increase the probability to reach the targets; Decrease [&hellip;]<\/p>\n","protected":false},"author":1,"featured_media":0,"parent":0,"menu_order":0,"comment_status":"closed","ping_status":"closed","template":"","meta":{"_acf_changed":false,"_et_pb_use_builder":"on","_et_pb_old_content":"<p>[et_pb_section bb_built=\"1\" admin_label=\"section\"][et_pb_row admin_label=\"row\"][et_pb_column type=\"4_4\"][et_pb_post_title admin_label=\"Titolo del Post\" title=\"on\" meta=\"off\" author=\"on\" date=\"on\" categories=\"on\" comments=\"on\" featured_image=\"off\" featured_placement=\"below\" parallax_effect=\"off\" parallax_method=\"on\" text_orientation=\"left\" text_color=\"dark\" text_background=\"off\" text_bg_color=\"rgba(255,255,255,0.9)\" use_border_color=\"off\" border_color=\"#ffffff\" border_style=\"solid\" \/][et_pb_text admin_label=\"Testo\" background_layout=\"light\" text_orientation=\"left\" use_border_color=\"off\" border_color=\"#ffffff\" border_style=\"solid\"]<\/p><div id=\"boxcontainer\"><p>In questa pagina si descrivono le modalit\u00e0 di gestione del sito in riferimento al trattamento dei dati personali degli utenti che lo consultano.<\/p><p>Si tratta di un\u2019informativa che \u00e8 resa anche ai sensi dell'art. 13 del d.lgs. n. 196\/2003 - Codice in materia di protezione dei dati personali a coloro che interagiscono con i servizi web di Adimac srl per la protezione dei dati personali, accessibili per via telematica a partire dall\u2019indirizzo:<\/p><p>http:\/\/www.garanteprivacy.it<\/p><p>corrispondente alla pagina iniziale del sito ufficiale dell\u2019Autorit\u00e0.<\/p><p>L\u2019informativa \u00e8 resa solo per il sito di Adimac srl e non anche per altri siti web eventualmente consultati dall\u2019utente tramite link.<\/p><p>L\u2019informativa si ispira anche alla Raccomandazione n. 2\/2001 che le autorit\u00e0 europee per la protezione dei dati personali, riunite nel Gruppo istituito dall\u2019art. 29 della direttiva n. 95\/46\/CE , hanno adottato il 17 maggio 2001 per individuare alcuni requisiti minimi per la raccolta di dati personali on-line, e, in particolare, le modalit\u00e0, i tempi e la natura delle informazioni che i titolari del trattamento devono fornire agli utenti quando questi si collegano a pagine web, indipendentemente dagli scopi del collegamento.<\/p><p>La Raccomandazione e una descrizione di sintesi delle sue finalit\u00e0 sono riportate in altre pagine di questo sito.<\/p><p>IL \u201cTITOLARE\u201d DEL TRATTAMENTO<\/p><p>A seguito della consultazione di questo sito possono essere trattati dati relativi a persone identificate o identificabili.<\/p><p>Il \u201ctitolare\u201d del loro trattamento \u00e8\u00a0Adimac\u00a0srl per la protezione dei dati personali, che ha sede in via dei Pini,42 - 36016 Thiene (VI)- Italy.<\/p><p>LUOGO DI TRATTAMENTO DEI DATI<\/p><p>I trattamenti connessi ai servizi web di questo sito hanno luogo presso la predetta sede di\u00a0Adimac srl e sono curati solo da personale tecnico dell\u2019Ufficio incaricato del trattamento, oppure da eventuali incaricati di occasionali operazioni di manutenzione.<\/p><p>Nessun dato derivante dal servizio web viene comunicato o diffuso.<\/p><p>I dati personali forniti dagli utenti che inoltrano richieste di invio di materiale informativo (bollettini, Cd-rom, newsletter, relazioni annuali, risposte a quesiti, atti e provvedimenti, ecc.) sono utilizzati al solo fine di eseguire il servizio o la prestazione richiesta e sono comunicati a terzi nel solo caso in cui ci\u00f2 sia a tal fine necessario .<\/p><p>TIPI DI DATI TRATTATI<\/p><p>Dati di navigazione<\/p><p>I sistemi informatici e le procedure software preposte al funzionamento di questo sito web acquisiscono, nel corso del loro normale esercizio, alcuni dati personali la cui trasmissione \u00e8 implicita nell\u2019uso dei protocolli di comunicazione di Internet.<\/p><p>Si tratta di informazioni che non sono raccolte per essere associate a interessati identificati, ma che per loro stessa natura potrebbero, attraverso elaborazioni ed associazioni con dati detenuti da terzi, permettere di identificare gli utenti.<\/p><p>In questa categoria di dati rientrano gli indirizzi IP o i nomi a dominio dei computer utilizzati dagli utenti che si connettono al sito, gli indirizzi in notazione URI (Uniform Resource Identifier) delle risorse richieste, l\u2019orario della richiesta, il metodo utilizzato nel sottoporre la richiesta al server, la dimensione del file ottenuto in risposta, il codice numerico indicante lo stato della risposta data dal server (buon fine, errore, ecc.) ed altri parametri relativi al sistema operativo e all\u2019ambiente informatico dell\u2019utente.<\/p><p>Questi dati vengono utilizzati al solo fine di ricavare informazioni statistiche anonime sull\u2019uso del sito e per controllarne il corretto funzionamento e vengono cancellati immediatamente dopo l\u2019elaborazione. I dati potrebbero essere utilizzati per l\u2019accertamento di responsabilit\u00e0 in caso di ipotetici reati informatici ai danni del sito: salva questa eventualit\u00e0, allo stato i dati sui contatti web non persistono per pi\u00f9 di sette giorni.<\/p><p>Dati forniti volontariamente dall\u2019utente<\/p><p>L\u2019invio facoltativo, esplicito e volontario di posta elettronica agli indirizzi indicati su questo sito comporta la successiva acquisizione dell\u2019indirizzo del mittente, necessario per rispondere alle richieste, nonch\u00e9 degli eventuali altri dati personali inseriti nella missiva.<\/p><p>Specifiche informative di sintesi verranno progressivamente riportate o visualizzate nelle pagine del sito predisposte per particolari servizi a richiesta.<\/p><p>COOKIES<\/p><p>Nessun dato personale degli utenti viene in proposito acquisito dal sito.<\/p><p>Non viene fatto uso di cookies per la trasmissione di informazioni di carattere personale, n\u00e9 vengono utilizzati c.d. cookies persistenti di alcun tipo, ovvero sistemi per il tracciamento degli utenti.<\/p><p>L\u2019uso di c.d. cookies di sessione (che non vengono memorizzati in modo persistente sul computer dell\u2019utente e svaniscono con la chiusura del browser) \u00e8 strettamente limitato alla trasmissione di identificativi di sessione (costituiti da numeri casuali generati dal server) necessari per consentire l\u2019esplorazione sicura ed efficiente del sito.<\/p><p>I c.d. cookies di sessione utilizzati in questo sito evitano il ricorso ad altre tecniche informatiche potenzialmente pregiudizievoli per la riservatezza della navigazione degli utenti e non consentono l\u2019acquisizione di dati personali identificativi dell\u2019utente.<\/p><p>FACOLTATIVITA\u2019 DEL CONFERIMENTO DEI DATI<\/p><p>A parte quanto specificato per i dati di navigazione, l\u2019utente \u00e8 libero di fornire i dati personali riportati nei moduli di richiesta al\u00a0Adimac srl o comunque indicati in contatti con l'Ufficio per sollecitare l\u2019invio di materiale informativo o di altre comunicazioni.<\/p><p>Il loro mancato conferimento pu\u00f2 comportare l\u2019impossibilit\u00e0 di ottenere quanto richiesto.<\/p><p>Per completezza va ricordato che in alcuni casi (non oggetto dell\u2019ordinaria gestione di questo sito) l\u2019Autorit\u00e0 pu\u00f2 richiedere notizie e informazioni ai sensi dell'art 157 del d.lgs. n. 196\/2003, ai fini del controllo sul trattamento dei dati personali. In questi casi la risposta \u00e8 obbligatoria a pena di sanzione amministrativa.<\/p><p>MODALITA\u2019 DEL TRATTAMENTO<\/p><p>I dati personali sono trattati con strumenti automatizzati per il tempo strettamente necessario a conseguire gli scopi per cui sono stati raccolti.<\/p><p>Specifiche misure di sicurezza sono osservate per prevenire la perdita dei dati, usi illeciti o non corretti ed accessi non autorizzati.<\/p><p>DIRITTI DEGLI INTERESSATI<\/p><p>I soggetti cui si riferiscono i dati personali hanno il diritto in qualunque momento di ottenere la conferma dell\u2019esistenza o meno dei medesimi dati e di conoscerne il contenuto e l\u2019origine, verificarne l\u2019esattezza o chiederne l\u2019integrazione o l\u2019aggiornamento, oppure la rettificazione (art. 7 del d.lgs. n. 196\/2003).<\/p><p>Ai sensi del medesimo articolo si ha il diritto di chiedere la cancellazione, la trasformazione in forma anonima o il blocco dei dati trattati in violazione di legge, nonch\u00e9 di opporsi in ogni caso, per motivi legittimi, al loro trattamento.<\/p><p>Le richieste vanno rivolte a\u00a0Adimac srl.<\/p><p>P3P<\/p><p>La presente informativa sulla privacy \u00e8 consultabile in forma automatica dai pi\u00f9 recenti browser che implementano lo standard P3P (\"Platform for Privacy Preferences Project\") proposto dal World Wide Web Consortium (www.w3c.org).<\/p><p>Ogni sforzo verr\u00e0 fatto per rendere il pi\u00f9 possibile interoperabili le funzionalit\u00e0 di questo sito con i meccanismi di controllo automatico della privacy disponibili in alcuni prodotti utilizzati dagli utenti.<\/p><p>Considerando che lo stato di perfezionamento dei meccanismi automatici di controllo non li rende attualmente esenti da errori e disfunzioni, si precisa che il presente documento, costituisce la \u201cPrivacy Policy\u201d di questo sito che sar\u00e0 soggetta ad aggiornamenti<\/p><\/div><p>[\/et_pb_text][\/et_pb_column][\/et_pb_row][\/et_pb_section][et_pb_section bb_built=\"1\" admin_label=\"Sezione\" fullwidth=\"off\" specialty=\"off\"][et_pb_row admin_label=\"Riga\"][et_pb_column type=\"4_4\"][et_pb_mlfilterable_vending_pro admin_label=\"ML Filterable Vending Pro\" fullwidth=\"off\" orderby=\"date_desc\" show_title=\"on\" lightbox=\"off\" custom_url=\"off\" show_categories=\"off\" show_date=\"off\" show_excerpt=\"off\" show_more=\"off\" show_pagination=\"on\" background_layout=\"light\" title_font_size_tablet=\"51\" title_line_height_tablet=\"2\" caption_font_size_tablet=\"51\" caption_line_height_tablet=\"2\" filter_font_size_tablet=\"51\" filter_line_height_tablet=\"2\" use_border_color=\"off\" border_color=\"#ffffff\" border_style=\"solid\" \/][\/et_pb_column][\/et_pb_row][\/et_pb_section]<\/p>","_et_gb_content_width":"","footnotes":""},"class_list":["post-30247","page","type-page","status-publish","hentry"],"acf":[],"yoast_head":"<!-- This site is optimized with the Yoast SEO plugin v27.0 - https:\/\/yoast.com\/product\/yoast-seo-wordpress\/ -->\n<title>Politique de la qualit\u00e9 | Adimac<\/title>\n<meta name=\"robots\" content=\"index, follow, max-snippet:-1, max-image-preview:large, max-video-preview:-1\" \/>\n<link rel=\"canonical\" href=\"https:\/\/adimac.it\/fr\/politique-de-la-qualite\/\" \/>\n<meta property=\"og:locale\" content=\"fr_FR\" \/>\n<meta property=\"og:type\" content=\"article\" \/>\n<meta property=\"og:title\" content=\"Politique de la qualit\u00e9 | Adimac\" \/>\n<meta property=\"og:description\" content=\"Our company wants to adopt a \u201crisk based thinking\u201d Quality Policy, allowing us to: Establish a pro-active and not a reactive culture of the improvement, prevention must become a habit; Increase the satisfaction of our customers; Build a consistent base of knowledges and offer a major preparation; Increase the probability to reach the targets; Decrease [&hellip;]\" \/>\n<meta property=\"og:url\" content=\"https:\/\/adimac.it\/fr\/politique-de-la-qualite\/\" \/>\n<meta property=\"og:site_name\" content=\"Adimac\" \/>\n<meta property=\"article:modified_time\" content=\"2020-04-06T10:09:16+00:00\" \/>\n<meta name=\"twitter:card\" content=\"summary_large_image\" \/>\n<meta name=\"twitter:label1\" content=\"Dur\u00e9e de lecture estim\u00e9e\" \/>\n\t<meta name=\"twitter:data1\" content=\"2 minutes\" \/>\n<script type=\"application\/ld+json\" class=\"yoast-schema-graph\">{\"@context\":\"https:\/\/schema.org\",\"@graph\":[{\"@type\":\"WebPage\",\"@id\":\"https:\/\/adimac.it\/fr\/politique-de-la-qualite\/\",\"url\":\"https:\/\/adimac.it\/fr\/politique-de-la-qualite\/\",\"name\":\"Politique de la qualit\u00e9 | Adimac\",\"isPartOf\":{\"@id\":\"https:\/\/adimac.it\/#website\"},\"datePublished\":\"2017-05-09T15:02:16+00:00\",\"dateModified\":\"2020-04-06T10:09:16+00:00\",\"breadcrumb\":{\"@id\":\"https:\/\/adimac.it\/fr\/politique-de-la-qualite\/#breadcrumb\"},\"inLanguage\":\"fr-FR\",\"potentialAction\":[{\"@type\":\"ReadAction\",\"target\":[\"https:\/\/adimac.it\/fr\/politique-de-la-qualite\/\"]}]},{\"@type\":\"BreadcrumbList\",\"@id\":\"https:\/\/adimac.it\/fr\/politique-de-la-qualite\/#breadcrumb\",\"itemListElement\":[{\"@type\":\"ListItem\",\"position\":1,\"name\":\"Home\",\"item\":\"https:\/\/adimac.it\/fr\/\"},{\"@type\":\"ListItem\",\"position\":2,\"name\":\"Politique de la qualit\u00e9\"}]},{\"@type\":\"WebSite\",\"@id\":\"https:\/\/adimac.it\/#website\",\"url\":\"https:\/\/adimac.it\/\",\"name\":\"Adimac\",\"description\":\"Vending Machine\",\"potentialAction\":[{\"@type\":\"SearchAction\",\"target\":{\"@type\":\"EntryPoint\",\"urlTemplate\":\"https:\/\/adimac.it\/?s={search_term_string}\"},\"query-input\":{\"@type\":\"PropertyValueSpecification\",\"valueRequired\":true,\"valueName\":\"search_term_string\"}}],\"inLanguage\":\"fr-FR\"}]}<\/script>\n<!-- \/ Yoast SEO plugin. -->","yoast_head_json":{"title":"Politique de la qualit\u00e9 | Adimac","robots":{"index":"index","follow":"follow","max-snippet":"max-snippet:-1","max-image-preview":"max-image-preview:large","max-video-preview":"max-video-preview:-1"},"canonical":"https:\/\/adimac.it\/fr\/politique-de-la-qualite\/","og_locale":"fr_FR","og_type":"article","og_title":"Politique de la qualit\u00e9 | Adimac","og_description":"Our company wants to adopt a \u201crisk based thinking\u201d Quality Policy, allowing us to: Establish a pro-active and not a reactive culture of the improvement, prevention must become a habit; Increase the satisfaction of our customers; Build a consistent base of knowledges and offer a major preparation; Increase the probability to reach the targets; Decrease [&hellip;]","og_url":"https:\/\/adimac.it\/fr\/politique-de-la-qualite\/","og_site_name":"Adimac","article_modified_time":"2020-04-06T10:09:16+00:00","twitter_card":"summary_large_image","twitter_misc":{"Dur\u00e9e de lecture estim\u00e9e":"2 minutes"},"schema":{"@context":"https:\/\/schema.org","@graph":[{"@type":"WebPage","@id":"https:\/\/adimac.it\/fr\/politique-de-la-qualite\/","url":"https:\/\/adimac.it\/fr\/politique-de-la-qualite\/","name":"Politique de la qualit\u00e9 | Adimac","isPartOf":{"@id":"https:\/\/adimac.it\/#website"},"datePublished":"2017-05-09T15:02:16+00:00","dateModified":"2020-04-06T10:09:16+00:00","breadcrumb":{"@id":"https:\/\/adimac.it\/fr\/politique-de-la-qualite\/#breadcrumb"},"inLanguage":"fr-FR","potentialAction":[{"@type":"ReadAction","target":["https:\/\/adimac.it\/fr\/politique-de-la-qualite\/"]}]},{"@type":"BreadcrumbList","@id":"https:\/\/adimac.it\/fr\/politique-de-la-qualite\/#breadcrumb","itemListElement":[{"@type":"ListItem","position":1,"name":"Home","item":"https:\/\/adimac.it\/fr\/"},{"@type":"ListItem","position":2,"name":"Politique de la qualit\u00e9"}]},{"@type":"WebSite","@id":"https:\/\/adimac.it\/#website","url":"https:\/\/adimac.it\/","name":"Adimac","description":"Vending Machine","potentialAction":[{"@type":"SearchAction","target":{"@type":"EntryPoint","urlTemplate":"https:\/\/adimac.it\/?s={search_term_string}"},"query-input":{"@type":"PropertyValueSpecification","valueRequired":true,"valueName":"search_term_string"}}],"inLanguage":"fr-FR"}]}},"_links":{"self":[{"href":"https:\/\/adimac.it\/fr\/wp-json\/wp\/v2\/pages\/30247","targetHints":{"allow":["GET"]}}],"collection":[{"href":"https:\/\/adimac.it\/fr\/wp-json\/wp\/v2\/pages"}],"about":[{"href":"https:\/\/adimac.it\/fr\/wp-json\/wp\/v2\/types\/page"}],"author":[{"embeddable":true,"href":"https:\/\/adimac.it\/fr\/wp-json\/wp\/v2\/users\/1"}],"replies":[{"embeddable":true,"href":"https:\/\/adimac.it\/fr\/wp-json\/wp\/v2\/comments?post=30247"}],"version-history":[{"count":3,"href":"https:\/\/adimac.it\/fr\/wp-json\/wp\/v2\/pages\/30247\/revisions"}],"predecessor-version":[{"id":32993,"href":"https:\/\/adimac.it\/fr\/wp-json\/wp\/v2\/pages\/30247\/revisions\/32993"}],"wp:attachment":[{"href":"https:\/\/adimac.it\/fr\/wp-json\/wp\/v2\/media?parent=30247"}],"curies":[{"name":"wp","href":"https:\/\/api.w.org\/{rel}","templated":true}]}}