{"id":29852,"date":"2017-06-20T12:25:01","date_gmt":"2017-06-20T10:25:01","guid":{"rendered":"http:\/\/adimac.it\/produits\/"},"modified":"2020-01-23T17:34:43","modified_gmt":"2020-01-23T16:34:43","slug":"produits","status":"publish","type":"page","link":"https:\/\/adimac.it\/fr\/produits\/","title":{"rendered":"Produits"},"content":{"rendered":"<p>[et_pb_section fb_built=\u00a0\u00bb1&Prime; module_id=\u00a0\u00bbsnack\u00a0\u00bb module_class=\u00a0\u00bbcat-prodotti\u00a0\u00bb _builder_version=\u00a0\u00bb3.22&Prime; background_color=\u00a0\u00bbrgba(255,255,255,0)\u00a0\u00bb transparent_background=\u00a0\u00bbon\u00a0\u00bb make_fullwidth=\u00a0\u00bboff\u00a0\u00bb use_custom_width=\u00a0\u00bboff\u00a0\u00bb width_unit=\u00a0\u00bbon\u00a0\u00bb][et_pb_row _builder_version=\u00a0\u00bb3.25&Prime; background_size=\u00a0\u00bbinitial\u00a0\u00bb background_position=\u00a0\u00bbtop_left\u00a0\u00bb background_repeat=\u00a0\u00bbrepeat\u00a0\u00bb][et_pb_column type=\u00a0\u00bb4_4&Prime; _builder_version=\u00a0\u00bb3.25&Prime; custom_padding=\u00a0\u00bb|||\u00a0\u00bb custom_padding__hover=\u00a0\u00bb|||\u00a0\u00bb][et_pb_code _builder_version=\u00a0\u00bb4.2&Prime; hover_enabled=\u00a0\u00bb0&Prime;]\t[\/et_pb_code][\/et_pb_column][\/et_pb_row][\/et_pb_section][et_pb_section fb_built=\u00a0\u00bb1&Prime; custom_padding_last_edited=\u00a0\u00bbon|desktop\u00a0\u00bb admin_label=\u00a0\u00bbSection\u00a0\u00bb module_id=\u00a0\u00bbdotover\u00a0\u00bb _builder_version=\u00a0\u00bb3.22&Prime; background_image=\u00a0\u00bbhttps:\/\/adimac.it\/wp-content\/uploads\/2017\/04\/about-us.jpg\u00a0\u00bb custom_padding_tablet=\u00a0\u00bb50px|0|50px|0&Prime; custom_padding_phone=\u00a0\u00bb\u00a0\u00bb custom_css_after=\u00a0\u00bbcontent: %22%22;||background: url(&lsquo;https:\/\/www.infiniteimagination.com.au\/business\/wp-content\/uploads\/2016\/09\/texture.png&rsquo;) repeat;||top: 0;||left: 0;||bottom: 0;||right: 0;||position: absolute;||z-index: 1;||\u00a0\u00bb transparent_background=\u00a0\u00bboff\u00a0\u00bb padding_mobile=\u00a0\u00bboff\u00a0\u00bb make_fullwidth=\u00a0\u00bboff\u00a0\u00bb use_custom_width=\u00a0\u00bboff\u00a0\u00bb width_unit=\u00a0\u00bbon\u00a0\u00bb collapsed=\u00a0\u00bboff\u00a0\u00bb][et_pb_row padding_mobile=\u00a0\u00bboff\u00a0\u00bb column_padding_mobile=\u00a0\u00bbon\u00a0\u00bb custom_padding_last_edited=\u00a0\u00bbon|desktop\u00a0\u00bb admin_label=\u00a0\u00bbRow\u00a0\u00bb _builder_version=\u00a0\u00bb3.25&Prime; background_size=\u00a0\u00bbinitial\u00a0\u00bb background_position=\u00a0\u00bbtop_left\u00a0\u00bb background_repeat=\u00a0\u00bbrepeat\u00a0\u00bb custom_padding=\u00a0\u00bb3%||3%|\u00a0\u00bb custom_padding_tablet=\u00a0\u00bb\u00a0\u00bb custom_padding_phone=\u00a0\u00bb\u00a0\u00bb make_fullwidth=\u00a0\u00bboff\u00a0\u00bb use_custom_width=\u00a0\u00bboff\u00a0\u00bb width_unit=\u00a0\u00bbon\u00a0\u00bb column_structure=\u00a0\u00bb1_2,1_2&Prime;][et_pb_column type=\u00a0\u00bb1_2&Prime; _builder_version=\u00a0\u00bb3.25&Prime; custom_padding=\u00a0\u00bb|||\u00a0\u00bb custom_padding__hover=\u00a0\u00bb|||\u00a0\u00bb][\/et_pb_column][et_pb_column type=\u00a0\u00bb1_2&Prime; _builder_version=\u00a0\u00bb3.25&Prime; custom_padding=\u00a0\u00bb|||\u00a0\u00bb custom_padding__hover=\u00a0\u00bb|||\u00a0\u00bb][et_pb_cta button_url=\u00a0\u00bb\/produit-sur-mesure\u00a0\u00bb button_text=\u00a0\u00bbCommen\u00e7ons tout de suite\u00a0\u00bb admin_label=\u00a0\u00bbCTA Prodotti su misura\u00a0\u00bb module_id=\u00a0\u00bbtoptext\u00a0\u00bb _builder_version=\u00a0\u00bb3.21&Prime; header_font=\u00a0\u00bbOpen Sans|||on|\u00a0\u00bb header_text_color=\u00a0\u00bb#ffffff\u00a0\u00bb header_font_size=\u00a0\u00bb38&Prime; header_line_height=\u00a0\u00bb1.2em\u00a0\u00bb body_line_height=\u00a0\u00bb1.5em\u00a0\u00bb use_background_color=\u00a0\u00bboff\u00a0\u00bb background_size=\u00a0\u00bbinitial\u00a0\u00bb background_position=\u00a0\u00bbtop_left\u00a0\u00bb background_repeat=\u00a0\u00bbrepeat\u00a0\u00bb custom_button=\u00a0\u00bbon\u00a0\u00bb button_text_color=\u00a0\u00bb#ffffff\u00a0\u00bb button_bg_color=\u00a0\u00bbrgba(0,0,0,0)\u00a0\u00bb button_border_color=\u00a0\u00bb#ffffff\u00a0\u00bb button_letter_spacing=\u00a0\u00bb2&Prime; button_font=\u00a0\u00bbOswald|||on|\u00a0\u00bb button_icon=\u00a0\u00bb%%24%%\u00a0\u00bb header_font_size_tablet=\u00a0\u00bb34&Prime; header_font_size_phone=\u00a0\u00bb28&Prime; header_font_size_last_edited=\u00a0\u00bbon|phone\u00a0\u00bb button_text_size_tablet=\u00a0\u00bb\u00a0\u00bb button_text_size_phone=\u00a0\u00bb18&Prime; button_text_size_last_edited=\u00a0\u00bbon|desktop\u00a0\u00bb custom_css_main_element=\u00a0\u00bbposition: relative; z-index: 10;\u00a0\u00bb custom_css_promo_button=\u00a0\u00bbmargin-top: 30px;\u00a0\u00bb custom_css_promo_title=\u00a0\u00bbfont-weight: 800;\u00a0\u00bb button_text_color_hover=\u00a0\u00bb#ffffff\u00a0\u00bb button_border_color_hover=\u00a0\u00bbrgba(255,255,255,0)\u00a0\u00bb button_border_radius_hover=\u00a0\u00bb0&Prime; button_letter_spacing_hover=\u00a0\u00bb2&Prime; button_bg_color_hover=\u00a0\u00bbrgba(255,255,255,0.2)\u00a0\u00bb border_style=\u00a0\u00bbsolid\u00a0\u00bb button_text_size__hover_enabled=\u00a0\u00bboff\u00a0\u00bb button_text_size__hover=\u00a0\u00bbnull\u00a0\u00bb button_one_text_size__hover_enabled=\u00a0\u00bboff\u00a0\u00bb button_one_text_size__hover=\u00a0\u00bbnull\u00a0\u00bb button_two_text_size__hover_enabled=\u00a0\u00bboff\u00a0\u00bb button_two_text_size__hover=\u00a0\u00bbnull\u00a0\u00bb button_text_color__hover_enabled=\u00a0\u00bbon\u00a0\u00bb button_text_color__hover=\u00a0\u00bb#ffffff\u00a0\u00bb button_one_text_color__hover_enabled=\u00a0\u00bboff\u00a0\u00bb button_one_text_color__hover=\u00a0\u00bbnull\u00a0\u00bb button_two_text_color__hover_enabled=\u00a0\u00bboff\u00a0\u00bb button_two_text_color__hover=\u00a0\u00bbnull\u00a0\u00bb button_border_width__hover_enabled=\u00a0\u00bboff\u00a0\u00bb button_border_width__hover=\u00a0\u00bbnull\u00a0\u00bb button_one_border_width__hover_enabled=\u00a0\u00bboff\u00a0\u00bb button_one_border_width__hover=\u00a0\u00bbnull\u00a0\u00bb button_two_border_width__hover_enabled=\u00a0\u00bboff\u00a0\u00bb button_two_border_width__hover=\u00a0\u00bbnull\u00a0\u00bb button_border_color__hover_enabled=\u00a0\u00bbon\u00a0\u00bb button_border_color__hover=\u00a0\u00bbrgba(255,255,255,0)\u00a0\u00bb button_one_border_color__hover_enabled=\u00a0\u00bboff\u00a0\u00bb button_one_border_color__hover=\u00a0\u00bbnull\u00a0\u00bb button_two_border_color__hover_enabled=\u00a0\u00bboff\u00a0\u00bb button_two_border_color__hover=\u00a0\u00bbnull\u00a0\u00bb button_border_radius__hover_enabled=\u00a0\u00bbon\u00a0\u00bb button_border_radius__hover=\u00a0\u00bb0&Prime; button_one_border_radius__hover_enabled=\u00a0\u00bboff\u00a0\u00bb button_one_border_radius__hover=\u00a0\u00bbnull\u00a0\u00bb button_two_border_radius__hover_enabled=\u00a0\u00bboff\u00a0\u00bb button_two_border_radius__hover=\u00a0\u00bbnull\u00a0\u00bb button_letter_spacing__hover_enabled=\u00a0\u00bbon\u00a0\u00bb button_letter_spacing__hover=\u00a0\u00bb2&Prime; button_one_letter_spacing__hover_enabled=\u00a0\u00bboff\u00a0\u00bb button_one_letter_spacing__hover=\u00a0\u00bbnull\u00a0\u00bb button_two_letter_spacing__hover_enabled=\u00a0\u00bboff\u00a0\u00bb button_two_letter_spacing__hover=\u00a0\u00bbnull\u00a0\u00bb button_bg_color__hover_enabled=\u00a0\u00bbon\u00a0\u00bb button_bg_color__hover=\u00a0\u00bbrgba(255,255,255,0.2)\u00a0\u00bb button_one_bg_color__hover_enabled=\u00a0\u00bboff\u00a0\u00bb button_one_bg_color__hover=\u00a0\u00bbnull\u00a0\u00bb button_two_bg_color__hover_enabled=\u00a0\u00bboff\u00a0\u00bb button_two_bg_color__hover=\u00a0\u00bbnull\u00a0\u00bb]<\/p>\n<h2>On transforme ta <span style=\"color: #fcbf00;\">vision<\/span> en r\u00e9alit\u00e9.<\/h2>\n<p>Avez-vous une id\u00e9e originale ou un produit inhabituel que vous voudriez distribuer avec une vending machine?<br \/>\nNous pouvons construir votre distributeur automatique pour satisfaire vos exigences.<\/p>\n<p>[\/et_pb_cta][\/et_pb_column][\/et_pb_row][\/et_pb_section][et_pb_section fb_built=\u00a0\u00bb1&Prime; admin_label=\u00a0\u00bbSection\u00a0\u00bb _builder_version=\u00a0\u00bb3.22&Prime; transparent_background=\u00a0\u00bboff\u00a0\u00bb make_fullwidth=\u00a0\u00bboff\u00a0\u00bb use_custom_width=\u00a0\u00bboff\u00a0\u00bb width_unit=\u00a0\u00bbon\u00a0\u00bb collapsed=\u00a0\u00bboff\u00a0\u00bb][et_pb_row padding_mobile=\u00a0\u00bboff\u00a0\u00bb column_padding_mobile=\u00a0\u00bbon\u00a0\u00bb admin_label=\u00a0\u00bbRow\u00a0\u00bb module_class=\u00a0\u00bbblurb-quadrati \u00a0\u00bb _builder_version=\u00a0\u00bb3.25&Prime; background_size=\u00a0\u00bbinitial\u00a0\u00bb background_position=\u00a0\u00bbtop_left\u00a0\u00bb background_repeat=\u00a0\u00bbrepeat\u00a0\u00bb make_fullwidth=\u00a0\u00bboff\u00a0\u00bb use_custom_width=\u00a0\u00bboff\u00a0\u00bb width_unit=\u00a0\u00bbon\u00a0\u00bb column_structure=\u00a0\u00bb1_3,1_3,1_3&Prime;][et_pb_column type=\u00a0\u00bb1_3&Prime; _builder_version=\u00a0\u00bb3.25&Prime; custom_padding=\u00a0\u00bb|||\u00a0\u00bb custom_padding__hover=\u00a0\u00bb|||\u00a0\u00bb][et_pb_cta button_url=\u00a0\u00bb\/personnalisations-services\/\u00a0\u00bb button_text=\u00a0\u00bbApprofondir\u00a0\u00bb admin_label=\u00a0\u00bbI nostri Servizi\u00a0\u00bb _builder_version=\u00a0\u00bb3.16&Prime; header_font=\u00a0\u00bbOpen Sans|||on|\u00a0\u00bb header_text_color=\u00a0\u00bb#494949&Prime; header_font_size=\u00a0\u00bb38&Prime; header_line_height=\u00a0\u00bb1.4em\u00a0\u00bb body_font=\u00a0\u00bbOpen Sans||||\u00a0\u00bb body_text_color=\u00a0\u00bb#666666&Prime; body_font_size=\u00a0\u00bb16&Prime; body_line_height=\u00a0\u00bb1.5em\u00a0\u00bb use_background_color=\u00a0\u00bboff\u00a0\u00bb background_size=\u00a0\u00bbinitial\u00a0\u00bb background_position=\u00a0\u00bbtop_left\u00a0\u00bb background_repeat=\u00a0\u00bbrepeat\u00a0\u00bb button_icon=\u00a0\u00bb%%24%%\u00a0\u00bb text_orientation=\u00a0\u00bbleft\u00a0\u00bb background_layout=\u00a0\u00bblight\u00a0\u00bb custom_margin=\u00a0\u00bb||0px|\u00a0\u00bb custom_padding=\u00a0\u00bb||0px|\u00a0\u00bb header_font_size_tablet=\u00a0\u00bb36&Prime; header_font_size_phone=\u00a0\u00bb30&Prime; header_font_size_last_edited=\u00a0\u00bbon|desktop\u00a0\u00bb custom_css_promo_title=\u00a0\u00bbfont-weight:800;\u00a0\u00bb button_text_color_hover=\u00a0\u00bb#2b2c2a\u00a0\u00bb button_border_color_hover=\u00a0\u00bb#2b2c2a\u00a0\u00bb button_border_radius_hover=\u00a0\u00bb0&Prime; button_letter_spacing_hover=\u00a0\u00bb2&Prime; button_bg_color_hover=\u00a0\u00bbrgba(0,0,0,0)\u00a0\u00bb border_style=\u00a0\u00bbsolid\u00a0\u00bb button_text_size__hover_enabled=\u00a0\u00bboff\u00a0\u00bb button_text_size__hover=\u00a0\u00bbnull\u00a0\u00bb button_one_text_size__hover_enabled=\u00a0\u00bboff\u00a0\u00bb button_one_text_size__hover=\u00a0\u00bbnull\u00a0\u00bb button_two_text_size__hover_enabled=\u00a0\u00bboff\u00a0\u00bb button_two_text_size__hover=\u00a0\u00bbnull\u00a0\u00bb button_text_color__hover_enabled=\u00a0\u00bbon\u00a0\u00bb button_text_color__hover=\u00a0\u00bb#2b2c2a\u00a0\u00bb button_one_text_color__hover_enabled=\u00a0\u00bboff\u00a0\u00bb button_one_text_color__hover=\u00a0\u00bbnull\u00a0\u00bb button_two_text_color__hover_enabled=\u00a0\u00bboff\u00a0\u00bb button_two_text_color__hover=\u00a0\u00bbnull\u00a0\u00bb button_border_width__hover_enabled=\u00a0\u00bboff\u00a0\u00bb button_border_width__hover=\u00a0\u00bbnull\u00a0\u00bb button_one_border_width__hover_enabled=\u00a0\u00bboff\u00a0\u00bb button_one_border_width__hover=\u00a0\u00bbnull\u00a0\u00bb button_two_border_width__hover_enabled=\u00a0\u00bboff\u00a0\u00bb button_two_border_width__hover=\u00a0\u00bbnull\u00a0\u00bb button_border_color__hover_enabled=\u00a0\u00bbon\u00a0\u00bb button_border_color__hover=\u00a0\u00bb#2b2c2a\u00a0\u00bb button_one_border_color__hover_enabled=\u00a0\u00bboff\u00a0\u00bb button_one_border_color__hover=\u00a0\u00bbnull\u00a0\u00bb button_two_border_color__hover_enabled=\u00a0\u00bboff\u00a0\u00bb button_two_border_color__hover=\u00a0\u00bbnull\u00a0\u00bb button_border_radius__hover_enabled=\u00a0\u00bbon\u00a0\u00bb button_border_radius__hover=\u00a0\u00bb0&Prime; button_one_border_radius__hover_enabled=\u00a0\u00bboff\u00a0\u00bb button_one_border_radius__hover=\u00a0\u00bbnull\u00a0\u00bb button_two_border_radius__hover_enabled=\u00a0\u00bboff\u00a0\u00bb button_two_border_radius__hover=\u00a0\u00bbnull\u00a0\u00bb button_letter_spacing__hover_enabled=\u00a0\u00bbon\u00a0\u00bb button_letter_spacing__hover=\u00a0\u00bb2&Prime; button_one_letter_spacing__hover_enabled=\u00a0\u00bboff\u00a0\u00bb button_one_letter_spacing__hover=\u00a0\u00bbnull\u00a0\u00bb button_two_letter_spacing__hover_enabled=\u00a0\u00bboff\u00a0\u00bb button_two_letter_spacing__hover=\u00a0\u00bbnull\u00a0\u00bb button_bg_color__hover_enabled=\u00a0\u00bbon\u00a0\u00bb button_bg_color__hover=\u00a0\u00bbrgba(0,0,0,0)\u00a0\u00bb button_one_bg_color__hover_enabled=\u00a0\u00bboff\u00a0\u00bb button_one_bg_color__hover=\u00a0\u00bbnull\u00a0\u00bb button_two_bg_color__hover_enabled=\u00a0\u00bboff\u00a0\u00bb button_two_bg_color__hover=\u00a0\u00bbnull\u00a0\u00bb]<\/p>\n<h2>Nos <span style=\"color: #ed1849;\">Services<\/span><\/h2>\n<p><em><strong>De la production \u00e0 l&rsquo;installation, en passant par une vraie personnalisation.<br \/>\nAdimac, ton alli\u00e9 vers une distribution 24\/7<\/strong><\/em><\/p>\n<p>Contactez-nous sans engagement pour conna\u00eetre la liste de prix de nos distributeurs \u00e0 catalogue, ou pour avoir un devis pour une machine \u00e9tudi\u00e9e pour vos produits.<\/p>\n<p>[\/et_pb_cta][\/et_pb_column][et_pb_column type=\u00a0\u00bb1_3&Prime; _builder_version=\u00a0\u00bb3.25&Prime; custom_padding=\u00a0\u00bb|||\u00a0\u00bb custom_padding__hover=\u00a0\u00bb|||\u00a0\u00bb][et_pb_blurb title=\u00a0\u00bbPersonnalisation du distributeur\u00a0\u00bb image=\u00a0\u00bbhttps:\/\/adimac.it\/wp-content\/uploads\/2018\/12\/v.jpg\u00a0\u00bb icon_placement=\u00a0\u00bbleft\u00a0\u00bb icon_font_size=\u00a0\u00bb22&Prime; icon_font_size_tablet=\u00a0\u00bb\u00a0\u00bb icon_font_size_phone=\u00a0\u00bb\u00a0\u00bb icon_font_size_last_edited=\u00a0\u00bbon|desktop\u00a0\u00bb admin_label=\u00a0\u00bbPersonnalisation du distributeur\u00a0\u00bb _builder_version=\u00a0\u00bb3.21&Prime; header_font=\u00a0\u00bbOpen Sans|||on|\u00a0\u00bb header_text_color=\u00a0\u00bb#494949&Prime; header_font_size=\u00a0\u00bb20&Prime; header_line_height=\u00a0\u00bb1.2em\u00a0\u00bb body_font=\u00a0\u00bbOpen Sans||||\u00a0\u00bb body_text_color=\u00a0\u00bb#666666&Prime; body_line_height=\u00a0\u00bb1.5em\u00a0\u00bb background_size=\u00a0\u00bbinitial\u00a0\u00bb background_position=\u00a0\u00bbtop_left\u00a0\u00bb background_repeat=\u00a0\u00bbrepeat\u00a0\u00bb max_width_tablet=\u00a0\u00bb50px\u00a0\u00bb custom_css_blurb_title=\u00a0\u00bbfont-weight:800;||border-style: solid;||border-color: #aeafaf;||border-left-width: 1px;||padding: 0px 0px 0px 8px;||margin-left: -10px;\u00a0\u00bb]<\/p>\n<p>Nous personnalisons votre distributeur automatique \u00e0 niveau esth\u00e9tique et fonctionnel: Graphique, configuration des plateaux, syst\u00e8mes de paiement et accessoires d&#8217;embellissement.<\/p>\n<p>[\/et_pb_blurb][et_pb_blurb title=\u00a0\u00bbAssistance apr\u00e8s-vente\u00a0\u00bb image=\u00a0\u00bbhttps:\/\/adimac.it\/wp-content\/uploads\/2018\/12\/v.jpg\u00a0\u00bb icon_placement=\u00a0\u00bbleft\u00a0\u00bb icon_font_size=\u00a0\u00bb22&Prime; icon_font_size_tablet=\u00a0\u00bb\u00a0\u00bb icon_font_size_phone=\u00a0\u00bb\u00a0\u00bb icon_font_size_last_edited=\u00a0\u00bbon|desktop\u00a0\u00bb admin_label=\u00a0\u00bbAssistance apr\u00e8s-vente\u00a0\u00bb _builder_version=\u00a0\u00bb3.21&Prime; header_font=\u00a0\u00bbOpen Sans|||on|\u00a0\u00bb header_text_color=\u00a0\u00bb#494949&Prime; header_font_size=\u00a0\u00bb20&Prime; header_line_height=\u00a0\u00bb1.2em\u00a0\u00bb body_font=\u00a0\u00bbOpen Sans||||\u00a0\u00bb body_text_color=\u00a0\u00bb#666666&Prime; body_line_height=\u00a0\u00bb1.5em\u00a0\u00bb background_size=\u00a0\u00bbinitial\u00a0\u00bb background_position=\u00a0\u00bbtop_left\u00a0\u00bb background_repeat=\u00a0\u00bbrepeat\u00a0\u00bb max_width_tablet=\u00a0\u00bb50px\u00a0\u00bb custom_css_blurb_title=\u00a0\u00bbfont-weight:800;||border-style: solid;||border-color: #aeafaf;||border-left-width: 1px;||padding: 0px 0px 0px 8px;||margin-left: -10px;\u00a0\u00bb]<\/p>\n<p>Adimac est aussi ton point de r\u00e9f\u00e9rence pour l&rsquo;<strong>assistance<\/strong> et la <strong>r\u00e9paration<\/strong>.<\/p>\n<p>[\/et_pb_blurb][\/et_pb_column][et_pb_column type=\u00a0\u00bb1_3&Prime; _builder_version=\u00a0\u00bb3.25&Prime; custom_padding=\u00a0\u00bb|||\u00a0\u00bb custom_padding__hover=\u00a0\u00bb|||\u00a0\u00bb][et_pb_blurb title=\u00a0\u00bbLocation\u00a0\u00bb image=\u00a0\u00bbhttps:\/\/adimac.it\/wp-content\/uploads\/2018\/12\/v.jpg\u00a0\u00bb icon_placement=\u00a0\u00bbleft\u00a0\u00bb icon_font_size=\u00a0\u00bb22&Prime; icon_font_size_tablet=\u00a0\u00bb\u00a0\u00bb icon_font_size_phone=\u00a0\u00bb\u00a0\u00bb icon_font_size_last_edited=\u00a0\u00bbon|desktop\u00a0\u00bb admin_label=\u00a0\u00bbLocation\u00a0\u00bb _builder_version=\u00a0\u00bb3.21&Prime; header_font=\u00a0\u00bbOpen Sans|||on|\u00a0\u00bb header_text_color=\u00a0\u00bb#494949&Prime; header_font_size=\u00a0\u00bb20&Prime; header_line_height=\u00a0\u00bb1.2em\u00a0\u00bb body_font=\u00a0\u00bbOpen Sans||||\u00a0\u00bb body_text_color=\u00a0\u00bb#666666&Prime; body_line_height=\u00a0\u00bb1.5em\u00a0\u00bb background_size=\u00a0\u00bbinitial\u00a0\u00bb background_position=\u00a0\u00bbtop_left\u00a0\u00bb background_repeat=\u00a0\u00bbrepeat\u00a0\u00bb max_width_tablet=\u00a0\u00bb50px\u00a0\u00bb custom_css_blurb_title=\u00a0\u00bbfont-weight:800;||border-style: solid;||border-color: #aeafaf;||border-left-width: 1px;||padding: 0px 0px 0px 8px;||margin-left: -10px;\u00a0\u00bb]<\/p>\n<p>La location op\u00e9rative est une typologie de location qui permet d&rsquo;avoir les avantages d&rsquo;un distributeur automatique sans alourdir les bilans de votre entreprise.<\/p>\n<p>[\/et_pb_blurb][et_pb_blurb title=\u00a0\u00bbTransport &#038; Installation\u00a0\u00bb image=\u00a0\u00bbhttps:\/\/adimac.it\/wp-content\/uploads\/2018\/12\/v.jpg\u00a0\u00bb icon_placement=\u00a0\u00bbleft\u00a0\u00bb icon_font_size=\u00a0\u00bb22&Prime; icon_font_size_tablet=\u00a0\u00bb\u00a0\u00bb icon_font_size_phone=\u00a0\u00bb\u00a0\u00bb icon_font_size_last_edited=\u00a0\u00bbon|desktop\u00a0\u00bb admin_label=\u00a0\u00bbTrasporto e Installaizone\u00a0\u00bb _builder_version=\u00a0\u00bb3.21&Prime; header_font=\u00a0\u00bbOpen Sans|||on|\u00a0\u00bb header_text_color=\u00a0\u00bb#494949&Prime; header_font_size=\u00a0\u00bb20&Prime; header_line_height=\u00a0\u00bb1.2em\u00a0\u00bb body_font=\u00a0\u00bbOpen Sans||||\u00a0\u00bb body_text_color=\u00a0\u00bb#666666&Prime; body_line_height=\u00a0\u00bb1.5em\u00a0\u00bb background_size=\u00a0\u00bbinitial\u00a0\u00bb background_position=\u00a0\u00bbtop_left\u00a0\u00bb background_repeat=\u00a0\u00bbrepeat\u00a0\u00bb max_width_tablet=\u00a0\u00bb50px\u00a0\u00bb custom_css_blurb_title=\u00a0\u00bbfont-weight:800;||border-style: solid;||border-color: #aeafaf;||border-left-width: 1px;||padding: 0px 0px 0px 8px;||margin-left: -10px;\u00a0\u00bb]<\/p>\n<p>Pour vous garantir la meilleure qualit\u00e9 possible, nous nous occupons personnellement du transport et de l&rsquo;installation sur place.<\/p>\n<p>[\/et_pb_blurb][\/et_pb_column][\/et_pb_row][\/et_pb_section]<\/p>\n","protected":false},"excerpt":{"rendered":"<p>La ligne de produits Adimac pour ta pause snack &amp; drink. Ligne Chaud et Ligne Froid pour satisfaire toute exigence de charge et espace<\/p>\n","protected":false},"author":1,"featured_media":0,"parent":0,"menu_order":0,"comment_status":"closed","ping_status":"closed","template":"","meta":{"_acf_changed":false,"_et_pb_use_builder":"on","_et_pb_old_content":"","_et_gb_content_width":"","footnotes":""},"class_list":["post-29852","page","type-page","status-publish","hentry"],"acf":[],"yoast_head":"<!-- This site is optimized with the Yoast SEO plugin v27.0 - https:\/\/yoast.com\/product\/yoast-seo-wordpress\/ -->\n<title>Distribution Automatique: le distributeur pour vos exigences | Adimac<\/title>\n<meta name=\"description\" content=\"La ligne des distribution automatique Adimac pour ta pause snack &amp; drink. D\u00e9couvrez nos vending machines compl\u00e8tement personnalisables!\" \/>\n<meta name=\"robots\" content=\"index, follow, max-snippet:-1, max-image-preview:large, max-video-preview:-1\" \/>\n<link rel=\"canonical\" href=\"https:\/\/adimac.it\/fr\/produits\/\" \/>\n<meta property=\"og:locale\" content=\"fr_FR\" \/>\n<meta property=\"og:type\" content=\"article\" \/>\n<meta property=\"og:title\" content=\"Distribution Automatique: le distributeur pour vos exigences | Adimac\" \/>\n<meta property=\"og:description\" content=\"La ligne des distribution automatique Adimac pour ta pause snack &amp; drink. D\u00e9couvrez nos vending machines compl\u00e8tement personnalisables!\" \/>\n<meta property=\"og:url\" content=\"https:\/\/adimac.it\/fr\/produits\/\" \/>\n<meta property=\"og:site_name\" content=\"Adimac\" \/>\n<meta property=\"article:modified_time\" content=\"2020-01-23T16:34:43+00:00\" \/>\n<meta name=\"twitter:card\" content=\"summary_large_image\" \/>\n<meta name=\"twitter:label1\" content=\"Dur\u00e9e de lecture estim\u00e9e\" \/>\n\t<meta name=\"twitter:data1\" content=\"9 minutes\" \/>\n<script type=\"application\/ld+json\" class=\"yoast-schema-graph\">{\"@context\":\"https:\/\/schema.org\",\"@graph\":[{\"@type\":\"WebPage\",\"@id\":\"https:\/\/adimac.it\/fr\/produits\/\",\"url\":\"https:\/\/adimac.it\/fr\/produits\/\",\"name\":\"Distribution Automatique: le distributeur pour vos exigences | Adimac\",\"isPartOf\":{\"@id\":\"https:\/\/adimac.it\/#website\"},\"datePublished\":\"2017-06-20T10:25:01+00:00\",\"dateModified\":\"2020-01-23T16:34:43+00:00\",\"description\":\"La ligne des distribution automatique Adimac pour ta pause snack & drink. D\u00e9couvrez nos vending machines compl\u00e8tement personnalisables!\",\"breadcrumb\":{\"@id\":\"https:\/\/adimac.it\/fr\/produits\/#breadcrumb\"},\"inLanguage\":\"fr-FR\",\"potentialAction\":[{\"@type\":\"ReadAction\",\"target\":[\"https:\/\/adimac.it\/fr\/produits\/\"]}]},{\"@type\":\"BreadcrumbList\",\"@id\":\"https:\/\/adimac.it\/fr\/produits\/#breadcrumb\",\"itemListElement\":[{\"@type\":\"ListItem\",\"position\":1,\"name\":\"Home\",\"item\":\"https:\/\/adimac.it\/fr\/\"},{\"@type\":\"ListItem\",\"position\":2,\"name\":\"Produits\"}]},{\"@type\":\"WebSite\",\"@id\":\"https:\/\/adimac.it\/#website\",\"url\":\"https:\/\/adimac.it\/\",\"name\":\"Adimac\",\"description\":\"Vending Machine\",\"potentialAction\":[{\"@type\":\"SearchAction\",\"target\":{\"@type\":\"EntryPoint\",\"urlTemplate\":\"https:\/\/adimac.it\/?s={search_term_string}\"},\"query-input\":{\"@type\":\"PropertyValueSpecification\",\"valueRequired\":true,\"valueName\":\"search_term_string\"}}],\"inLanguage\":\"fr-FR\"}]}<\/script>\n<!-- \/ Yoast SEO plugin. -->","yoast_head_json":{"title":"Distribution Automatique: le distributeur pour vos exigences | Adimac","description":"La ligne des distribution automatique Adimac pour ta pause snack & drink. D\u00e9couvrez nos vending machines compl\u00e8tement personnalisables!","robots":{"index":"index","follow":"follow","max-snippet":"max-snippet:-1","max-image-preview":"max-image-preview:large","max-video-preview":"max-video-preview:-1"},"canonical":"https:\/\/adimac.it\/fr\/produits\/","og_locale":"fr_FR","og_type":"article","og_title":"Distribution Automatique: le distributeur pour vos exigences | Adimac","og_description":"La ligne des distribution automatique Adimac pour ta pause snack & drink. D\u00e9couvrez nos vending machines compl\u00e8tement personnalisables!","og_url":"https:\/\/adimac.it\/fr\/produits\/","og_site_name":"Adimac","article_modified_time":"2020-01-23T16:34:43+00:00","twitter_card":"summary_large_image","twitter_misc":{"Dur\u00e9e de lecture estim\u00e9e":"9 minutes"},"schema":{"@context":"https:\/\/schema.org","@graph":[{"@type":"WebPage","@id":"https:\/\/adimac.it\/fr\/produits\/","url":"https:\/\/adimac.it\/fr\/produits\/","name":"Distribution Automatique: le distributeur pour vos exigences | Adimac","isPartOf":{"@id":"https:\/\/adimac.it\/#website"},"datePublished":"2017-06-20T10:25:01+00:00","dateModified":"2020-01-23T16:34:43+00:00","description":"La ligne des distribution automatique Adimac pour ta pause snack & drink. D\u00e9couvrez nos vending machines compl\u00e8tement personnalisables!","breadcrumb":{"@id":"https:\/\/adimac.it\/fr\/produits\/#breadcrumb"},"inLanguage":"fr-FR","potentialAction":[{"@type":"ReadAction","target":["https:\/\/adimac.it\/fr\/produits\/"]}]},{"@type":"BreadcrumbList","@id":"https:\/\/adimac.it\/fr\/produits\/#breadcrumb","itemListElement":[{"@type":"ListItem","position":1,"name":"Home","item":"https:\/\/adimac.it\/fr\/"},{"@type":"ListItem","position":2,"name":"Produits"}]},{"@type":"WebSite","@id":"https:\/\/adimac.it\/#website","url":"https:\/\/adimac.it\/","name":"Adimac","description":"Vending Machine","potentialAction":[{"@type":"SearchAction","target":{"@type":"EntryPoint","urlTemplate":"https:\/\/adimac.it\/?s={search_term_string}"},"query-input":{"@type":"PropertyValueSpecification","valueRequired":true,"valueName":"search_term_string"}}],"inLanguage":"fr-FR"}]}},"_links":{"self":[{"href":"https:\/\/adimac.it\/fr\/wp-json\/wp\/v2\/pages\/29852","targetHints":{"allow":["GET"]}}],"collection":[{"href":"https:\/\/adimac.it\/fr\/wp-json\/wp\/v2\/pages"}],"about":[{"href":"https:\/\/adimac.it\/fr\/wp-json\/wp\/v2\/types\/page"}],"author":[{"embeddable":true,"href":"https:\/\/adimac.it\/fr\/wp-json\/wp\/v2\/users\/1"}],"replies":[{"embeddable":true,"href":"https:\/\/adimac.it\/fr\/wp-json\/wp\/v2\/comments?post=29852"}],"version-history":[{"count":24,"href":"https:\/\/adimac.it\/fr\/wp-json\/wp\/v2\/pages\/29852\/revisions"}],"predecessor-version":[{"id":32644,"href":"https:\/\/adimac.it\/fr\/wp-json\/wp\/v2\/pages\/29852\/revisions\/32644"}],"wp:attachment":[{"href":"https:\/\/adimac.it\/fr\/wp-json\/wp\/v2\/media?parent=29852"}],"curies":[{"name":"wp","href":"https:\/\/api.w.org\/{rel}","templated":true}]}}