{"id":29056,"date":"2017-04-20T10:41:13","date_gmt":"2017-04-20T08:41:13","guid":{"rendered":"http:\/\/adimac.it\/azienda\/"},"modified":"2020-01-23T15:53:13","modified_gmt":"2020-01-23T14:53:13","slug":"entreprise","status":"publish","type":"page","link":"https:\/\/adimac.it\/fr\/entreprise\/","title":{"rendered":"Entreprise"},"content":{"rendered":"<p>[et_pb_section fb_built=\u00a0\u00bb1&Prime; fullwidth=\u00a0\u00bbon\u00a0\u00bb admin_label=\u00a0\u00bbsection\u00a0\u00bb _builder_version=\u00a0\u00bb3.22&Prime;][et_pb_fullwidth_slider admin_label=\u00a0\u00bbFullwidth Slider\u00a0\u00bb _builder_version=\u00a0\u00bb3.16&Prime; custom_padding=\u00a0\u00bb|||\u00a0\u00bb custom_padding_tablet=\u00a0\u00bb|||\u00a0\u00bb custom_padding_phone=\u00a0\u00bb|||\u00a0\u00bb box_shadow_style=\u00a0\u00bbpreset6&Prime; box_shadow_blur=\u00a0\u00bb10px\u00a0\u00bb box_shadow_color=\u00a0\u00bbrgba(0,0,0,0.1)\u00a0\u00bb remove_inner_shadow=\u00a0\u00bboff\u00a0\u00bb hide_content_on_mobile=\u00a0\u00bboff\u00a0\u00bb hide_cta_on_mobile=\u00a0\u00bboff\u00a0\u00bb show_inner_shadow=\u00a0\u00bbon\u00a0\u00bb button_border_radius_hover=\u00a0\u00bb0&Prime; button_letter_spacing_hover=\u00a0\u00bb0&Prime; button_text_size__hover_enabled=\u00a0\u00bboff\u00a0\u00bb button_text_size__hover=\u00a0\u00bbnull\u00a0\u00bb button_one_text_size__hover_enabled=\u00a0\u00bboff\u00a0\u00bb button_one_text_size__hover=\u00a0\u00bbnull\u00a0\u00bb button_two_text_size__hover_enabled=\u00a0\u00bboff\u00a0\u00bb button_two_text_size__hover=\u00a0\u00bbnull\u00a0\u00bb button_text_color__hover_enabled=\u00a0\u00bboff\u00a0\u00bb button_text_color__hover=\u00a0\u00bbnull\u00a0\u00bb button_one_text_color__hover_enabled=\u00a0\u00bboff\u00a0\u00bb button_one_text_color__hover=\u00a0\u00bbnull\u00a0\u00bb button_two_text_color__hover_enabled=\u00a0\u00bboff\u00a0\u00bb button_two_text_color__hover=\u00a0\u00bbnull\u00a0\u00bb button_border_width__hover_enabled=\u00a0\u00bboff\u00a0\u00bb button_border_width__hover=\u00a0\u00bbnull\u00a0\u00bb button_one_border_width__hover_enabled=\u00a0\u00bboff\u00a0\u00bb button_one_border_width__hover=\u00a0\u00bbnull\u00a0\u00bb button_two_border_width__hover_enabled=\u00a0\u00bboff\u00a0\u00bb button_two_border_width__hover=\u00a0\u00bbnull\u00a0\u00bb button_border_color__hover_enabled=\u00a0\u00bboff\u00a0\u00bb button_border_color__hover=\u00a0\u00bbnull\u00a0\u00bb button_one_border_color__hover_enabled=\u00a0\u00bboff\u00a0\u00bb button_one_border_color__hover=\u00a0\u00bbnull\u00a0\u00bb button_two_border_color__hover_enabled=\u00a0\u00bboff\u00a0\u00bb button_two_border_color__hover=\u00a0\u00bbnull\u00a0\u00bb button_border_radius__hover_enabled=\u00a0\u00bbon\u00a0\u00bb button_border_radius__hover=\u00a0\u00bb0&Prime; button_one_border_radius__hover_enabled=\u00a0\u00bboff\u00a0\u00bb button_one_border_radius__hover=\u00a0\u00bbnull\u00a0\u00bb button_two_border_radius__hover_enabled=\u00a0\u00bboff\u00a0\u00bb button_two_border_radius__hover=\u00a0\u00bbnull\u00a0\u00bb button_letter_spacing__hover_enabled=\u00a0\u00bbon\u00a0\u00bb button_letter_spacing__hover=\u00a0\u00bb0&Prime; button_one_letter_spacing__hover_enabled=\u00a0\u00bboff\u00a0\u00bb button_one_letter_spacing__hover=\u00a0\u00bbnull\u00a0\u00bb button_two_letter_spacing__hover_enabled=\u00a0\u00bboff\u00a0\u00bb button_two_letter_spacing__hover=\u00a0\u00bbnull\u00a0\u00bb button_bg_color__hover_enabled=\u00a0\u00bboff\u00a0\u00bb button_bg_color__hover=\u00a0\u00bbnull\u00a0\u00bb button_one_bg_color__hover_enabled=\u00a0\u00bboff\u00a0\u00bb button_one_bg_color__hover=\u00a0\u00bbnull\u00a0\u00bb button_two_bg_color__hover_enabled=\u00a0\u00bboff\u00a0\u00bb button_two_bg_color__hover=\u00a0\u00bbnull\u00a0\u00bb][et_pb_slide heading=\u00a0\u00bbADIMAC\u00a0\u00bb use_bg_overlay=\u00a0\u00bboff\u00a0\u00bb use_text_overlay=\u00a0\u00bboff\u00a0\u00bb _builder_version=\u00a0\u00bb3.16&Prime; header_font=\u00a0\u00bb||||\u00a0\u00bb body_font=\u00a0\u00bb||||\u00a0\u00bb background_color=\u00a0\u00bb#ffffff\u00a0\u00bb background_image=\u00a0\u00bbhttps:\/\/adimac.it\/wp-content\/uploads\/2017\/04\/azienda2.jpg\u00a0\u00bb background_position=\u00a0\u00bbbottom_center\u00a0\u00bb button_icon_placement=\u00a0\u00bbright\u00a0\u00bb button_on_hover=\u00a0\u00bbon\u00a0\u00bb button_text_size__hover_enabled=\u00a0\u00bboff\u00a0\u00bb button_one_text_size__hover_enabled=\u00a0\u00bboff\u00a0\u00bb button_two_text_size__hover_enabled=\u00a0\u00bboff\u00a0\u00bb button_text_color__hover_enabled=\u00a0\u00bboff\u00a0\u00bb button_one_text_color__hover_enabled=\u00a0\u00bboff\u00a0\u00bb button_two_text_color__hover_enabled=\u00a0\u00bboff\u00a0\u00bb button_border_width__hover_enabled=\u00a0\u00bboff\u00a0\u00bb button_one_border_width__hover_enabled=\u00a0\u00bboff\u00a0\u00bb button_two_border_width__hover_enabled=\u00a0\u00bboff\u00a0\u00bb button_border_color__hover_enabled=\u00a0\u00bboff\u00a0\u00bb button_one_border_color__hover_enabled=\u00a0\u00bboff\u00a0\u00bb button_two_border_color__hover_enabled=\u00a0\u00bboff\u00a0\u00bb button_border_radius__hover_enabled=\u00a0\u00bboff\u00a0\u00bb button_one_border_radius__hover_enabled=\u00a0\u00bboff\u00a0\u00bb button_two_border_radius__hover_enabled=\u00a0\u00bboff\u00a0\u00bb button_letter_spacing__hover_enabled=\u00a0\u00bboff\u00a0\u00bb button_one_letter_spacing__hover_enabled=\u00a0\u00bboff\u00a0\u00bb button_two_letter_spacing__hover_enabled=\u00a0\u00bboff\u00a0\u00bb button_bg_color__hover_enabled=\u00a0\u00bboff\u00a0\u00bb button_one_bg_color__hover_enabled=\u00a0\u00bboff\u00a0\u00bb button_two_bg_color__hover_enabled=\u00a0\u00bboff\u00a0\u00bb]Vending Machines<br \/>\n[\/et_pb_slide][\/et_pb_fullwidth_slider][\/et_pb_section][et_pb_section fb_built=\u00a0\u00bb1&Prime; admin_label=\u00a0\u00bbsection\u00a0\u00bb _builder_version=\u00a0\u00bb3.22&Prime;][et_pb_row admin_label=\u00a0\u00bbrow\u00a0\u00bb _builder_version=\u00a0\u00bb4.2&Prime; background_size=\u00a0\u00bbinitial\u00a0\u00bb background_position=\u00a0\u00bbtop_left\u00a0\u00bb background_repeat=\u00a0\u00bbrepeat\u00a0\u00bb hover_enabled=\u00a0\u00bb0&Prime; make_fullwidth=\u00a0\u00bboff\u00a0\u00bb use_custom_width=\u00a0\u00bboff\u00a0\u00bb width_unit=\u00a0\u00bbon\u00a0\u00bb column_structure=\u00a0\u00bb1_4,1_4,1_4,1_4&Prime;][et_pb_column type=\u00a0\u00bb1_4&Prime; _builder_version=\u00a0\u00bb3.25&Prime; custom_padding=\u00a0\u00bb|||\u00a0\u00bb custom_padding__hover=\u00a0\u00bb|||\u00a0\u00bb][et_pb_blurb title=\u00a0\u00bb30 Ans d&rsquo;exp\u00e9rience\u00a0\u00bb image=\u00a0\u00bbhttps:\/\/adimac.it\/wp-content\/uploads\/2019\/04\/1-esperienza.jpg\u00a0\u00bb admin_label=\u00a0\u00bbBlurb\u00a0\u00bb _builder_version=\u00a0\u00bb3.21&Prime; background_size=\u00a0\u00bbinitial\u00a0\u00bb background_position=\u00a0\u00bbtop_left\u00a0\u00bb background_repeat=\u00a0\u00bbrepeat\u00a0\u00bb text_orientation=\u00a0\u00bbcenter\u00a0\u00bb max_width_tablet=\u00a0\u00bb50px\u00a0\u00bb]<\/p>\n<p>Solides dans le march\u00e9, depuis trente ans nous satisfaisons les exigences de nos cliente.<\/p>\n<p>[\/et_pb_blurb][\/et_pb_column][et_pb_column type=\u00a0\u00bb1_4&Prime; _builder_version=\u00a0\u00bb3.25&Prime; custom_padding=\u00a0\u00bb|||\u00a0\u00bb custom_padding__hover=\u00a0\u00bb|||\u00a0\u00bb][et_pb_blurb title=\u00a0\u00bbCertifi\u00e9s pour la Qualit\u00e9\u00a0\u00bb image=\u00a0\u00bbhttps:\/\/adimac.it\/wp-content\/uploads\/2019\/04\/2-certificati.jpg\u00a0\u00bb admin_label=\u00a0\u00bbBlurb\u00a0\u00bb _builder_version=\u00a0\u00bb3.21&Prime; background_size=\u00a0\u00bbinitial\u00a0\u00bb background_position=\u00a0\u00bbtop_left\u00a0\u00bb background_repeat=\u00a0\u00bbrepeat\u00a0\u00bb text_orientation=\u00a0\u00bbcenter\u00a0\u00bb max_width_tablet=\u00a0\u00bb50px\u00a0\u00bb]<\/p>\n<p>Nous avons un syst\u00e8me de qualit\u00e9 certifi\u00e9 selon le standard ISO 9001:2015 qui r\u00e8gle les projets et la production de distributeurs automatiques.<\/p>\n<p>[\/et_pb_blurb][\/et_pb_column][et_pb_column type=\u00a0\u00bb1_4&Prime; _builder_version=\u00a0\u00bb3.25&Prime; custom_padding=\u00a0\u00bb|||\u00a0\u00bb custom_padding__hover=\u00a0\u00bb|||\u00a0\u00bb][et_pb_blurb title=\u00a0\u00bbNous exportons dans le monde\u00a0\u00bb image=\u00a0\u00bbhttps:\/\/adimac.it\/wp-content\/uploads\/2019\/04\/3-esportiamo.jpg\u00a0\u00bb admin_label=\u00a0\u00bbBlurb\u00a0\u00bb _builder_version=\u00a0\u00bb3.21&Prime; background_size=\u00a0\u00bbinitial\u00a0\u00bb background_position=\u00a0\u00bbtop_left\u00a0\u00bb background_repeat=\u00a0\u00bbrepeat\u00a0\u00bb text_orientation=\u00a0\u00bbcenter\u00a0\u00bb max_width_tablet=\u00a0\u00bb50px\u00a0\u00bb]<\/p>\n<p>Nous exportons nos distributeurs automatiques dans le monde entier.<\/p>\n<p>[\/et_pb_blurb][\/et_pb_column][et_pb_column type=\u00a0\u00bb1_4&Prime; _builder_version=\u00a0\u00bb3.25&Prime; custom_padding=\u00a0\u00bb|||\u00a0\u00bb custom_padding__hover=\u00a0\u00bb|||\u00a0\u00bb][et_pb_blurb title=\u00a0\u00bbNous projetons int\u00e9rieurement\u00a0\u00bb image=\u00a0\u00bbhttps:\/\/adimac.it\/wp-content\/uploads\/2019\/04\/4-progettiamo.jpg\u00a0\u00bb admin_label=\u00a0\u00bbBlurb\u00a0\u00bb _builder_version=\u00a0\u00bb3.21&Prime; background_size=\u00a0\u00bbinitial\u00a0\u00bb background_position=\u00a0\u00bbtop_left\u00a0\u00bb background_repeat=\u00a0\u00bbrepeat\u00a0\u00bb text_orientation=\u00a0\u00bbcenter\u00a0\u00bb max_width_tablet=\u00a0\u00bb50px\u00a0\u00bb]<\/p>\n<p>La charpenterie interne nous permet de projeter et cr\u00e9es des distributeurs uniques pour satisfaire toute exigence du client.<\/p>\n<p>[\/et_pb_blurb][\/et_pb_column][\/et_pb_row][\/et_pb_section][et_pb_section fb_built=\u00a0\u00bb1&Prime; inner_shadow=\u00a0\u00bbon\u00a0\u00bb admin_label=\u00a0\u00bbsection\u00a0\u00bb _builder_version=\u00a0\u00bb3.22&Prime; background_color=\u00a0\u00bb#f7f7f7&Prime;][et_pb_row admin_label=\u00a0\u00bbrow\u00a0\u00bb _builder_version=\u00a0\u00bb3.25&Prime; background_size=\u00a0\u00bbinitial\u00a0\u00bb background_position=\u00a0\u00bbtop_left\u00a0\u00bb background_repeat=\u00a0\u00bbrepeat\u00a0\u00bb column_structure=\u00a0\u00bb1_3,2_3&Prime;][et_pb_column type=\u00a0\u00bb1_3&Prime; _builder_version=\u00a0\u00bb3.25&Prime; custom_padding=\u00a0\u00bb|||\u00a0\u00bb custom_padding__hover=\u00a0\u00bb|||\u00a0\u00bb][et_pb_text admin_label=\u00a0\u00bbText\u00a0\u00bb _builder_version=\u00a0\u00bb3.27.4&Prime; background_size=\u00a0\u00bbinitial\u00a0\u00bb background_position=\u00a0\u00bbtop_left\u00a0\u00bb background_repeat=\u00a0\u00bbrepeat\u00a0\u00bb border_style=\u00a0\u00bbsolid\u00a0\u00bb]<\/p>\n<h1>Notre histoire<\/h1>\n<p>ADIMAC depuis trente ans se propose comme fabricant dans le secteur du <strong>Vending <\/strong>en partant avec une petite famme de distributeurs automatiques.<\/p>\n<p>En 1994 le premier \u00e9largissement et en peu de temps nous conqu\u00e9rons de hauts niveaux, en perfectionnant le premier distributeur automatique Mini Mart et en d\u00e9veloppant notre gamme avec des nouvelles machines.<\/p>\n<p>[\/et_pb_text][\/et_pb_column][et_pb_column type=\u00a0\u00bb2_3&Prime; _builder_version=\u00a0\u00bb3.25&Prime; custom_padding=\u00a0\u00bb|||\u00a0\u00bb custom_padding__hover=\u00a0\u00bb|||\u00a0\u00bb][et_pb_counters bar_bg_color=\u00a0\u00bb#2ea3f2&Prime; admin_label=\u00a0\u00bbBar Counters\u00a0\u00bb _builder_version=\u00a0\u00bb3.0.87&Prime; custom_padding=\u00a0\u00bb|||\u00a0\u00bb custom_padding_tablet=\u00a0\u00bb|||\u00a0\u00bb custom_padding_phone=\u00a0\u00bb|||\u00a0\u00bb custom_padding_last_edited=\u00a0\u00bboff|desktop\u00a0\u00bb border_radii=\u00a0\u00bbon|0px|0px|0px|0px\u00a0\u00bb border_style=\u00a0\u00bbsolid\u00a0\u00bb border_radius=\u00a0\u00bb0&Prime;][et_pb_counter percent=\u00a0\u00bb97&Prime; _builder_version=\u00a0\u00bb3.0.47&Prime; background_color_default=\u00a0\u00bb#dddddd\u00a0\u00bb background_enable_color_default=\u00a0\u00bbon\u00a0\u00bb parallax_default=\u00a0\u00bboff\u00a0\u00bb parallax_method_default=\u00a0\u00bbon\u00a0\u00bb bar_background_color_default=\u00a0\u00bb#2ea3f2&Prime; use_percentages=\u00a0\u00bbon\u00a0\u00bb border_radius=\u00a0\u00bb0&Prime; allow_player_pause_default=\u00a0\u00bboff\u00a0\u00bb] Personnalisation de Vending Machines [\/et_pb_counter][et_pb_counter percent=\u00a0\u00bb95&Prime; _builder_version=\u00a0\u00bb3.0.47&Prime; background_color_default=\u00a0\u00bb#dddddd\u00a0\u00bb background_enable_color_default=\u00a0\u00bbon\u00a0\u00bb parallax_default=\u00a0\u00bboff\u00a0\u00bb parallax_method_default=\u00a0\u00bbon\u00a0\u00bb bar_background_color_default=\u00a0\u00bb#2ea3f2&Prime; use_percentages=\u00a0\u00bbon\u00a0\u00bb border_radius=\u00a0\u00bb0&Prime; allow_player_pause_default=\u00a0\u00bboff\u00a0\u00bb] Production de Distributeurs Automatiques [\/et_pb_counter][et_pb_counter percent=\u00a0\u00bb90&Prime; _builder_version=\u00a0\u00bb3.0.47&Prime; background_color_default=\u00a0\u00bb#dddddd\u00a0\u00bb background_enable_color_default=\u00a0\u00bbon\u00a0\u00bb parallax_default=\u00a0\u00bboff\u00a0\u00bb parallax_method_default=\u00a0\u00bbon\u00a0\u00bb bar_background_color_default=\u00a0\u00bb#2ea3f2&Prime; use_percentages=\u00a0\u00bbon\u00a0\u00bb border_radius=\u00a0\u00bb0&Prime; allow_player_pause_default=\u00a0\u00bboff\u00a0\u00bb] Vente de Distributeurs Automatiques [\/et_pb_counter][et_pb_counter percent=\u00a0\u00bb92&Prime; _builder_version=\u00a0\u00bb3.0.47&Prime; background_color_default=\u00a0\u00bb#dddddd\u00a0\u00bb background_enable_color_default=\u00a0\u00bbon\u00a0\u00bb parallax_default=\u00a0\u00bboff\u00a0\u00bb parallax_method_default=\u00a0\u00bbon\u00a0\u00bb bar_background_color_default=\u00a0\u00bb#2ea3f2&Prime; use_percentages=\u00a0\u00bbon\u00a0\u00bb border_radius=\u00a0\u00bb0&Prime; allow_player_pause_default=\u00a0\u00bboff\u00a0\u00bb] Satisfaction du Client [\/et_pb_counter][\/et_pb_counters][\/et_pb_column][\/et_pb_row][et_pb_row _builder_version=\u00a0\u00bb3.25&Prime; background_size=\u00a0\u00bbinitial\u00a0\u00bb background_position=\u00a0\u00bbtop_left\u00a0\u00bb background_repeat=\u00a0\u00bbrepeat\u00a0\u00bb column_structure=\u00a0\u00bb1_3,1_3,1_3&Prime;][et_pb_column type=\u00a0\u00bb1_3&Prime; _builder_version=\u00a0\u00bb3.25&Prime; custom_padding=\u00a0\u00bb|||\u00a0\u00bb custom_padding__hover=\u00a0\u00bb|||\u00a0\u00bb][et_pb_text admin_label=\u00a0\u00bbText\u00a0\u00bb _builder_version=\u00a0\u00bb3.27.4&Prime; background_size=\u00a0\u00bbinitial\u00a0\u00bb background_position=\u00a0\u00bbtop_left\u00a0\u00bb background_repeat=\u00a0\u00bbrepeat\u00a0\u00bb border_style=\u00a0\u00bbsolid\u00a0\u00bb]<\/p>\n<p>\nDepuis lors, notre gamme de distributeurs automatiques est remarquablement augment\u00e9e et aujourd&rsquo;hui nous avons une pr\u00e9sence consid\u00e9rable dans le march\u00e9 global du Vending, avec des revendeurs officiels sur nombreaux pays et avec une gamme de produits qui va des <strong>distributeurs automatiques de boissons chaudes et caf\u00e9<\/strong>, aux <strong>distributeurs \u00e0 spires de snacks, sandwiches, canettes et bouteilles<\/strong>, aux <strong>magasins automatiques<\/strong>.<\/p>\n<p>Apr\u00e8s 25 ans de passion et travail, nous avons une nouvelle image, un logo plus frais et des graphiques renouvel\u00e9es pour toute la gamme de nos distributeurs.<strong><br \/>\n<\/strong><\/p>\n<p>&nbsp;<\/p>\n<p>[\/et_pb_text][\/et_pb_column][et_pb_column type=\u00a0\u00bb1_3&Prime; _builder_version=\u00a0\u00bb3.25&Prime; custom_padding=\u00a0\u00bb|||\u00a0\u00bb custom_padding__hover=\u00a0\u00bb|||\u00a0\u00bb][et_pb_text admin_label=\u00a0\u00bbText\u00a0\u00bb _builder_version=\u00a0\u00bb3.27.4&Prime; background_size=\u00a0\u00bbinitial\u00a0\u00bb background_position=\u00a0\u00bbtop_left\u00a0\u00bb background_repeat=\u00a0\u00bbrepeat\u00a0\u00bb border_style=\u00a0\u00bbsolid\u00a0\u00bb]<\/p>\n<p>\n<strong>Une nouvelle image pour la qualit\u00e9 la fiabilit\u00e9 de toujours.<\/strong><\/p>\n<p>Mais ce n&rsquo;est pas encore tout: on s&rsquo;occupe de la production, vente et installation des distributeurs automatiques, mais nous sommes aussi ton point de r\u00e9f\u00e9rence pour l&rsquo;<strong>assistance<\/strong> et la <strong>r\u00e9paration<\/strong>, et nous pouvons satisfaire aussi toute exigence de <strong>personnalisation<\/strong>: chaque machine Adimac peut \u00eatre adapt\u00e9e \u00e0 tes n\u00e9cessit\u00e9s de vending et \u00e0 tes produits, de cette mani\u00e8re tu pourras cr\u00e9er ton magasin automatique 24h avec les distributeurs les plus diff\u00e9rents comme <strong>cigarettes et tabacs, alimentaires et p\u00e2tes, sandwiches, pizza, journaux, articles de premi\u00e8re n\u00e9cessit\u00e9 ou autre.<\/strong><\/p>\n<p>[\/et_pb_text][\/et_pb_column][et_pb_column type=\u00a0\u00bb1_3&Prime; _builder_version=\u00a0\u00bb3.25&Prime; custom_padding=\u00a0\u00bb|||\u00a0\u00bb custom_padding__hover=\u00a0\u00bb|||\u00a0\u00bb][\/et_pb_column][\/et_pb_row][\/et_pb_section][et_pb_section fb_built=\u00a0\u00bb1&Prime; disabled_on=\u00a0\u00bbon|on|on\u00a0\u00bb admin_label=\u00a0\u00bbsection\u00a0\u00bb _builder_version=\u00a0\u00bb3.22&Prime; disabled=\u00a0\u00bbon\u00a0\u00bb][et_pb_row admin_label=\u00a0\u00bbrow\u00a0\u00bb _builder_version=\u00a0\u00bb3.25&Prime; background_size=\u00a0\u00bbinitial\u00a0\u00bb background_position=\u00a0\u00bbtop_left\u00a0\u00bb background_repeat=\u00a0\u00bbrepeat\u00a0\u00bb column_structure=\u00a0\u00bb1_2,1_2&Prime;][et_pb_column type=\u00a0\u00bb1_2&Prime; _builder_version=\u00a0\u00bb3.25&Prime; custom_padding=\u00a0\u00bb|||\u00a0\u00bb custom_padding__hover=\u00a0\u00bb|||\u00a0\u00bb][et_pb_testimonial author=\u00a0\u00bbCliente1&Prime; company_name=\u00a0\u00bbAzienda\u00a0\u00bb _builder_version=\u00a0\u00bb3.2&Prime; background_size=\u00a0\u00bbinitial\u00a0\u00bb background_position=\u00a0\u00bbtop_left\u00a0\u00bb background_repeat=\u00a0\u00bbrepeat\u00a0\u00bb use_border_color=\u00a0\u00bboff\u00a0\u00bb border_color=\u00a0\u00bb#ffffff\u00a0\u00bb border_style=\u00a0\u00bbsolid\u00a0\u00bb]<\/p>\n<p>\nLorem ipsum dolor sit amet, consectetur adipiscing elit. Integer at enim in risus cursus ultrices. Etiam accumsan augue in enim consectetur pretium. Vestibulum lobortis ultricies facilisis. Phasellus non pulvinar ex, quis auctor purus. Quisque at arcu turpis. Aliquam erat volutpat. Sed porta, dui in maximus ultrices, justo purus efficitur ligula, et laoreet neque est dictum risus. Vivamus gravida nisi vel sodales auctor.<\/p>\n<p>[\/et_pb_testimonial][\/et_pb_column][et_pb_column type=\u00a0\u00bb1_2&Prime; _builder_version=\u00a0\u00bb3.25&Prime; custom_padding=\u00a0\u00bb|||\u00a0\u00bb custom_padding__hover=\u00a0\u00bb|||\u00a0\u00bb][et_pb_testimonial author=\u00a0\u00bbCliente2&Prime; company_name=\u00a0\u00bbAzienda\u00a0\u00bb _builder_version=\u00a0\u00bb3.2&Prime; background_size=\u00a0\u00bbinitial\u00a0\u00bb background_position=\u00a0\u00bbtop_left\u00a0\u00bb background_repeat=\u00a0\u00bbrepeat\u00a0\u00bb use_border_color=\u00a0\u00bboff\u00a0\u00bb border_color=\u00a0\u00bb#ffffff\u00a0\u00bb border_style=\u00a0\u00bbsolid\u00a0\u00bb]<\/p>\n<p>\nLorem ipsum dolor sit amet, consectetur adipiscing elit. Integer at enim in risus cursus ultrices. Etiam accumsan augue in enim consectetur pretium. Vestibulum lobortis ultricies facilisis. Phasellus non pulvinar ex, quis auctor purus. Quisque at arcu turpis. Aliquam erat volutpat. Sed porta, dui in maximus ultrices, justo purus efficitur ligula, et laoreet neque est dictum risus. Vivamus gravida nisi vel sodales auctor.<\/p>\n<p>[\/et_pb_testimonial][\/et_pb_column][\/et_pb_row][\/et_pb_section]<\/p>\n","protected":false},"excerpt":{"rendered":"<p>Adimac est une r\u00e9alit\u00e9 solide dans la production de Vending machines, qui peut satisfaire toute exigence de personnalisation<\/p>\n","protected":false},"author":1,"featured_media":0,"parent":0,"menu_order":0,"comment_status":"closed","ping_status":"closed","template":"","meta":{"_acf_changed":false,"_et_pb_use_builder":"on","_et_pb_old_content":"","_et_gb_content_width":"","footnotes":""},"class_list":["post-29056","page","type-page","status-publish","hentry"],"acf":[],"yoast_head":"<!-- This site is optimized with the Yoast SEO plugin v27.0 - https:\/\/yoast.com\/product\/yoast-seo-wordpress\/ -->\n<title>Adimac: une r\u00e9alit\u00e9 solide dans la production de vending machines<\/title>\n<meta name=\"description\" content=\"Adimac est une r\u00e9alit\u00e9 solide dans la production de Vending machines et elle peut satisfaire toute exigence de personnalisation.\" \/>\n<meta name=\"robots\" content=\"index, follow, max-snippet:-1, max-image-preview:large, max-video-preview:-1\" \/>\n<link rel=\"canonical\" href=\"https:\/\/adimac.it\/fr\/entreprise\/\" \/>\n<meta property=\"og:locale\" content=\"fr_FR\" \/>\n<meta property=\"og:type\" content=\"article\" \/>\n<meta property=\"og:title\" content=\"Azienda - Adimac una solid\u00e0 realt\u00e0 nella produzione di vending machines\" \/>\n<meta property=\"og:description\" content=\"Adimac est une r\u00e9alit\u00e9 solide dans la production de Vending machines et elle peut satisfaire toute exigence de personnalisation.\" \/>\n<meta property=\"og:url\" content=\"https:\/\/adimac.it\/fr\/entreprise\/\" \/>\n<meta property=\"og:site_name\" content=\"Adimac\" \/>\n<meta property=\"article:modified_time\" content=\"2020-01-23T14:53:13+00:00\" \/>\n<meta name=\"twitter:card\" content=\"summary_large_image\" \/>\n<meta name=\"twitter:label1\" content=\"Dur\u00e9e de lecture estim\u00e9e\" \/>\n\t<meta name=\"twitter:data1\" content=\"9 minutes\" \/>\n<script type=\"application\/ld+json\" class=\"yoast-schema-graph\">{\"@context\":\"https:\/\/schema.org\",\"@graph\":[{\"@type\":\"WebPage\",\"@id\":\"https:\/\/adimac.it\/fr\/entreprise\/\",\"url\":\"https:\/\/adimac.it\/fr\/entreprise\/\",\"name\":\"Adimac: une r\u00e9alit\u00e9 solide dans la production de vending machines\",\"isPartOf\":{\"@id\":\"https:\/\/adimac.it\/#website\"},\"datePublished\":\"2017-04-20T08:41:13+00:00\",\"dateModified\":\"2020-01-23T14:53:13+00:00\",\"description\":\"Adimac est une r\u00e9alit\u00e9 solide dans la production de Vending machines et elle peut satisfaire toute exigence de personnalisation.\",\"breadcrumb\":{\"@id\":\"https:\/\/adimac.it\/fr\/entreprise\/#breadcrumb\"},\"inLanguage\":\"fr-FR\",\"potentialAction\":[{\"@type\":\"ReadAction\",\"target\":[\"https:\/\/adimac.it\/fr\/entreprise\/\"]}]},{\"@type\":\"BreadcrumbList\",\"@id\":\"https:\/\/adimac.it\/fr\/entreprise\/#breadcrumb\",\"itemListElement\":[{\"@type\":\"ListItem\",\"position\":1,\"name\":\"Home\",\"item\":\"https:\/\/adimac.it\/fr\/\"},{\"@type\":\"ListItem\",\"position\":2,\"name\":\"Entreprise\"}]},{\"@type\":\"WebSite\",\"@id\":\"https:\/\/adimac.it\/#website\",\"url\":\"https:\/\/adimac.it\/\",\"name\":\"Adimac\",\"description\":\"Vending Machine\",\"potentialAction\":[{\"@type\":\"SearchAction\",\"target\":{\"@type\":\"EntryPoint\",\"urlTemplate\":\"https:\/\/adimac.it\/?s={search_term_string}\"},\"query-input\":{\"@type\":\"PropertyValueSpecification\",\"valueRequired\":true,\"valueName\":\"search_term_string\"}}],\"inLanguage\":\"fr-FR\"}]}<\/script>\n<!-- \/ Yoast SEO plugin. -->","yoast_head_json":{"title":"Adimac: une r\u00e9alit\u00e9 solide dans la production de vending machines","description":"Adimac est une r\u00e9alit\u00e9 solide dans la production de Vending machines et elle peut satisfaire toute exigence de personnalisation.","robots":{"index":"index","follow":"follow","max-snippet":"max-snippet:-1","max-image-preview":"max-image-preview:large","max-video-preview":"max-video-preview:-1"},"canonical":"https:\/\/adimac.it\/fr\/entreprise\/","og_locale":"fr_FR","og_type":"article","og_title":"Azienda - Adimac una solid\u00e0 realt\u00e0 nella produzione di vending machines","og_description":"Adimac est une r\u00e9alit\u00e9 solide dans la production de Vending machines et elle peut satisfaire toute exigence de personnalisation.","og_url":"https:\/\/adimac.it\/fr\/entreprise\/","og_site_name":"Adimac","article_modified_time":"2020-01-23T14:53:13+00:00","twitter_card":"summary_large_image","twitter_misc":{"Dur\u00e9e de lecture estim\u00e9e":"9 minutes"},"schema":{"@context":"https:\/\/schema.org","@graph":[{"@type":"WebPage","@id":"https:\/\/adimac.it\/fr\/entreprise\/","url":"https:\/\/adimac.it\/fr\/entreprise\/","name":"Adimac: une r\u00e9alit\u00e9 solide dans la production de vending machines","isPartOf":{"@id":"https:\/\/adimac.it\/#website"},"datePublished":"2017-04-20T08:41:13+00:00","dateModified":"2020-01-23T14:53:13+00:00","description":"Adimac est une r\u00e9alit\u00e9 solide dans la production de Vending machines et elle peut satisfaire toute exigence de personnalisation.","breadcrumb":{"@id":"https:\/\/adimac.it\/fr\/entreprise\/#breadcrumb"},"inLanguage":"fr-FR","potentialAction":[{"@type":"ReadAction","target":["https:\/\/adimac.it\/fr\/entreprise\/"]}]},{"@type":"BreadcrumbList","@id":"https:\/\/adimac.it\/fr\/entreprise\/#breadcrumb","itemListElement":[{"@type":"ListItem","position":1,"name":"Home","item":"https:\/\/adimac.it\/fr\/"},{"@type":"ListItem","position":2,"name":"Entreprise"}]},{"@type":"WebSite","@id":"https:\/\/adimac.it\/#website","url":"https:\/\/adimac.it\/","name":"Adimac","description":"Vending Machine","potentialAction":[{"@type":"SearchAction","target":{"@type":"EntryPoint","urlTemplate":"https:\/\/adimac.it\/?s={search_term_string}"},"query-input":{"@type":"PropertyValueSpecification","valueRequired":true,"valueName":"search_term_string"}}],"inLanguage":"fr-FR"}]}},"_links":{"self":[{"href":"https:\/\/adimac.it\/fr\/wp-json\/wp\/v2\/pages\/29056","targetHints":{"allow":["GET"]}}],"collection":[{"href":"https:\/\/adimac.it\/fr\/wp-json\/wp\/v2\/pages"}],"about":[{"href":"https:\/\/adimac.it\/fr\/wp-json\/wp\/v2\/types\/page"}],"author":[{"embeddable":true,"href":"https:\/\/adimac.it\/fr\/wp-json\/wp\/v2\/users\/1"}],"replies":[{"embeddable":true,"href":"https:\/\/adimac.it\/fr\/wp-json\/wp\/v2\/comments?post=29056"}],"version-history":[{"count":8,"href":"https:\/\/adimac.it\/fr\/wp-json\/wp\/v2\/pages\/29056\/revisions"}],"predecessor-version":[{"id":32631,"href":"https:\/\/adimac.it\/fr\/wp-json\/wp\/v2\/pages\/29056\/revisions\/32631"}],"wp:attachment":[{"href":"https:\/\/adimac.it\/fr\/wp-json\/wp\/v2\/media?parent=29056"}],"curies":[{"name":"wp","href":"https:\/\/api.w.org\/{rel}","templated":true}]}}