{"id":29315,"date":"2017-06-08T11:31:53","date_gmt":"2017-06-08T09:31:53","guid":{"rendered":"http:\/\/adimac.it\/terminos-y-condiciones\/"},"modified":"2020-12-21T10:27:48","modified_gmt":"2020-12-21T09:27:48","slug":"terminos-y-condiciones","status":"publish","type":"page","link":"https:\/\/adimac.it\/es\/terminos-y-condiciones\/","title":{"rendered":"T\u00e9rminos y condiciones"},"content":{"rendered":"<p>[et_pb_section fb_built=\u00bb1&#8243; admin_label=\u00bbsection\u00bb _builder_version=\u00bb3.22&#8243;][et_pb_row admin_label=\u00bbrow\u00bb _builder_version=\u00bb3.25&#8243; background_size=\u00bbinitial\u00bb background_position=\u00bbtop_left\u00bb background_repeat=\u00bbrepeat\u00bb][et_pb_column type=\u00bb4_4&#8243; _builder_version=\u00bb3.25&#8243; custom_padding=\u00bb|||\u00bb custom_padding__hover=\u00bb|||\u00bb][et_pb_post_title meta=\u00bboff\u00bb featured_image=\u00bboff\u00bb admin_label=\u00bbTitolo del Post\u00bb _builder_version=\u00bb3.0.87&#8243; parallax_effect=\u00bboff\u00bb use_border_color=\u00bboff\u00bb border_color=\u00bb#ffffff\u00bb border_style=\u00bbsolid\u00bb][\/et_pb_post_title][et_pb_text admin_label=\u00bbTesto\u00bb _builder_version=\u00bb4.2.2&#8243; background_size=\u00bbinitial\u00bb background_position=\u00bbtop_left\u00bb background_repeat=\u00bbrepeat\u00bb hover_enabled=\u00bb0&#8243; border_style=\u00bbsolid\u00bb]<\/p>\n<p>GENERAL SALES CONDITIONS<\/p>\n<p>1) ORDER<\/p>\n<p>a. The order is irrevocable.<\/p>\n<p>b. If the customer does not respect the commitment with the supplier, the supplier can ask for its specific execution, or he can consider the contract resolved with the payment of a penalty at customer&#8217;s charge for the amount of one third of the amount of the supply and the reimbursement of the expenses paid.<\/p>\n<p>2) PROPERTY RESERVE<\/p>\n<p>a. The sales with installments or postponed payments are accepted with reserve of property in favor of Nuova Inox S.r.l. until their full payment.<\/p>\n<p>b. From the moment of the delivery, the risks are at customer&#8217;s charge, which is the depositary of the supplied goods and must take care of them with attention and not make or let make to third people any act that can harm the warranty and the property right of the seller.<\/p>\n<p>c. The buyer is committed to communicate immediately to Nuova Inox S.r.l. any event that concerns the goods object of the property reserve, included the transfer in a different place of the delivery place of the original installation.<\/p>\n<p>d. If the goods supplied are object of foreclosure or sequestration from a third part, the buyer is obliged to inform the bailiff and Nuova Inox S.r.l. with a registered mail.<\/p>\n<p>3) DELIVERY<\/p>\n<p>a. The terms of delivery and shipment don&#8217;t commit the seller because they are indicative and start from the moment of the payment of the eventual advance payment required.<\/p>\n<p>b. When the supply has been done, any authorization needed from the authorities is to the customer&#8217;s charge, which must anyway pay the supply as agreed.<\/p>\n<p>c. The seller can delay or don&#8217;t make the supply in the case where there is an impeditive cause due to force majeure or not caused by the seller. In these cases, any compensation is due to the customer.<\/p>\n<p>d. The goods returned always travel at customer&#8217;s risk from the moment of the delivery to the driver.<\/p>\n<p>4) PRICE\/TERMS OF PAYMENT\/INTERESTS<\/p>\n<p>a. Promissory notes, authorized bills, transfers or agents are accepted with recourse and don&#8217;t replace the obligations committed with the order, even for what concerns the property reserve.<\/p>\n<p>b. The invoices are considered accepted if no contestation from the customer is received within eight days after their reception.<\/p>\n<p>c. The payment are valid (except for different written agreements) only if made directly to the seller. The seller can receive advance payments by bank transfers.<\/p>\n<p>d. In case of an accepted postponed payment or delay of the payment of these payments, the customer accepts to pay the interests in the measure of T.U.S. increased of 7 points from the day of the delay. In this case, the seller can ask for default indemnities and other rights like the reimbursement of the major damage.<\/p>\n<p>e. A payment delay determines the automatic cancellation of the potential discount applied on the price list.<\/p>\n<p>5) NON-FULFILMENT<\/p>\n<p>a. The payment delay constitutes (art. 1455 C.C.) serious non-fulfilment of the customer and gives to the seller the right to resolve the contract upon simple written request, without necessity of judges (art. 1456 C.C.)<\/p>\n<p>b. In case of contract resolution the seller can obtain, at customer&#8217;s expenses, the immediate delivery of the supplied goods withholding the amounts eventually already paid like advance payments or parts of payment, and the payment of one third of the residual amount and the reimbursement of the major damage (art. 1382 C.C.)<\/p>\n<p>c. In case of instalments, in case of payment of one instalment by the customer, the seller has the right to consider that this is lost from benefit of the term (art. 1186 C.C.) and to obtain immediately the payment of the price still due.<\/p>\n<p>6) WARRANTIES<\/p>\n<p>a. Complaints (art. 1495 and 1497 C.C.) regarding lacks and defects must be done immediately, within 8 days after the deliery, with registered mail to the seller&#8217;s office.<\/p>\n<p>b. The seller undertakes for 12 months after the delivery (except for different written agreements) to eliminate the defects of the goods (not caused by the customer or not caused by a wrong maintenance) in a free of charge way. Anyway, the cost of the manpower and the cost of the right of call remain at the customer&#8217;s charge. Any intervention made by people non-authorized by the seller implicates the loss of the warranty right. The service of warranty is strictly subordinated to the compliance of the commitments taken by the customer.<\/p>\n<p>c. Lamps, glass, electric and painted parts are not covered by the warranty. The replaced parts remain property of the seller.<\/p>\n<p>d. Any compensation or reimbursement is due for the possible period of stop of the machine during which the operations are made under warranty.<\/p>\n<p>7) TOLERANCE<\/p>\n<p>The technical data contained in catalogues and advertising material of the seller are approximate and subject to tolerance.<\/p>\n<p>8) PLACE OF JURISDICTION<\/p>\n<p>Any challenge regarding the performance, interpretation or any other dispute that may arise between the parties regarding these Conditions of Sale is subject to the exclusive jurisdiction of the Court of Vicenza.<\/p>\n<p>[\/et_pb_text][\/et_pb_column][\/et_pb_row][\/et_pb_section]<\/p>\n","protected":false},"excerpt":{"rendered":"<p>GENERAL SALES CONDITIONS 1) ORDER a. The order is irrevocable. b. If the customer does not respect the commitment with the supplier, the supplier can ask for its specific execution, or he can consider the contract resolved with the payment of a penalty at customer&#8217;s charge for the amount of one third of the amount [&hellip;]<\/p>\n","protected":false},"author":1,"featured_media":0,"parent":0,"menu_order":0,"comment_status":"closed","ping_status":"closed","template":"","meta":{"_acf_changed":false,"_et_pb_use_builder":"on","_et_pb_old_content":"<p>[et_pb_section bb_built=\"1\" admin_label=\"section\"][et_pb_row admin_label=\"row\"][et_pb_column type=\"4_4\"][et_pb_post_title admin_label=\"Titolo del Post\" title=\"on\" meta=\"off\" author=\"on\" date=\"on\" categories=\"on\" comments=\"on\" featured_image=\"off\" featured_placement=\"below\" parallax_effect=\"off\" parallax_method=\"on\" text_orientation=\"left\" text_color=\"dark\" text_background=\"off\" text_bg_color=\"rgba(255,255,255,0.9)\" use_border_color=\"off\" border_color=\"#ffffff\" border_style=\"solid\" \/][et_pb_text admin_label=\"Testo\" background_layout=\"light\" text_orientation=\"left\" use_border_color=\"off\" border_color=\"#ffffff\" border_style=\"solid\"]<\/p><div id=\"boxcontainer\"><p>In questa pagina si descrivono le modalit\u00e0 di gestione del sito in riferimento al trattamento dei dati personali degli utenti che lo consultano.<\/p><p>Si tratta di un\u2019informativa che \u00e8 resa anche ai sensi dell'art. 13 del d.lgs. n. 196\/2003 - Codice in materia di protezione dei dati personali a coloro che interagiscono con i servizi web di Adimac srl per la protezione dei dati personali, accessibili per via telematica a partire dall\u2019indirizzo:<\/p><p>http:\/\/www.garanteprivacy.it<\/p><p>corrispondente alla pagina iniziale del sito ufficiale dell\u2019Autorit\u00e0.<\/p><p>L\u2019informativa \u00e8 resa solo per il sito di Adimac srl e non anche per altri siti web eventualmente consultati dall\u2019utente tramite link.<\/p><p>L\u2019informativa si ispira anche alla Raccomandazione n. 2\/2001 che le autorit\u00e0 europee per la protezione dei dati personali, riunite nel Gruppo istituito dall\u2019art. 29 della direttiva n. 95\/46\/CE , hanno adottato il 17 maggio 2001 per individuare alcuni requisiti minimi per la raccolta di dati personali on-line, e, in particolare, le modalit\u00e0, i tempi e la natura delle informazioni che i titolari del trattamento devono fornire agli utenti quando questi si collegano a pagine web, indipendentemente dagli scopi del collegamento.<\/p><p>La Raccomandazione e una descrizione di sintesi delle sue finalit\u00e0 sono riportate in altre pagine di questo sito.<\/p><p>IL \u201cTITOLARE\u201d DEL TRATTAMENTO<\/p><p>A seguito della consultazione di questo sito possono essere trattati dati relativi a persone identificate o identificabili.<\/p><p>Il \u201ctitolare\u201d del loro trattamento \u00e8\u00a0Adimac\u00a0srl per la protezione dei dati personali, che ha sede in via dei Pini,42 - 36016 Thiene (VI)- Italy.<\/p><p>LUOGO DI TRATTAMENTO DEI DATI<\/p><p>I trattamenti connessi ai servizi web di questo sito hanno luogo presso la predetta sede di\u00a0Adimac srl e sono curati solo da personale tecnico dell\u2019Ufficio incaricato del trattamento, oppure da eventuali incaricati di occasionali operazioni di manutenzione.<\/p><p>Nessun dato derivante dal servizio web viene comunicato o diffuso.<\/p><p>I dati personali forniti dagli utenti che inoltrano richieste di invio di materiale informativo (bollettini, Cd-rom, newsletter, relazioni annuali, risposte a quesiti, atti e provvedimenti, ecc.) sono utilizzati al solo fine di eseguire il servizio o la prestazione richiesta e sono comunicati a terzi nel solo caso in cui ci\u00f2 sia a tal fine necessario .<\/p><p>TIPI DI DATI TRATTATI<\/p><p>Dati di navigazione<\/p><p>I sistemi informatici e le procedure software preposte al funzionamento di questo sito web acquisiscono, nel corso del loro normale esercizio, alcuni dati personali la cui trasmissione \u00e8 implicita nell\u2019uso dei protocolli di comunicazione di Internet.<\/p><p>Si tratta di informazioni che non sono raccolte per essere associate a interessati identificati, ma che per loro stessa natura potrebbero, attraverso elaborazioni ed associazioni con dati detenuti da terzi, permettere di identificare gli utenti.<\/p><p>In questa categoria di dati rientrano gli indirizzi IP o i nomi a dominio dei computer utilizzati dagli utenti che si connettono al sito, gli indirizzi in notazione URI (Uniform Resource Identifier) delle risorse richieste, l\u2019orario della richiesta, il metodo utilizzato nel sottoporre la richiesta al server, la dimensione del file ottenuto in risposta, il codice numerico indicante lo stato della risposta data dal server (buon fine, errore, ecc.) ed altri parametri relativi al sistema operativo e all\u2019ambiente informatico dell\u2019utente.<\/p><p>Questi dati vengono utilizzati al solo fine di ricavare informazioni statistiche anonime sull\u2019uso del sito e per controllarne il corretto funzionamento e vengono cancellati immediatamente dopo l\u2019elaborazione. I dati potrebbero essere utilizzati per l\u2019accertamento di responsabilit\u00e0 in caso di ipotetici reati informatici ai danni del sito: salva questa eventualit\u00e0, allo stato i dati sui contatti web non persistono per pi\u00f9 di sette giorni.<\/p><p>Dati forniti volontariamente dall\u2019utente<\/p><p>L\u2019invio facoltativo, esplicito e volontario di posta elettronica agli indirizzi indicati su questo sito comporta la successiva acquisizione dell\u2019indirizzo del mittente, necessario per rispondere alle richieste, nonch\u00e9 degli eventuali altri dati personali inseriti nella missiva.<\/p><p>Specifiche informative di sintesi verranno progressivamente riportate o visualizzate nelle pagine del sito predisposte per particolari servizi a richiesta.<\/p><p>COOKIES<\/p><p>Nessun dato personale degli utenti viene in proposito acquisito dal sito.<\/p><p>Non viene fatto uso di cookies per la trasmissione di informazioni di carattere personale, n\u00e9 vengono utilizzati c.d. cookies persistenti di alcun tipo, ovvero sistemi per il tracciamento degli utenti.<\/p><p>L\u2019uso di c.d. cookies di sessione (che non vengono memorizzati in modo persistente sul computer dell\u2019utente e svaniscono con la chiusura del browser) \u00e8 strettamente limitato alla trasmissione di identificativi di sessione (costituiti da numeri casuali generati dal server) necessari per consentire l\u2019esplorazione sicura ed efficiente del sito.<\/p><p>I c.d. cookies di sessione utilizzati in questo sito evitano il ricorso ad altre tecniche informatiche potenzialmente pregiudizievoli per la riservatezza della navigazione degli utenti e non consentono l\u2019acquisizione di dati personali identificativi dell\u2019utente.<\/p><p>FACOLTATIVITA\u2019 DEL CONFERIMENTO DEI DATI<\/p><p>A parte quanto specificato per i dati di navigazione, l\u2019utente \u00e8 libero di fornire i dati personali riportati nei moduli di richiesta al\u00a0Adimac srl o comunque indicati in contatti con l'Ufficio per sollecitare l\u2019invio di materiale informativo o di altre comunicazioni.<\/p><p>Il loro mancato conferimento pu\u00f2 comportare l\u2019impossibilit\u00e0 di ottenere quanto richiesto.<\/p><p>Per completezza va ricordato che in alcuni casi (non oggetto dell\u2019ordinaria gestione di questo sito) l\u2019Autorit\u00e0 pu\u00f2 richiedere notizie e informazioni ai sensi dell'art 157 del d.lgs. n. 196\/2003, ai fini del controllo sul trattamento dei dati personali. In questi casi la risposta \u00e8 obbligatoria a pena di sanzione amministrativa.<\/p><p>MODALITA\u2019 DEL TRATTAMENTO<\/p><p>I dati personali sono trattati con strumenti automatizzati per il tempo strettamente necessario a conseguire gli scopi per cui sono stati raccolti.<\/p><p>Specifiche misure di sicurezza sono osservate per prevenire la perdita dei dati, usi illeciti o non corretti ed accessi non autorizzati.<\/p><p>DIRITTI DEGLI INTERESSATI<\/p><p>I soggetti cui si riferiscono i dati personali hanno il diritto in qualunque momento di ottenere la conferma dell\u2019esistenza o meno dei medesimi dati e di conoscerne il contenuto e l\u2019origine, verificarne l\u2019esattezza o chiederne l\u2019integrazione o l\u2019aggiornamento, oppure la rettificazione (art. 7 del d.lgs. n. 196\/2003).<\/p><p>Ai sensi del medesimo articolo si ha il diritto di chiedere la cancellazione, la trasformazione in forma anonima o il blocco dei dati trattati in violazione di legge, nonch\u00e9 di opporsi in ogni caso, per motivi legittimi, al loro trattamento.<\/p><p>Le richieste vanno rivolte a\u00a0Adimac srl.<\/p><p>P3P<\/p><p>La presente informativa sulla privacy \u00e8 consultabile in forma automatica dai pi\u00f9 recenti browser che implementano lo standard P3P (\"Platform for Privacy Preferences Project\") proposto dal World Wide Web Consortium (www.w3c.org).<\/p><p>Ogni sforzo verr\u00e0 fatto per rendere il pi\u00f9 possibile interoperabili le funzionalit\u00e0 di questo sito con i meccanismi di controllo automatico della privacy disponibili in alcuni prodotti utilizzati dagli utenti.<\/p><p>Considerando che lo stato di perfezionamento dei meccanismi automatici di controllo non li rende attualmente esenti da errori e disfunzioni, si precisa che il presente documento, costituisce la \u201cPrivacy Policy\u201d di questo sito che sar\u00e0 soggetta ad aggiornamenti<\/p><\/div><p>[\/et_pb_text][\/et_pb_column][\/et_pb_row][\/et_pb_section][et_pb_section bb_built=\"1\" admin_label=\"Sezione\" fullwidth=\"off\" specialty=\"off\"][et_pb_row admin_label=\"Riga\"][et_pb_column type=\"4_4\"][et_pb_mlfilterable_vending_pro admin_label=\"ML Filterable Vending Pro\" fullwidth=\"off\" orderby=\"date_desc\" show_title=\"on\" lightbox=\"off\" custom_url=\"off\" show_categories=\"off\" show_date=\"off\" show_excerpt=\"off\" show_more=\"off\" show_pagination=\"on\" background_layout=\"light\" title_font_size_tablet=\"51\" title_line_height_tablet=\"2\" caption_font_size_tablet=\"51\" caption_line_height_tablet=\"2\" filter_font_size_tablet=\"51\" filter_line_height_tablet=\"2\" use_border_color=\"off\" border_color=\"#ffffff\" border_style=\"solid\" \/][\/et_pb_column][\/et_pb_row][\/et_pb_section]<\/p>","_et_gb_content_width":"","footnotes":""},"class_list":["post-29315","page","type-page","status-publish","hentry"],"acf":[],"yoast_head":"<!-- This site is optimized with the Yoast SEO plugin v27.0 - https:\/\/yoast.com\/product\/yoast-seo-wordpress\/ -->\n<title>T\u00e9rminos y condiciones | Adimac<\/title>\n<meta name=\"robots\" content=\"index, follow, max-snippet:-1, max-image-preview:large, max-video-preview:-1\" \/>\n<link rel=\"canonical\" href=\"https:\/\/adimac.it\/es\/terminos-y-condiciones\/\" \/>\n<meta property=\"og:locale\" content=\"es_ES\" \/>\n<meta property=\"og:type\" content=\"article\" \/>\n<meta property=\"og:title\" content=\"T\u00e9rminos y condiciones | Adimac\" \/>\n<meta property=\"og:description\" content=\"GENERAL SALES CONDITIONS 1) ORDER a. The order is irrevocable. b. If the customer does not respect the commitment with the supplier, the supplier can ask for its specific execution, or he can consider the contract resolved with the payment of a penalty at customer&#039;s charge for the amount of one third of the amount [&hellip;]\" \/>\n<meta property=\"og:url\" content=\"https:\/\/adimac.it\/es\/terminos-y-condiciones\/\" \/>\n<meta property=\"og:site_name\" content=\"Adimac\" \/>\n<meta property=\"article:modified_time\" content=\"2020-12-21T09:27:48+00:00\" \/>\n<meta name=\"twitter:card\" content=\"summary_large_image\" \/>\n<meta name=\"twitter:label1\" content=\"Tiempo de lectura\" \/>\n\t<meta name=\"twitter:data1\" content=\"5 minutos\" \/>\n<script type=\"application\/ld+json\" class=\"yoast-schema-graph\">{\"@context\":\"https:\/\/schema.org\",\"@graph\":[{\"@type\":\"WebPage\",\"@id\":\"https:\/\/adimac.it\/es\/terminos-y-condiciones\/\",\"url\":\"https:\/\/adimac.it\/es\/terminos-y-condiciones\/\",\"name\":\"T\u00e9rminos y condiciones | Adimac\",\"isPartOf\":{\"@id\":\"https:\/\/adimac.it\/#website\"},\"datePublished\":\"2017-06-08T09:31:53+00:00\",\"dateModified\":\"2020-12-21T09:27:48+00:00\",\"breadcrumb\":{\"@id\":\"https:\/\/adimac.it\/es\/terminos-y-condiciones\/#breadcrumb\"},\"inLanguage\":\"es\",\"potentialAction\":[{\"@type\":\"ReadAction\",\"target\":[\"https:\/\/adimac.it\/es\/terminos-y-condiciones\/\"]}]},{\"@type\":\"BreadcrumbList\",\"@id\":\"https:\/\/adimac.it\/es\/terminos-y-condiciones\/#breadcrumb\",\"itemListElement\":[{\"@type\":\"ListItem\",\"position\":1,\"name\":\"Home\",\"item\":\"https:\/\/adimac.it\/es\/\"},{\"@type\":\"ListItem\",\"position\":2,\"name\":\"T\u00e9rminos y condiciones\"}]},{\"@type\":\"WebSite\",\"@id\":\"https:\/\/adimac.it\/#website\",\"url\":\"https:\/\/adimac.it\/\",\"name\":\"Adimac\",\"description\":\"Vending Machine\",\"potentialAction\":[{\"@type\":\"SearchAction\",\"target\":{\"@type\":\"EntryPoint\",\"urlTemplate\":\"https:\/\/adimac.it\/?s={search_term_string}\"},\"query-input\":{\"@type\":\"PropertyValueSpecification\",\"valueRequired\":true,\"valueName\":\"search_term_string\"}}],\"inLanguage\":\"es\"}]}<\/script>\n<!-- \/ Yoast SEO plugin. -->","yoast_head_json":{"title":"T\u00e9rminos y condiciones | Adimac","robots":{"index":"index","follow":"follow","max-snippet":"max-snippet:-1","max-image-preview":"max-image-preview:large","max-video-preview":"max-video-preview:-1"},"canonical":"https:\/\/adimac.it\/es\/terminos-y-condiciones\/","og_locale":"es_ES","og_type":"article","og_title":"T\u00e9rminos y condiciones | Adimac","og_description":"GENERAL SALES CONDITIONS 1) ORDER a. The order is irrevocable. b. If the customer does not respect the commitment with the supplier, the supplier can ask for its specific execution, or he can consider the contract resolved with the payment of a penalty at customer's charge for the amount of one third of the amount [&hellip;]","og_url":"https:\/\/adimac.it\/es\/terminos-y-condiciones\/","og_site_name":"Adimac","article_modified_time":"2020-12-21T09:27:48+00:00","twitter_card":"summary_large_image","twitter_misc":{"Tiempo de lectura":"5 minutos"},"schema":{"@context":"https:\/\/schema.org","@graph":[{"@type":"WebPage","@id":"https:\/\/adimac.it\/es\/terminos-y-condiciones\/","url":"https:\/\/adimac.it\/es\/terminos-y-condiciones\/","name":"T\u00e9rminos y condiciones | Adimac","isPartOf":{"@id":"https:\/\/adimac.it\/#website"},"datePublished":"2017-06-08T09:31:53+00:00","dateModified":"2020-12-21T09:27:48+00:00","breadcrumb":{"@id":"https:\/\/adimac.it\/es\/terminos-y-condiciones\/#breadcrumb"},"inLanguage":"es","potentialAction":[{"@type":"ReadAction","target":["https:\/\/adimac.it\/es\/terminos-y-condiciones\/"]}]},{"@type":"BreadcrumbList","@id":"https:\/\/adimac.it\/es\/terminos-y-condiciones\/#breadcrumb","itemListElement":[{"@type":"ListItem","position":1,"name":"Home","item":"https:\/\/adimac.it\/es\/"},{"@type":"ListItem","position":2,"name":"T\u00e9rminos y condiciones"}]},{"@type":"WebSite","@id":"https:\/\/adimac.it\/#website","url":"https:\/\/adimac.it\/","name":"Adimac","description":"Vending Machine","potentialAction":[{"@type":"SearchAction","target":{"@type":"EntryPoint","urlTemplate":"https:\/\/adimac.it\/?s={search_term_string}"},"query-input":{"@type":"PropertyValueSpecification","valueRequired":true,"valueName":"search_term_string"}}],"inLanguage":"es"}]}},"_links":{"self":[{"href":"https:\/\/adimac.it\/es\/wp-json\/wp\/v2\/pages\/29315","targetHints":{"allow":["GET"]}}],"collection":[{"href":"https:\/\/adimac.it\/es\/wp-json\/wp\/v2\/pages"}],"about":[{"href":"https:\/\/adimac.it\/es\/wp-json\/wp\/v2\/types\/page"}],"author":[{"embeddable":true,"href":"https:\/\/adimac.it\/es\/wp-json\/wp\/v2\/users\/1"}],"replies":[{"embeddable":true,"href":"https:\/\/adimac.it\/es\/wp-json\/wp\/v2\/comments?post=29315"}],"version-history":[{"count":9,"href":"https:\/\/adimac.it\/es\/wp-json\/wp\/v2\/pages\/29315\/revisions"}],"predecessor-version":[{"id":33140,"href":"https:\/\/adimac.it\/es\/wp-json\/wp\/v2\/pages\/29315\/revisions\/33140"}],"wp:attachment":[{"href":"https:\/\/adimac.it\/es\/wp-json\/wp\/v2\/media?parent=29315"}],"curies":[{"name":"wp","href":"https:\/\/api.w.org\/{rel}","templated":true}]}}