{"id":29286,"date":"2017-06-07T16:21:48","date_gmt":"2017-06-07T14:21:48","guid":{"rendered":"http:\/\/adimac.it\/productos\/"},"modified":"2020-01-23T17:47:53","modified_gmt":"2020-01-23T16:47:53","slug":"productos","status":"publish","type":"page","link":"https:\/\/adimac.it\/es\/productos\/","title":{"rendered":"Productos"},"content":{"rendered":"<p>[et_pb_section fb_built=\u00bb1&#8243; module_id=\u00bbsnack\u00bb module_class=\u00bbcat-prodotti\u00bb _builder_version=\u00bb3.22&#8243; background_color=\u00bbrgba(255,255,255,0)\u00bb transparent_background=\u00bbon\u00bb make_fullwidth=\u00bboff\u00bb use_custom_width=\u00bboff\u00bb width_unit=\u00bbon\u00bb][et_pb_row _builder_version=\u00bb3.25&#8243; background_size=\u00bbinitial\u00bb background_position=\u00bbtop_left\u00bb background_repeat=\u00bbrepeat\u00bb][et_pb_column type=\u00bb4_4&#8243; _builder_version=\u00bb3.25&#8243; custom_padding=\u00bb|||\u00bb custom_padding__hover=\u00bb|||\u00bb][et_pb_code _builder_version=\u00bb4.2&#8243; hover_enabled=\u00bb0&#8243;]\t[\/et_pb_code][\/et_pb_column][\/et_pb_row][\/et_pb_section][et_pb_section fb_built=\u00bb1&#8243; custom_padding_last_edited=\u00bbon|desktop\u00bb admin_label=\u00bbSection\u00bb module_id=\u00bbdotover\u00bb _builder_version=\u00bb3.22&#8243; background_image=\u00bbhttps:\/\/adimac.it\/wp-content\/uploads\/2017\/04\/about-us.jpg\u00bb custom_padding_tablet=\u00bb50px|0|50px|0&#8243; custom_padding_phone=\u00bb\u00bb custom_css_after=\u00bbcontent: %22%22;||background: url(&#8216;https:\/\/www.infiniteimagination.com.au\/business\/wp-content\/uploads\/2016\/09\/texture.png&#8217;) repeat;||top: 0;||left: 0;||bottom: 0;||right: 0;||position: absolute;||z-index: 1;||\u00bb transparent_background=\u00bboff\u00bb padding_mobile=\u00bboff\u00bb make_fullwidth=\u00bboff\u00bb use_custom_width=\u00bboff\u00bb width_unit=\u00bbon\u00bb collapsed=\u00bboff\u00bb][et_pb_row padding_mobile=\u00bboff\u00bb column_padding_mobile=\u00bbon\u00bb custom_padding_last_edited=\u00bbon|desktop\u00bb admin_label=\u00bbRow\u00bb _builder_version=\u00bb3.25&#8243; background_size=\u00bbinitial\u00bb background_position=\u00bbtop_left\u00bb background_repeat=\u00bbrepeat\u00bb custom_padding=\u00bb3%||3%|\u00bb custom_padding_tablet=\u00bb\u00bb custom_padding_phone=\u00bb\u00bb make_fullwidth=\u00bboff\u00bb use_custom_width=\u00bboff\u00bb width_unit=\u00bbon\u00bb column_structure=\u00bb1_2,1_2&#8243;][et_pb_column type=\u00bb1_2&#8243; _builder_version=\u00bb3.25&#8243; custom_padding=\u00bb|||\u00bb custom_padding__hover=\u00bb|||\u00bb][\/et_pb_column][et_pb_column type=\u00bb1_2&#8243; _builder_version=\u00bb3.25&#8243; custom_padding=\u00bb|||\u00bb custom_padding__hover=\u00bb|||\u00bb][et_pb_cta button_url=\u00bb\/es\/productos-a-la-medida\/\u00bb button_text=\u00bb\u00a1Iniciamos enseguida!\u00bb admin_label=\u00bbCTA Prodotti su misura\u00bb module_id=\u00bbtoptext\u00bb _builder_version=\u00bb3.21&#8243; header_font=\u00bbOpen Sans|||on|\u00bb header_text_color=\u00bb#ffffff\u00bb header_font_size=\u00bb38&#8243; header_line_height=\u00bb1.2em\u00bb body_line_height=\u00bb1.5em\u00bb use_background_color=\u00bboff\u00bb background_size=\u00bbinitial\u00bb background_position=\u00bbtop_left\u00bb background_repeat=\u00bbrepeat\u00bb custom_button=\u00bbon\u00bb button_text_color=\u00bb#ffffff\u00bb button_bg_color=\u00bbrgba(0,0,0,0)\u00bb button_border_color=\u00bb#ffffff\u00bb button_letter_spacing=\u00bb2&#8243; button_font=\u00bbOswald|||on|\u00bb button_icon=\u00bb%%24%%\u00bb header_font_size_tablet=\u00bb34&#8243; header_font_size_phone=\u00bb28&#8243; header_font_size_last_edited=\u00bbon|phone\u00bb button_text_size_tablet=\u00bb\u00bb button_text_size_phone=\u00bb18&#8243; button_text_size_last_edited=\u00bbon|desktop\u00bb custom_css_main_element=\u00bbposition: relative; z-index: 10;\u00bb custom_css_promo_button=\u00bbmargin-top: 30px;\u00bb custom_css_promo_title=\u00bbfont-weight: 800;\u00bb button_text_size__hover_enabled=\u00bboff\u00bb button_text_size__hover=\u00bbnull\u00bb button_one_text_size__hover_enabled=\u00bboff\u00bb button_one_text_size__hover=\u00bbnull\u00bb button_two_text_size__hover_enabled=\u00bboff\u00bb button_two_text_size__hover=\u00bbnull\u00bb button_text_color__hover_enabled=\u00bbon\u00bb button_text_color__hover=\u00bb#ffffff\u00bb button_one_text_color__hover_enabled=\u00bboff\u00bb button_one_text_color__hover=\u00bbnull\u00bb button_two_text_color__hover_enabled=\u00bboff\u00bb button_two_text_color__hover=\u00bbnull\u00bb button_border_width__hover_enabled=\u00bboff\u00bb button_border_width__hover=\u00bbnull\u00bb button_one_border_width__hover_enabled=\u00bboff\u00bb button_one_border_width__hover=\u00bbnull\u00bb button_two_border_width__hover_enabled=\u00bboff\u00bb button_two_border_width__hover=\u00bbnull\u00bb button_border_color__hover_enabled=\u00bbon\u00bb button_border_color__hover=\u00bbrgba(255,255,255,0)\u00bb button_one_border_color__hover_enabled=\u00bboff\u00bb button_one_border_color__hover=\u00bbnull\u00bb button_two_border_color__hover_enabled=\u00bboff\u00bb button_two_border_color__hover=\u00bbnull\u00bb button_border_radius__hover_enabled=\u00bbon\u00bb button_border_radius__hover=\u00bb0&#8243; button_one_border_radius__hover_enabled=\u00bboff\u00bb button_one_border_radius__hover=\u00bbnull\u00bb button_two_border_radius__hover_enabled=\u00bboff\u00bb button_two_border_radius__hover=\u00bbnull\u00bb button_letter_spacing__hover_enabled=\u00bbon\u00bb button_letter_spacing__hover=\u00bb2&#8243; button_one_letter_spacing__hover_enabled=\u00bboff\u00bb button_one_letter_spacing__hover=\u00bbnull\u00bb button_two_letter_spacing__hover_enabled=\u00bboff\u00bb button_two_letter_spacing__hover=\u00bbnull\u00bb button_bg_color__hover_enabled=\u00bbon\u00bb button_bg_color__hover=\u00bbrgba(255,255,255,0.2)\u00bb button_one_bg_color__hover_enabled=\u00bboff\u00bb button_one_bg_color__hover=\u00bbnull\u00bb button_two_bg_color__hover_enabled=\u00bboff\u00bb button_two_bg_color__hover=\u00bbnull\u00bb]<\/p>\n<h2>Transformamos en realidad tu <span style=\"color: #fcbf00;\">visi\u00f3n<\/span>.<\/h2>\n<p>\u00bfTienes una idea original? o un \u00bfproducto inusual que querr\u00edas vender con una expendedora? Podemos construir el distribuidor apto para ti.<\/p>\n<p>[\/et_pb_cta][\/et_pb_column][\/et_pb_row][\/et_pb_section][et_pb_section fb_built=\u00bb1&#8243; admin_label=\u00bbSection\u00bb _builder_version=\u00bb3.22&#8243; transparent_background=\u00bboff\u00bb make_fullwidth=\u00bboff\u00bb use_custom_width=\u00bboff\u00bb width_unit=\u00bbon\u00bb collapsed=\u00bboff\u00bb][et_pb_row padding_mobile=\u00bboff\u00bb column_padding_mobile=\u00bbon\u00bb admin_label=\u00bbRow\u00bb module_class=\u00bbblurb-quadrati \u00bb _builder_version=\u00bb3.25&#8243; background_size=\u00bbinitial\u00bb background_position=\u00bbtop_left\u00bb background_repeat=\u00bbrepeat\u00bb make_fullwidth=\u00bboff\u00bb use_custom_width=\u00bboff\u00bb width_unit=\u00bbon\u00bb column_structure=\u00bb1_3,1_3,1_3&#8243;][et_pb_column type=\u00bb1_3&#8243; _builder_version=\u00bb3.25&#8243; custom_padding=\u00bb|||\u00bb custom_padding__hover=\u00bb|||\u00bb][et_pb_cta button_url=\u00bb\/es\/personalizaciones-servicios\/\u00bb button_text=\u00bbProfundizas\u00bb admin_label=\u00bbI nostri Servizi\u00bb _builder_version=\u00bb3.16&#8243; header_font=\u00bbOpen Sans|||on|\u00bb header_text_color=\u00bb#494949&#8243; header_font_size=\u00bb38&#8243; header_line_height=\u00bb1.4em\u00bb body_font=\u00bbOpen Sans||||\u00bb body_text_color=\u00bb#666666&#8243; body_font_size=\u00bb16&#8243; body_line_height=\u00bb1.5em\u00bb use_background_color=\u00bboff\u00bb background_size=\u00bbinitial\u00bb background_position=\u00bbtop_left\u00bb background_repeat=\u00bbrepeat\u00bb button_icon=\u00bb%%24%%\u00bb text_orientation=\u00bbleft\u00bb background_layout=\u00bblight\u00bb custom_margin=\u00bb||0px|\u00bb custom_padding=\u00bb||0px|\u00bb header_font_size_tablet=\u00bb36&#8243; header_font_size_phone=\u00bb30&#8243; header_font_size_last_edited=\u00bbon|desktop\u00bb custom_css_promo_title=\u00bbfont-weight:800;\u00bb border_style=\u00bbsolid\u00bb button_text_color_hover=\u00bb#2b2c2a\u00bb button_border_color_hover=\u00bb#2b2c2a\u00bb button_border_radius_hover=\u00bb0&#8243; button_letter_spacing_hover=\u00bb2&#8243; button_bg_color_hover=\u00bbrgba(0,0,0,0)\u00bb button_text_size__hover_enabled=\u00bboff\u00bb button_text_size__hover=\u00bbnull\u00bb button_one_text_size__hover_enabled=\u00bboff\u00bb button_one_text_size__hover=\u00bbnull\u00bb button_two_text_size__hover_enabled=\u00bboff\u00bb button_two_text_size__hover=\u00bbnull\u00bb button_text_color__hover_enabled=\u00bbon\u00bb button_text_color__hover=\u00bb#2b2c2a\u00bb button_one_text_color__hover_enabled=\u00bboff\u00bb button_one_text_color__hover=\u00bbnull\u00bb button_two_text_color__hover_enabled=\u00bboff\u00bb button_two_text_color__hover=\u00bbnull\u00bb button_border_width__hover_enabled=\u00bboff\u00bb button_border_width__hover=\u00bbnull\u00bb button_one_border_width__hover_enabled=\u00bboff\u00bb button_one_border_width__hover=\u00bbnull\u00bb button_two_border_width__hover_enabled=\u00bboff\u00bb button_two_border_width__hover=\u00bbnull\u00bb button_border_color__hover_enabled=\u00bbon\u00bb button_border_color__hover=\u00bb#2b2c2a\u00bb button_one_border_color__hover_enabled=\u00bboff\u00bb button_one_border_color__hover=\u00bbnull\u00bb button_two_border_color__hover_enabled=\u00bboff\u00bb button_two_border_color__hover=\u00bbnull\u00bb button_border_radius__hover_enabled=\u00bbon\u00bb button_border_radius__hover=\u00bb0&#8243; button_one_border_radius__hover_enabled=\u00bboff\u00bb button_one_border_radius__hover=\u00bbnull\u00bb button_two_border_radius__hover_enabled=\u00bboff\u00bb button_two_border_radius__hover=\u00bbnull\u00bb button_letter_spacing__hover_enabled=\u00bbon\u00bb button_letter_spacing__hover=\u00bb2&#8243; button_one_letter_spacing__hover_enabled=\u00bboff\u00bb button_one_letter_spacing__hover=\u00bbnull\u00bb button_two_letter_spacing__hover_enabled=\u00bboff\u00bb button_two_letter_spacing__hover=\u00bbnull\u00bb button_bg_color__hover_enabled=\u00bbon\u00bb button_bg_color__hover=\u00bbrgba(0,0,0,0)\u00bb button_one_bg_color__hover_enabled=\u00bboff\u00bb button_one_bg_color__hover=\u00bbnull\u00bb button_two_bg_color__hover_enabled=\u00bboff\u00bb button_two_bg_color__hover=\u00bbnull\u00bb]<\/p>\n<h2>Nuestros <span style=\"color: #ed1849;\">Servicios<\/span><\/h2>\n<p><em><strong>De la producci\u00f3n a la instalaci\u00f3n totalmente personalizable. Adimac es tu aliado hacia una distribuci\u00f3n 24h\/7<br \/><\/strong><\/em><\/p>\n<p>Cont\u00e1ctanos sin compromiso para conocer la listra de precios de las expendedoras en el cat\u00e1logo o para hacer un presupuesto de una m\u00e1quina creada por tus productos.<\/p>\n<p>[\/et_pb_cta][\/et_pb_column][et_pb_column type=\u00bb1_3&#8243; _builder_version=\u00bb3.25&#8243; custom_padding=\u00bb|||\u00bb custom_padding__hover=\u00bb|||\u00bb][et_pb_blurb title=\u00bbPersonalizaci\u00f3n del distribuidor\u00bb image=\u00bbhttps:\/\/adimac.it\/wp-content\/uploads\/2018\/12\/v.jpg\u00bb icon_placement=\u00bbleft\u00bb icon_font_size=\u00bb22&#8243; icon_font_size_tablet=\u00bb\u00bb icon_font_size_phone=\u00bb\u00bb icon_font_size_last_edited=\u00bbon|desktop\u00bb admin_label=\u00bbPersonalizaci\u00f3n del distribuidor\u00bb _builder_version=\u00bb3.21&#8243; header_font=\u00bbOpen Sans|||on|\u00bb header_text_color=\u00bb#494949&#8243; header_font_size=\u00bb20&#8243; header_line_height=\u00bb1.2em\u00bb body_font=\u00bbOpen Sans||||\u00bb body_text_color=\u00bb#666666&#8243; body_line_height=\u00bb1.5em\u00bb background_size=\u00bbinitial\u00bb background_position=\u00bbtop_left\u00bb background_repeat=\u00bbrepeat\u00bb max_width_tablet=\u00bb50px\u00bb custom_css_blurb_title=\u00bbfont-weight:800;||border-style: solid;||border-color: #aeafaf;||border-left-width: 1px;||padding: 0px 0px 0px 8px;||margin-left: -10px;\u00bb]<\/p>\n<p>Personalizamos tu distribuidor automatico a nivel est\u00e9tico y funcional: \u00a0 \u00a0 \u00a0 \u00a0 \u00a0 \u00a0 \u00a0 \u00a0 \u00a0 \u00a0 \u00a0 \u00a0 \u00a0 \u00a0 Gr\u00e1fica, disposici\u00f3n de las bandejas con espirales, medios de pago y accesorios de embellecimiento.<\/p>\n<p>\u00a1Haz \u00fanica tu m\u00e1quina!<\/p>\n<p>[\/et_pb_blurb][et_pb_blurb title=\u00bbAsistencia posventa\u00bb image=\u00bbhttps:\/\/adimac.it\/wp-content\/uploads\/2018\/12\/v.jpg\u00bb icon_placement=\u00bbleft\u00bb icon_font_size=\u00bb22&#8243; icon_font_size_tablet=\u00bb\u00bb icon_font_size_phone=\u00bb\u00bb icon_font_size_last_edited=\u00bbon|desktop\u00bb admin_label=\u00bbAsistencia posventa\u00bb _builder_version=\u00bb3.21&#8243; header_font=\u00bbOpen Sans|||on|\u00bb header_text_color=\u00bb#494949&#8243; header_font_size=\u00bb20&#8243; header_line_height=\u00bb1.2em\u00bb body_font=\u00bbOpen Sans||||\u00bb body_text_color=\u00bb#666666&#8243; body_line_height=\u00bb1.5em\u00bb background_size=\u00bbinitial\u00bb background_position=\u00bbtop_left\u00bb background_repeat=\u00bbrepeat\u00bb max_width_tablet=\u00bb50px\u00bb custom_css_blurb_title=\u00bbfont-weight:800;||border-style: solid;||border-color: #aeafaf;||border-left-width: 1px;||padding: 0px 0px 0px 8px;||margin-left: -10px;\u00bb]<\/p>\n<p>Adimac es tu punto de referencia para la <strong>asistencia<\/strong> y <strong>reparaci\u00f3n<\/strong>.<\/p>\n<p>[\/et_pb_blurb][\/et_pb_column][et_pb_column type=\u00bb1_3&#8243; _builder_version=\u00bb3.25&#8243; custom_padding=\u00bb|||\u00bb custom_padding__hover=\u00bb|||\u00bb][et_pb_blurb title=\u00bbAlquiler\u00bb image=\u00bbhttps:\/\/adimac.it\/wp-content\/uploads\/2018\/12\/v.jpg\u00bb icon_placement=\u00bbleft\u00bb icon_font_size=\u00bb22&#8243; icon_font_size_tablet=\u00bb\u00bb icon_font_size_phone=\u00bb\u00bb icon_font_size_last_edited=\u00bbon|desktop\u00bb admin_label=\u00bbAlquiler\u00bb _builder_version=\u00bb3.21&#8243; header_font=\u00bbOpen Sans|||on|\u00bb header_text_color=\u00bb#494949&#8243; header_font_size=\u00bb20&#8243; header_line_height=\u00bb1.2em\u00bb body_font=\u00bbOpen Sans||||\u00bb body_text_color=\u00bb#666666&#8243; body_line_height=\u00bb1.5em\u00bb background_size=\u00bbinitial\u00bb background_position=\u00bbtop_left\u00bb background_repeat=\u00bbrepeat\u00bb max_width_tablet=\u00bb50px\u00bb custom_css_blurb_title=\u00bbfont-weight:800;||border-style: solid;||border-color: #aeafaf;||border-left-width: 1px;||padding: 0px 0px 0px 8px;||margin-left: -10px;\u00bb]<\/p>\n<p>El arrendamiento operativo es un tipo de alquiler que permite a disfrutar de los beneficios de una expendedora sin incrementar el balance empresarial.<\/p>\n<p>[\/et_pb_blurb][et_pb_blurb title=\u00bbTransporte &#038; Instalaci\u00f3n\u00bb image=\u00bbhttps:\/\/adimac.it\/wp-content\/uploads\/2018\/12\/v.jpg\u00bb icon_placement=\u00bbleft\u00bb icon_font_size=\u00bb22&#8243; icon_font_size_tablet=\u00bb\u00bb icon_font_size_phone=\u00bb\u00bb icon_font_size_last_edited=\u00bbon|desktop\u00bb admin_label=\u00bbTrasporto e Installaizone\u00bb _builder_version=\u00bb3.21&#8243; header_font=\u00bbOpen Sans|||on|\u00bb header_text_color=\u00bb#494949&#8243; header_font_size=\u00bb20&#8243; header_line_height=\u00bb1.2em\u00bb body_font=\u00bbOpen Sans||||\u00bb body_text_color=\u00bb#666666&#8243; body_line_height=\u00bb1.5em\u00bb background_size=\u00bbinitial\u00bb background_position=\u00bbtop_left\u00bb background_repeat=\u00bbrepeat\u00bb max_width_tablet=\u00bb50px\u00bb custom_css_blurb_title=\u00bbfont-weight:800;||border-style: solid;||border-color: #aeafaf;||border-left-width: 1px;||padding: 0px 0px 0px 8px;||margin-left: -10px;\u00bb]<\/p>\n<p>Curamos personalmente el transporte y el montaje in situ para garantizarte la m\u00e1xima calidad.<\/p>\n<p>[\/et_pb_blurb][\/et_pb_column][\/et_pb_row][\/et_pb_section]<\/p>\n","protected":false},"excerpt":{"rendered":"<p>Adimac. La l\u00ednea de alimentos por tu pausa snack&amp;drink. L\u00ednea Bebidas Calientes y L\u00ednea Bebidas Fr\u00edas para poder cumplir todos tus requisitos de carga y espacio.<\/p>\n","protected":false},"author":1,"featured_media":0,"parent":0,"menu_order":0,"comment_status":"closed","ping_status":"closed","template":"","meta":{"_acf_changed":false,"_et_pb_use_builder":"on","_et_pb_old_content":"","_et_gb_content_width":"","footnotes":""},"class_list":["post-29286","page","type-page","status-publish","hentry"],"acf":[],"yoast_head":"<!-- This site is optimized with the Yoast SEO plugin v27.0 - https:\/\/yoast.com\/product\/yoast-seo-wordpress\/ -->\n<title>Vending Machines Adimac - Eliges el distribuidor apto a tus exigencias.<\/title>\n<meta name=\"description\" content=\"La l\u00ednea de los distribuidores autom\u00e1ticos Adimac para tu pausa snack &amp; drink. Descubre nuestras expendedoras totalmente adaptables.\" \/>\n<meta name=\"robots\" content=\"index, follow, max-snippet:-1, max-image-preview:large, max-video-preview:-1\" \/>\n<link rel=\"canonical\" href=\"https:\/\/adimac.it\/es\/productos\/\" \/>\n<meta property=\"og:locale\" content=\"es_ES\" \/>\n<meta property=\"og:type\" content=\"article\" \/>\n<meta property=\"og:title\" content=\"Vending Machines Adimac - Eliges el distribuidor apto a tus exigencias.\" \/>\n<meta property=\"og:description\" content=\"La l\u00ednea de los distribuidores autom\u00e1ticos Adimac para tu pausa snack &amp; drink. Descubre nuestras expendedoras totalmente adaptables.\" \/>\n<meta property=\"og:url\" content=\"https:\/\/adimac.it\/es\/productos\/\" \/>\n<meta property=\"og:site_name\" content=\"Adimac\" \/>\n<meta property=\"article:modified_time\" content=\"2020-01-23T16:47:53+00:00\" \/>\n<meta name=\"twitter:card\" content=\"summary_large_image\" \/>\n<meta name=\"twitter:label1\" content=\"Tiempo de lectura\" \/>\n\t<meta name=\"twitter:data1\" content=\"9 minutos\" \/>\n<script type=\"application\/ld+json\" class=\"yoast-schema-graph\">{\"@context\":\"https:\/\/schema.org\",\"@graph\":[{\"@type\":\"WebPage\",\"@id\":\"https:\/\/adimac.it\/es\/productos\/\",\"url\":\"https:\/\/adimac.it\/es\/productos\/\",\"name\":\"Vending Machines Adimac - Eliges el distribuidor apto a tus exigencias.\",\"isPartOf\":{\"@id\":\"https:\/\/adimac.it\/#website\"},\"datePublished\":\"2017-06-07T14:21:48+00:00\",\"dateModified\":\"2020-01-23T16:47:53+00:00\",\"description\":\"La l\u00ednea de los distribuidores autom\u00e1ticos Adimac para tu pausa snack & drink. Descubre nuestras expendedoras totalmente adaptables.\",\"breadcrumb\":{\"@id\":\"https:\/\/adimac.it\/es\/productos\/#breadcrumb\"},\"inLanguage\":\"es\",\"potentialAction\":[{\"@type\":\"ReadAction\",\"target\":[\"https:\/\/adimac.it\/es\/productos\/\"]}]},{\"@type\":\"BreadcrumbList\",\"@id\":\"https:\/\/adimac.it\/es\/productos\/#breadcrumb\",\"itemListElement\":[{\"@type\":\"ListItem\",\"position\":1,\"name\":\"Home\",\"item\":\"https:\/\/adimac.it\/es\/\"},{\"@type\":\"ListItem\",\"position\":2,\"name\":\"Productos\"}]},{\"@type\":\"WebSite\",\"@id\":\"https:\/\/adimac.it\/#website\",\"url\":\"https:\/\/adimac.it\/\",\"name\":\"Adimac\",\"description\":\"Vending Machine\",\"potentialAction\":[{\"@type\":\"SearchAction\",\"target\":{\"@type\":\"EntryPoint\",\"urlTemplate\":\"https:\/\/adimac.it\/?s={search_term_string}\"},\"query-input\":{\"@type\":\"PropertyValueSpecification\",\"valueRequired\":true,\"valueName\":\"search_term_string\"}}],\"inLanguage\":\"es\"}]}<\/script>\n<!-- \/ Yoast SEO plugin. -->","yoast_head_json":{"title":"Vending Machines Adimac - Eliges el distribuidor apto a tus exigencias.","description":"La l\u00ednea de los distribuidores autom\u00e1ticos Adimac para tu pausa snack & drink. Descubre nuestras expendedoras totalmente adaptables.","robots":{"index":"index","follow":"follow","max-snippet":"max-snippet:-1","max-image-preview":"max-image-preview:large","max-video-preview":"max-video-preview:-1"},"canonical":"https:\/\/adimac.it\/es\/productos\/","og_locale":"es_ES","og_type":"article","og_title":"Vending Machines Adimac - Eliges el distribuidor apto a tus exigencias.","og_description":"La l\u00ednea de los distribuidores autom\u00e1ticos Adimac para tu pausa snack & drink. Descubre nuestras expendedoras totalmente adaptables.","og_url":"https:\/\/adimac.it\/es\/productos\/","og_site_name":"Adimac","article_modified_time":"2020-01-23T16:47:53+00:00","twitter_card":"summary_large_image","twitter_misc":{"Tiempo de lectura":"9 minutos"},"schema":{"@context":"https:\/\/schema.org","@graph":[{"@type":"WebPage","@id":"https:\/\/adimac.it\/es\/productos\/","url":"https:\/\/adimac.it\/es\/productos\/","name":"Vending Machines Adimac - Eliges el distribuidor apto a tus exigencias.","isPartOf":{"@id":"https:\/\/adimac.it\/#website"},"datePublished":"2017-06-07T14:21:48+00:00","dateModified":"2020-01-23T16:47:53+00:00","description":"La l\u00ednea de los distribuidores autom\u00e1ticos Adimac para tu pausa snack & drink. Descubre nuestras expendedoras totalmente adaptables.","breadcrumb":{"@id":"https:\/\/adimac.it\/es\/productos\/#breadcrumb"},"inLanguage":"es","potentialAction":[{"@type":"ReadAction","target":["https:\/\/adimac.it\/es\/productos\/"]}]},{"@type":"BreadcrumbList","@id":"https:\/\/adimac.it\/es\/productos\/#breadcrumb","itemListElement":[{"@type":"ListItem","position":1,"name":"Home","item":"https:\/\/adimac.it\/es\/"},{"@type":"ListItem","position":2,"name":"Productos"}]},{"@type":"WebSite","@id":"https:\/\/adimac.it\/#website","url":"https:\/\/adimac.it\/","name":"Adimac","description":"Vending Machine","potentialAction":[{"@type":"SearchAction","target":{"@type":"EntryPoint","urlTemplate":"https:\/\/adimac.it\/?s={search_term_string}"},"query-input":{"@type":"PropertyValueSpecification","valueRequired":true,"valueName":"search_term_string"}}],"inLanguage":"es"}]}},"_links":{"self":[{"href":"https:\/\/adimac.it\/es\/wp-json\/wp\/v2\/pages\/29286","targetHints":{"allow":["GET"]}}],"collection":[{"href":"https:\/\/adimac.it\/es\/wp-json\/wp\/v2\/pages"}],"about":[{"href":"https:\/\/adimac.it\/es\/wp-json\/wp\/v2\/types\/page"}],"author":[{"embeddable":true,"href":"https:\/\/adimac.it\/es\/wp-json\/wp\/v2\/users\/1"}],"replies":[{"embeddable":true,"href":"https:\/\/adimac.it\/es\/wp-json\/wp\/v2\/comments?post=29286"}],"version-history":[{"count":67,"href":"https:\/\/adimac.it\/es\/wp-json\/wp\/v2\/pages\/29286\/revisions"}],"predecessor-version":[{"id":32647,"href":"https:\/\/adimac.it\/es\/wp-json\/wp\/v2\/pages\/29286\/revisions\/32647"}],"wp:attachment":[{"href":"https:\/\/adimac.it\/es\/wp-json\/wp\/v2\/media?parent=29286"}],"curies":[{"name":"wp","href":"https:\/\/api.w.org\/{rel}","templated":true}]}}