{"id":29230,"date":"2017-06-06T17:24:56","date_gmt":"2017-06-06T15:24:56","guid":{"rendered":"http:\/\/adimac.it\/empresa\/"},"modified":"2023-01-25T12:11:00","modified_gmt":"2023-01-25T11:11:00","slug":"empresa","status":"publish","type":"page","link":"https:\/\/adimac.it\/es\/empresa\/","title":{"rendered":"Empresa"},"content":{"rendered":"<p>[et_pb_section fb_built=\u00bb1&#8243; fullwidth=\u00bbon\u00bb admin_label=\u00bbsection\u00bb _builder_version=\u00bb4.16&#8243; global_colors_info=\u00bb{}\u00bb][et_pb_fullwidth_slider admin_label=\u00bbFullwidth Slider\u00bb _builder_version=\u00bb4.18.0&#8243; custom_padding=\u00bb|||\u00bb custom_padding_tablet=\u00bb|||\u00bb custom_padding_phone=\u00bb|||\u00bb box_shadow_style=\u00bbpreset6&#8243; box_shadow_blur=\u00bb10px\u00bb box_shadow_color=\u00bbrgba(0,0,0,0.1)\u00bb remove_inner_shadow=\u00bboff\u00bb hide_content_on_mobile=\u00bboff\u00bb hide_cta_on_mobile=\u00bboff\u00bb show_inner_shadow=\u00bbon\u00bb button_border_radius_hover=\u00bb0&#8243; button_letter_spacing_hover=\u00bb0&#8243; global_colors_info=\u00bb{}\u00bb button_text_size__hover_enabled=\u00bboff\u00bb button_text_size__hover=\u00bbnull\u00bb button_one_text_size__hover_enabled=\u00bboff\u00bb button_one_text_size__hover=\u00bbnull\u00bb button_two_text_size__hover_enabled=\u00bboff\u00bb button_two_text_size__hover=\u00bbnull\u00bb button_text_color__hover_enabled=\u00bboff\u00bb button_text_color__hover=\u00bbnull\u00bb button_one_text_color__hover_enabled=\u00bboff\u00bb button_one_text_color__hover=\u00bbnull\u00bb button_two_text_color__hover_enabled=\u00bboff\u00bb button_two_text_color__hover=\u00bbnull\u00bb button_border_width__hover_enabled=\u00bboff\u00bb button_border_width__hover=\u00bbnull\u00bb button_one_border_width__hover_enabled=\u00bboff\u00bb button_one_border_width__hover=\u00bbnull\u00bb button_two_border_width__hover_enabled=\u00bboff\u00bb button_two_border_width__hover=\u00bbnull\u00bb button_border_color__hover_enabled=\u00bboff\u00bb button_border_color__hover=\u00bbnull\u00bb button_one_border_color__hover_enabled=\u00bboff\u00bb button_one_border_color__hover=\u00bbnull\u00bb button_two_border_color__hover_enabled=\u00bboff\u00bb button_two_border_color__hover=\u00bbnull\u00bb button_border_radius__hover_enabled=\u00bbon\u00bb button_border_radius__hover=\u00bb0&#8243; button_one_border_radius__hover_enabled=\u00bboff\u00bb button_one_border_radius__hover=\u00bbnull\u00bb button_two_border_radius__hover_enabled=\u00bboff\u00bb button_two_border_radius__hover=\u00bbnull\u00bb button_letter_spacing__hover_enabled=\u00bbon\u00bb button_letter_spacing__hover=\u00bb0&#8243; button_one_letter_spacing__hover_enabled=\u00bboff\u00bb button_one_letter_spacing__hover=\u00bbnull\u00bb button_two_letter_spacing__hover_enabled=\u00bboff\u00bb button_two_letter_spacing__hover=\u00bbnull\u00bb button_bg_color__hover_enabled=\u00bboff\u00bb button_bg_color__hover=\u00bbnull\u00bb button_one_bg_color__hover_enabled=\u00bboff\u00bb button_one_bg_color__hover=\u00bbnull\u00bb button_two_bg_color__hover_enabled=\u00bboff\u00bb button_two_bg_color__hover=\u00bbnull\u00bb][et_pb_slide heading=\u00bbADIMAC\u00bb use_bg_overlay=\u00bboff\u00bb use_text_overlay=\u00bboff\u00bb _builder_version=\u00bb4.16&#8243; header_font=\u00bb||||\u00bb body_font=\u00bb||||\u00bb background_color=\u00bb#ffffff\u00bb background_image=\u00bbhttps:\/\/adimac.it\/wp-content\/uploads\/2017\/04\/azienda2.jpg\u00bb background_position=\u00bbbottom_center\u00bb button_icon_placement=\u00bbright\u00bb button_on_hover=\u00bbon\u00bb global_colors_info=\u00bb{}\u00bb button_text_size__hover_enabled=\u00bboff\u00bb button_one_text_size__hover_enabled=\u00bboff\u00bb button_two_text_size__hover_enabled=\u00bboff\u00bb button_text_color__hover_enabled=\u00bboff\u00bb button_one_text_color__hover_enabled=\u00bboff\u00bb button_two_text_color__hover_enabled=\u00bboff\u00bb button_border_width__hover_enabled=\u00bboff\u00bb button_one_border_width__hover_enabled=\u00bboff\u00bb button_two_border_width__hover_enabled=\u00bboff\u00bb button_border_color__hover_enabled=\u00bboff\u00bb button_one_border_color__hover_enabled=\u00bboff\u00bb button_two_border_color__hover_enabled=\u00bboff\u00bb button_border_radius__hover_enabled=\u00bboff\u00bb button_one_border_radius__hover_enabled=\u00bboff\u00bb button_two_border_radius__hover_enabled=\u00bboff\u00bb button_letter_spacing__hover_enabled=\u00bboff\u00bb button_one_letter_spacing__hover_enabled=\u00bboff\u00bb button_two_letter_spacing__hover_enabled=\u00bboff\u00bb button_bg_color__hover_enabled=\u00bboff\u00bb button_one_bg_color__hover_enabled=\u00bboff\u00bb button_two_bg_color__hover_enabled=\u00bboff\u00bb sticky_transition=\u00bbon\u00bb]M\u00e1quinas Expendedoras[\/et_pb_slide][\/et_pb_fullwidth_slider][\/et_pb_section][et_pb_section fb_built=\u00bb1&#8243; admin_label=\u00bbsection\u00bb _builder_version=\u00bb4.16&#8243; global_colors_info=\u00bb{}\u00bb][et_pb_row column_structure=\u00bb1_4,1_4,1_4,1_4&#8243; admin_label=\u00bbrow\u00bb _builder_version=\u00bb4.16&#8243; background_size=\u00bbinitial\u00bb background_position=\u00bbtop_left\u00bb background_repeat=\u00bbrepeat\u00bb make_fullwidth=\u00bboff\u00bb use_custom_width=\u00bboff\u00bb width_unit=\u00bbon\u00bb global_colors_info=\u00bb{}\u00bb][et_pb_column type=\u00bb1_4&#8243; _builder_version=\u00bb4.16&#8243; custom_padding=\u00bb|||\u00bb global_colors_info=\u00bb{}\u00bb custom_padding__hover=\u00bb|||\u00bb][et_pb_blurb title=\u00bb30 A\u00f1os de Experiencia\u00bb image=\u00bbhttps:\/\/adimac.it\/wp-content\/uploads\/2019\/04\/1-esperienza.jpg\u00bb admin_label=\u00bbBlurb\u00bb _builder_version=\u00bb4.16&#8243; background_size=\u00bbinitial\u00bb background_position=\u00bbtop_left\u00bb background_repeat=\u00bbrepeat\u00bb text_orientation=\u00bbcenter\u00bb max_width_tablet=\u00bb50px\u00bb global_colors_info=\u00bb{}\u00bb]<\/p>\n<p>Somos s\u00f3lidos en el mercado, desde hace treinta a\u00f1os satisfacemos las exigencias de nuestros clientes.<\/p>\n<p>[\/et_pb_blurb][\/et_pb_column][et_pb_column type=\u00bb1_4&#8243; _builder_version=\u00bb4.16&#8243; custom_padding=\u00bb|||\u00bb global_colors_info=\u00bb{}\u00bb custom_padding__hover=\u00bb|||\u00bb][et_pb_blurb title=\u00bbCertificados de Calidad\u00bb image=\u00bbhttps:\/\/adimac.it\/wp-content\/uploads\/2019\/04\/2-certificati.jpg\u00bb admin_label=\u00bbBlurb\u00bb _builder_version=\u00bb4.16&#8243; background_size=\u00bbinitial\u00bb background_position=\u00bbtop_left\u00bb background_repeat=\u00bbrepeat\u00bb text_orientation=\u00bbcenter\u00bb max_width_tablet=\u00bb50px\u00bb global_colors_info=\u00bb{}\u00bb]<\/p>\n<p>Tenemos un sistema de calidad certificado seg\u00fan la norma ISO 9001:2015 que regula la producci\u00f3n y construcci\u00f3n de m\u00e1quinas expendedoras autom\u00e1ticas.<\/p>\n<p>[\/et_pb_blurb][\/et_pb_column][et_pb_column type=\u00bb1_4&#8243; _builder_version=\u00bb4.16&#8243; custom_padding=\u00bb|||\u00bb global_colors_info=\u00bb{}\u00bb custom_padding__hover=\u00bb|||\u00bb][et_pb_blurb title=\u00bbExportamos a escala mundial\u00bb image=\u00bbhttps:\/\/adimac.it\/wp-content\/uploads\/2019\/04\/3-esportiamo.jpg\u00bb admin_label=\u00bbBlurb\u00bb _builder_version=\u00bb4.16&#8243; background_size=\u00bbinitial\u00bb background_position=\u00bbtop_left\u00bb background_repeat=\u00bbrepeat\u00bb text_orientation=\u00bbcenter\u00bb max_width_tablet=\u00bb50px\u00bb global_colors_info=\u00bb{}\u00bb]<\/p>\n<p>Exportamos nuestras expendedoras a nivel mundial.<\/p>\n<p>[\/et_pb_blurb][\/et_pb_column][et_pb_column type=\u00bb1_4&#8243; _builder_version=\u00bb4.16&#8243; custom_padding=\u00bb|||\u00bb global_colors_info=\u00bb{}\u00bb custom_padding__hover=\u00bb|||\u00bb][et_pb_blurb title=\u00bbProyectamos internamente\u00bb image=\u00bbhttps:\/\/adimac.it\/wp-content\/uploads\/2019\/04\/4-progettiamo.jpg\u00bb admin_label=\u00bbBlurb\u00bb _builder_version=\u00bb4.16&#8243; background_size=\u00bbinitial\u00bb background_position=\u00bbtop_left\u00bb background_repeat=\u00bbrepeat\u00bb text_orientation=\u00bbcenter\u00bb max_width_tablet=\u00bb50px\u00bb global_colors_info=\u00bb{}\u00bb]<\/p>\n<p>Nuestro departamento de manufactura nos permite proyectar y crear expendedoras \u00fanicas, para todos las exigencias del cliente.<\/p>\n<p>[\/et_pb_blurb][\/et_pb_column][\/et_pb_row][\/et_pb_section][et_pb_section fb_built=\u00bb1&#8243; inner_shadow=\u00bbon\u00bb admin_label=\u00bbsection\u00bb _builder_version=\u00bb4.16&#8243; background_color=\u00bb#f7f7f7&#8243; global_colors_info=\u00bb{}\u00bb][et_pb_row column_structure=\u00bb1_3,2_3&#8243; admin_label=\u00bbrow\u00bb _builder_version=\u00bb4.16&#8243; background_size=\u00bbinitial\u00bb background_position=\u00bbtop_left\u00bb background_repeat=\u00bbrepeat\u00bb global_colors_info=\u00bb{}\u00bb][et_pb_column type=\u00bb1_3&#8243; _builder_version=\u00bb4.16&#8243; custom_padding=\u00bb|||\u00bb global_colors_info=\u00bb{}\u00bb custom_padding__hover=\u00bb|||\u00bb][et_pb_text admin_label=\u00bbText\u00bb _builder_version=\u00bb4.16&#8243; background_size=\u00bbinitial\u00bb background_position=\u00bbtop_left\u00bb background_repeat=\u00bbrepeat\u00bb border_style=\u00bbsolid\u00bb global_colors_info=\u00bb{}\u00bb]<\/p>\n<h1>Nuestra historia<\/h1>\n<p>ADIMAC desde hace 30 a\u00f1os se propone como constructor en el Sector del\u00a0<strong>Vending, <\/strong>empezando con una peque\u00f1a gama de m\u00e1quinas expendedoras.<\/p>\n<p>En 1994 tiene lugar la primera ampliaci\u00f3n de las instalaciones. Muy pronto perfeccion\u00f3 su primer distribuidor \u00abMini Mart\u00bb y empez\u00f3 a desarrollar al m\u00e1s alto nivel de producci\u00f3n de m\u00e1quinas nuevas.<\/p>\n<p>[\/et_pb_text][\/et_pb_column][et_pb_column type=\u00bb2_3&#8243; _builder_version=\u00bb4.16&#8243; custom_padding=\u00bb|||\u00bb global_colors_info=\u00bb{}\u00bb custom_padding__hover=\u00bb|||\u00bb][et_pb_counters bar_bg_color=\u00bb#2ea3f2&#8243; admin_label=\u00bbBar Counters\u00bb _builder_version=\u00bb4.16&#8243; custom_padding=\u00bb|||\u00bb custom_padding_tablet=\u00bb|||\u00bb custom_padding_phone=\u00bb|||\u00bb custom_padding_last_edited=\u00bboff|desktop\u00bb border_radii=\u00bbon|0px|0px|0px|0px\u00bb border_style=\u00bbsolid\u00bb border_radius=\u00bb0&#8243; global_colors_info=\u00bb{}\u00bb][et_pb_counter percent=\u00bb97&#8243; _builder_version=\u00bb4.16&#8243; global_colors_info=\u00bb{}\u00bb bar_background_color_default=\u00bb#2ea3f2&#8243; use_percentages=\u00bbon\u00bb border_radius=\u00bb0&#8243;]Personalizaci\u00f3n de Vending Machine[\/et_pb_counter][et_pb_counter percent=\u00bb95&#8243; _builder_version=\u00bb4.16&#8243; global_colors_info=\u00bb{}\u00bb bar_background_color_default=\u00bb#2ea3f2&#8243; use_percentages=\u00bbon\u00bb border_radius=\u00bb0&#8243;]Producci\u00f3n de Distribuidores Autom\u00e1ticos[\/et_pb_counter][et_pb_counter percent=\u00bb90&#8243; _builder_version=\u00bb4.16&#8243; global_colors_info=\u00bb{}\u00bb bar_background_color_default=\u00bb#2ea3f2&#8243; use_percentages=\u00bbon\u00bb border_radius=\u00bb0&#8243;]Venta de Distribuidores Autom\u00e1ticos[\/et_pb_counter][et_pb_counter percent=\u00bb92&#8243; _builder_version=\u00bb4.16&#8243; global_colors_info=\u00bb{}\u00bb bar_background_color_default=\u00bb#2ea3f2&#8243; use_percentages=\u00bbon\u00bb border_radius=\u00bb0&#8243;]Satisfacci\u00f3n del Cliente[\/et_pb_counter][\/et_pb_counters][\/et_pb_column][\/et_pb_row][et_pb_row column_structure=\u00bb1_3,1_3,1_3&#8243; _builder_version=\u00bb4.16&#8243; background_size=\u00bbinitial\u00bb background_position=\u00bbtop_left\u00bb background_repeat=\u00bbrepeat\u00bb global_colors_info=\u00bb{}\u00bb][et_pb_column type=\u00bb1_3&#8243; _builder_version=\u00bb4.16&#8243; custom_padding=\u00bb|||\u00bb global_colors_info=\u00bb{}\u00bb custom_padding__hover=\u00bb|||\u00bb][et_pb_text admin_label=\u00bbText\u00bb _builder_version=\u00bb4.16&#8243; background_size=\u00bbinitial\u00bb background_position=\u00bbtop_left\u00bb background_repeat=\u00bbrepeat\u00bb border_style=\u00bbsolid\u00bb global_colors_info=\u00bb{}\u00bb]<\/p>\n<p>\nDesde entonces, la gama de distribuidores autom\u00e1ticos se elevaron, y hoy tenemos una importante presencia en el mercado global del vending. Tenemos intermediarios oficiales en varios pa\u00edses y un rango de productos entre los que se incluyen <strong>expendedoras de bebidas calientes y caf\u00e9<\/strong> y con <strong>refrigeraci\u00f3n a espirales<\/strong> de <strong>snacks, bocadillos, latas y\u00a0botellas<\/strong>.<\/p>\n<p>&nbsp;<\/p>\n<p>Despues de 25 a\u00f1os de pasi\u00f3n y trabajo, tenemos una nueva imagen, el logo es m\u00e1s joven,\u00a0m\u00e1s fresco y nuestros dise\u00f1os gr\u00e1ficos han sido renovados en toda la gama de nuestras expendedoras.<\/p>\n<p>[\/et_pb_text][\/et_pb_column][et_pb_column type=\u00bb1_3&#8243; _builder_version=\u00bb4.16&#8243; custom_padding=\u00bb|||\u00bb global_colors_info=\u00bb{}\u00bb custom_padding__hover=\u00bb|||\u00bb][et_pb_text admin_label=\u00bbText\u00bb _builder_version=\u00bb4.16&#8243; background_size=\u00bbinitial\u00bb background_position=\u00bbtop_left\u00bb background_repeat=\u00bbrepeat\u00bb border_style=\u00bbsolid\u00bb global_colors_info=\u00bb{}\u00bb]<\/p>\n<p>\n<strong>Un dise\u00f1o nuevo para la calidad y fiabilidad de siempre.<\/strong><\/p>\n<p>&nbsp;<\/p>\n<p>\u00a1Y eso no es todo! Adem\u00e1s de producir, vender e instalar expendedoras, Adimac es un punto de referencia para <strong>asistencia<\/strong> y <strong>reparaci\u00f3n<\/strong>. Tambi\u00e9n podemos incorporar muchas de las ideas de <strong>personalizaci\u00f3n<\/strong>: cada distribuidor autom\u00e1tico Adimac es apto para las exigencias de vending y mercado de productos. As\u00ed se puede crear una tienda de m\u00e1quinas 24h con diferentes expendedoras como\u00a0 por ejemplo de <strong>cigarrillos y tabaco, peri\u00f3dicos, pasta, bocadillos, pizza, art\u00edculos de primera necesidad y otros.<\/strong><\/p>\n<p>[\/et_pb_text][\/et_pb_column][et_pb_column type=\u00bb1_3&#8243; _builder_version=\u00bb4.16&#8243; custom_padding=\u00bb|||\u00bb global_colors_info=\u00bb{}\u00bb custom_padding__hover=\u00bb|||\u00bb][\/et_pb_column][\/et_pb_row][\/et_pb_section][et_pb_section fb_built=\u00bb1&#8243; disabled_on=\u00bbon|on|on\u00bb admin_label=\u00bbsection\u00bb _builder_version=\u00bb4.16&#8243; disabled=\u00bbon\u00bb global_colors_info=\u00bb{}\u00bb][et_pb_row column_structure=\u00bb1_2,1_2&#8243; admin_label=\u00bbrow\u00bb _builder_version=\u00bb4.16&#8243; background_size=\u00bbinitial\u00bb background_position=\u00bbtop_left\u00bb background_repeat=\u00bbrepeat\u00bb global_colors_info=\u00bb{}\u00bb][et_pb_column type=\u00bb1_2&#8243; _builder_version=\u00bb4.16&#8243; custom_padding=\u00bb|||\u00bb global_colors_info=\u00bb{}\u00bb custom_padding__hover=\u00bb|||\u00bb][et_pb_testimonial author=\u00bbCliente1&#8243; company_name=\u00bbEmpresa\u00bb _builder_version=\u00bb4.16&#8243; background_size=\u00bbinitial\u00bb background_position=\u00bbtop_left\u00bb background_repeat=\u00bbrepeat\u00bb use_border_color=\u00bboff\u00bb border_color=\u00bb#ffffff\u00bb border_style=\u00bbsolid\u00bb global_colors_info=\u00bb{}\u00bb]<\/p>\n<p> Lorem ipsum dolor sit amet, consectetur adipiscing elit. Integer at enim in risus cursus ultrices. Etiam accumsan augue in enim consectetur pretium. Vestibulum lobortis ultricies facilisis. Phasellus non pulvinar ex, quis auctor purus. Quisque at arcu turpis. Aliquam erat volutpat. Sed porta, dui in maximus ultrices, justo purus efficitur ligula, et laoreet neque est dictum risus. Vivamus gravida nisi vel sodales auctor. <\/p>\n<p>[\/et_pb_testimonial][\/et_pb_column][et_pb_column type=\u00bb1_2&#8243; _builder_version=\u00bb4.16&#8243; custom_padding=\u00bb|||\u00bb global_colors_info=\u00bb{}\u00bb custom_padding__hover=\u00bb|||\u00bb][et_pb_testimonial author=\u00bbCliente2&#8243; company_name=\u00bbEmpresa\u00bb _builder_version=\u00bb4.16&#8243; background_size=\u00bbinitial\u00bb background_position=\u00bbtop_left\u00bb background_repeat=\u00bbrepeat\u00bb use_border_color=\u00bboff\u00bb border_color=\u00bb#ffffff\u00bb border_style=\u00bbsolid\u00bb global_colors_info=\u00bb{}\u00bb]<\/p>\n<p> Lorem ipsum dolor sit amet, consectetur adipiscing elit. Integer at enim in risus cursus ultrices. Etiam accumsan augue in enim consectetur pretium. Vestibulum lobortis ultricies facilisis. Phasellus non pulvinar ex, quis auctor purus. Quisque at arcu turpis. Aliquam erat volutpat. Sed porta, dui in maximus ultrices, justo purus efficitur ligula, et laoreet neque est dictum risus. Vivamus gravida nisi vel sodales auctor. <\/p>\n<p>[\/et_pb_testimonial][\/et_pb_column][\/et_pb_row][\/et_pb_section]<\/p>\n","protected":false},"excerpt":{"rendered":"<p>Adimac es una realidad consolidada en la producci\u00f3n de Expendedoras Autom\u00e1ticas apta para satisfacer cada necesidad de adaptaci\u00f3n y de personalizaci\u00f3n<\/p>\n","protected":false},"author":1,"featured_media":0,"parent":0,"menu_order":0,"comment_status":"closed","ping_status":"closed","template":"","meta":{"_acf_changed":false,"_et_pb_use_builder":"on","_et_pb_old_content":"","_et_gb_content_width":"","footnotes":""},"class_list":["post-29230","page","type-page","status-publish","hentry"],"acf":[],"yoast_head":"<!-- This site is optimized with the Yoast SEO plugin v27.0 - https:\/\/yoast.com\/product\/yoast-seo-wordpress\/ -->\n<title>Empresa - Adimac, una realidad s\u00f3lida en la producci\u00f3n de Expendedoras Autom\u00e1ticas<\/title>\n<meta name=\"description\" content=\"Adimac es una realidad consolidada en la producci\u00f3n de Expendedoras Autom\u00e1ticas apta para satisfacer cada necesidad de adaptaci\u00f3n y de personalizaci\u00f3n\" \/>\n<meta name=\"robots\" content=\"index, follow, max-snippet:-1, max-image-preview:large, max-video-preview:-1\" \/>\n<link rel=\"canonical\" href=\"https:\/\/adimac.it\/es\/empresa\/\" \/>\n<meta property=\"og:locale\" content=\"es_ES\" \/>\n<meta property=\"og:type\" content=\"article\" \/>\n<meta property=\"og:title\" content=\"Empresa - Adimac, una realidad s\u00f3lida en la producci\u00f3n de Expendedoras Autom\u00e1ticas\" \/>\n<meta property=\"og:description\" content=\"Adimac es una realidad consolidada en la producci\u00f3n de Expendedoras Autom\u00e1ticas apta para satisfacer cada necesidad de adaptaci\u00f3n y de personalizaci\u00f3n\" \/>\n<meta property=\"og:url\" content=\"https:\/\/adimac.it\/es\/empresa\/\" \/>\n<meta property=\"og:site_name\" content=\"Adimac\" \/>\n<meta property=\"article:modified_time\" content=\"2023-01-25T11:11:00+00:00\" \/>\n<meta name=\"twitter:card\" content=\"summary_large_image\" \/>\n<meta name=\"twitter:label1\" content=\"Tiempo de lectura\" \/>\n\t<meta name=\"twitter:data1\" content=\"9 minutos\" \/>\n<script type=\"application\/ld+json\" class=\"yoast-schema-graph\">{\"@context\":\"https:\/\/schema.org\",\"@graph\":[{\"@type\":\"WebPage\",\"@id\":\"https:\/\/adimac.it\/es\/empresa\/\",\"url\":\"https:\/\/adimac.it\/es\/empresa\/\",\"name\":\"Empresa - Adimac, una realidad s\u00f3lida en la producci\u00f3n de Expendedoras Autom\u00e1ticas\",\"isPartOf\":{\"@id\":\"https:\/\/adimac.it\/#website\"},\"datePublished\":\"2017-06-06T15:24:56+00:00\",\"dateModified\":\"2023-01-25T11:11:00+00:00\",\"description\":\"Adimac es una realidad consolidada en la producci\u00f3n de Expendedoras Autom\u00e1ticas apta para satisfacer cada necesidad de adaptaci\u00f3n y de personalizaci\u00f3n\",\"breadcrumb\":{\"@id\":\"https:\/\/adimac.it\/es\/empresa\/#breadcrumb\"},\"inLanguage\":\"es\",\"potentialAction\":[{\"@type\":\"ReadAction\",\"target\":[\"https:\/\/adimac.it\/es\/empresa\/\"]}]},{\"@type\":\"BreadcrumbList\",\"@id\":\"https:\/\/adimac.it\/es\/empresa\/#breadcrumb\",\"itemListElement\":[{\"@type\":\"ListItem\",\"position\":1,\"name\":\"Home\",\"item\":\"https:\/\/adimac.it\/es\/\"},{\"@type\":\"ListItem\",\"position\":2,\"name\":\"Empresa\"}]},{\"@type\":\"WebSite\",\"@id\":\"https:\/\/adimac.it\/#website\",\"url\":\"https:\/\/adimac.it\/\",\"name\":\"Adimac\",\"description\":\"Vending Machine\",\"potentialAction\":[{\"@type\":\"SearchAction\",\"target\":{\"@type\":\"EntryPoint\",\"urlTemplate\":\"https:\/\/adimac.it\/?s={search_term_string}\"},\"query-input\":{\"@type\":\"PropertyValueSpecification\",\"valueRequired\":true,\"valueName\":\"search_term_string\"}}],\"inLanguage\":\"es\"}]}<\/script>\n<!-- \/ Yoast SEO plugin. -->","yoast_head_json":{"title":"Empresa - Adimac, una realidad s\u00f3lida en la producci\u00f3n de Expendedoras Autom\u00e1ticas","description":"Adimac es una realidad consolidada en la producci\u00f3n de Expendedoras Autom\u00e1ticas apta para satisfacer cada necesidad de adaptaci\u00f3n y de personalizaci\u00f3n","robots":{"index":"index","follow":"follow","max-snippet":"max-snippet:-1","max-image-preview":"max-image-preview:large","max-video-preview":"max-video-preview:-1"},"canonical":"https:\/\/adimac.it\/es\/empresa\/","og_locale":"es_ES","og_type":"article","og_title":"Empresa - Adimac, una realidad s\u00f3lida en la producci\u00f3n de Expendedoras Autom\u00e1ticas","og_description":"Adimac es una realidad consolidada en la producci\u00f3n de Expendedoras Autom\u00e1ticas apta para satisfacer cada necesidad de adaptaci\u00f3n y de personalizaci\u00f3n","og_url":"https:\/\/adimac.it\/es\/empresa\/","og_site_name":"Adimac","article_modified_time":"2023-01-25T11:11:00+00:00","twitter_card":"summary_large_image","twitter_misc":{"Tiempo de lectura":"9 minutos"},"schema":{"@context":"https:\/\/schema.org","@graph":[{"@type":"WebPage","@id":"https:\/\/adimac.it\/es\/empresa\/","url":"https:\/\/adimac.it\/es\/empresa\/","name":"Empresa - Adimac, una realidad s\u00f3lida en la producci\u00f3n de Expendedoras Autom\u00e1ticas","isPartOf":{"@id":"https:\/\/adimac.it\/#website"},"datePublished":"2017-06-06T15:24:56+00:00","dateModified":"2023-01-25T11:11:00+00:00","description":"Adimac es una realidad consolidada en la producci\u00f3n de Expendedoras Autom\u00e1ticas apta para satisfacer cada necesidad de adaptaci\u00f3n y de personalizaci\u00f3n","breadcrumb":{"@id":"https:\/\/adimac.it\/es\/empresa\/#breadcrumb"},"inLanguage":"es","potentialAction":[{"@type":"ReadAction","target":["https:\/\/adimac.it\/es\/empresa\/"]}]},{"@type":"BreadcrumbList","@id":"https:\/\/adimac.it\/es\/empresa\/#breadcrumb","itemListElement":[{"@type":"ListItem","position":1,"name":"Home","item":"https:\/\/adimac.it\/es\/"},{"@type":"ListItem","position":2,"name":"Empresa"}]},{"@type":"WebSite","@id":"https:\/\/adimac.it\/#website","url":"https:\/\/adimac.it\/","name":"Adimac","description":"Vending Machine","potentialAction":[{"@type":"SearchAction","target":{"@type":"EntryPoint","urlTemplate":"https:\/\/adimac.it\/?s={search_term_string}"},"query-input":{"@type":"PropertyValueSpecification","valueRequired":true,"valueName":"search_term_string"}}],"inLanguage":"es"}]}},"_links":{"self":[{"href":"https:\/\/adimac.it\/es\/wp-json\/wp\/v2\/pages\/29230","targetHints":{"allow":["GET"]}}],"collection":[{"href":"https:\/\/adimac.it\/es\/wp-json\/wp\/v2\/pages"}],"about":[{"href":"https:\/\/adimac.it\/es\/wp-json\/wp\/v2\/types\/page"}],"author":[{"embeddable":true,"href":"https:\/\/adimac.it\/es\/wp-json\/wp\/v2\/users\/1"}],"replies":[{"embeddable":true,"href":"https:\/\/adimac.it\/es\/wp-json\/wp\/v2\/comments?post=29230"}],"version-history":[{"count":66,"href":"https:\/\/adimac.it\/es\/wp-json\/wp\/v2\/pages\/29230\/revisions"}],"predecessor-version":[{"id":35722,"href":"https:\/\/adimac.it\/es\/wp-json\/wp\/v2\/pages\/29230\/revisions\/35722"}],"wp:attachment":[{"href":"https:\/\/adimac.it\/es\/wp-json\/wp\/v2\/media?parent=29230"}],"curies":[{"name":"wp","href":"https:\/\/api.w.org\/{rel}","templated":true}]}}