{"id":29189,"date":"2017-06-06T10:16:11","date_gmt":"2017-06-06T08:16:11","guid":{"rendered":"http:\/\/adimac.it\/home\/"},"modified":"2026-01-19T11:06:21","modified_gmt":"2026-01-19T10:06:21","slug":"expendedor-automatico","status":"publish","type":"page","link":"https:\/\/adimac.it\/es\/","title":{"rendered":"Home"},"content":{"rendered":"<p>[et_pb_section fb_built=\u00bb1&#8243; fullwidth=\u00bbon\u00bb module_class=\u00bbhome-slider\u00bb _builder_version=\u00bb4.18.0&#8243; transparent_background=\u00bboff\u00bb make_fullwidth=\u00bboff\u00bb use_custom_width=\u00bboff\u00bb width_unit=\u00bbon\u00bb global_colors_info=\u00bb{}\u00bb][et_pb_fullwidth_slider _builder_version=\u00bb4.20.2&#8243; header_font=\u00bbMontserrat|on|||\u00bb header_text_color=\u00bb#ffffff\u00bb header_font_size=\u00bb90&#8243; body_text_color=\u00bb#f9f9f9&#8243; body_font_size=\u00bb30&#8243; body_line_height=\u00bb1.4em\u00bb background_position=\u00bbtop_left\u00bb custom_padding=\u00bb20vh||20vh|\u00bb custom_padding_tablet=\u00bb|||\u00bb auto=\u00bbon\u00bb auto_speed=\u00bb3500&#8243; hover_enabled=\u00bb0&#8243; global_colors_info=\u00bb{}\u00bb button_text_size__hover_enabled=\u00bboff\u00bb button_text_size__hover=\u00bbnull\u00bb button_one_text_size__hover_enabled=\u00bboff\u00bb button_one_text_size__hover=\u00bbnull\u00bb button_two_text_size__hover_enabled=\u00bboff\u00bb button_two_text_size__hover=\u00bbnull\u00bb button_text_color__hover_enabled=\u00bboff\u00bb button_text_color__hover=\u00bbnull\u00bb button_one_text_color__hover_enabled=\u00bboff\u00bb button_one_text_color__hover=\u00bbnull\u00bb button_two_text_color__hover_enabled=\u00bboff\u00bb button_two_text_color__hover=\u00bbnull\u00bb button_border_width__hover_enabled=\u00bboff\u00bb button_border_width__hover=\u00bbnull\u00bb button_one_border_width__hover_enabled=\u00bboff\u00bb button_one_border_width__hover=\u00bbnull\u00bb button_two_border_width__hover_enabled=\u00bboff\u00bb button_two_border_width__hover=\u00bbnull\u00bb button_border_color__hover_enabled=\u00bboff\u00bb button_border_color__hover=\u00bbnull\u00bb button_one_border_color__hover_enabled=\u00bboff\u00bb button_one_border_color__hover=\u00bbnull\u00bb button_two_border_color__hover_enabled=\u00bboff\u00bb button_two_border_color__hover=\u00bbnull\u00bb button_border_radius__hover_enabled=\u00bbon\u00bb button_border_radius__hover=\u00bb0&#8243; button_one_border_radius__hover_enabled=\u00bboff\u00bb button_one_border_radius__hover=\u00bbnull\u00bb button_two_border_radius__hover_enabled=\u00bboff\u00bb button_two_border_radius__hover=\u00bbnull\u00bb button_letter_spacing__hover_enabled=\u00bbon\u00bb button_letter_spacing__hover=\u00bb0&#8243; button_one_letter_spacing__hover_enabled=\u00bboff\u00bb button_one_letter_spacing__hover=\u00bbnull\u00bb button_two_letter_spacing__hover_enabled=\u00bboff\u00bb button_two_letter_spacing__hover=\u00bbnull\u00bb button_bg_color__hover_enabled=\u00bboff\u00bb button_bg_color__hover=\u00bbnull\u00bb button_one_bg_color__hover_enabled=\u00bboff\u00bb button_one_bg_color__hover=\u00bbnull\u00bb button_two_bg_color__hover_enabled=\u00bboff\u00bb button_two_bg_color__hover=\u00bbnull\u00bb sticky_enabled=\u00bb0&#8243;][et_pb_slide heading=\u00bbIgloo Compact\u00bb button_text=\u00bbDESCUBRE \u00bb button_link=\u00bbhttps:\/\/adimac.it\/es\/vending\/igloo-20c\/\u00bb use_bg_overlay=\u00bboff\u00bb use_text_overlay=\u00bboff\u00bb dot_nav_custom_color=\u00bb#231f20&#8243; _builder_version=\u00bb4.20.2&#8243; header_font=\u00bbMontserrat||||\u00bb body_font=\u00bb||||\u00bb background_color=\u00bb#7aa3bf\u00bb background_image=\u00bbhttp:\/\/adimac.it\/wp-content\/uploads\/2026\/01\/20260116_095659-scaled.jpg\u00bb background_enable_image=\u00bbon\u00bb parallax=\u00bbon\u00bb button_icon_placement=\u00bbright\u00bb button_on_hover=\u00bbon\u00bb background_layout=\u00bblight\u00bb hover_enabled=\u00bb0&#8243; global_colors_info=\u00bb{}\u00bb sticky_transition=\u00bbon\u00bb alt=\u00bbdistributore automatico compatto gelati surgelati adimac igloo compact\u00bb title_text=\u00bb20260116_095659&#8243; sticky_enabled=\u00bb0&#8243;][\/et_pb_slide][et_pb_slide heading=\u00bbSNACK &#038; DRINKS\u00bb button_text=\u00bbDESCUBRE\u00bb button_link=\u00bb\/es\/personalizaciones-servicios\/snack-and-drinks\/\u00bb use_bg_overlay=\u00bboff\u00bb use_text_overlay=\u00bboff\u00bb dot_nav_custom_color=\u00bb#231f20&#8243; _builder_version=\u00bb4.18.0&#8243; header_font=\u00bbMontserrat||||\u00bb body_font=\u00bb||||\u00bb background_color=\u00bb#7aa3bf\u00bb background_image=\u00bbhttps:\/\/adimac.it\/wp-content\/uploads\/2021\/04\/slide-home_2.jpg\u00bb background_enable_image=\u00bbon\u00bb parallax=\u00bbon\u00bb button_icon_placement=\u00bbright\u00bb button_on_hover=\u00bbon\u00bb background_layout=\u00bblight\u00bb global_colors_info=\u00bb{}\u00bb sticky_transition=\u00bbon\u00bb][\/et_pb_slide][et_pb_slide heading=\u00bbL\u00cdNEA CALIENTE\u00bb button_text=\u00bbDESCUBRE\u00bb button_link=\u00bb\/es\/vending_category\/linea-caldo-es\/\u00bb use_bg_overlay=\u00bboff\u00bb use_text_overlay=\u00bboff\u00bb arrows_custom_color=\u00bb#ffffff\u00bb dot_nav_custom_color=\u00bb#ffffff\u00bb _builder_version=\u00bb4.18.0&#8243; header_font=\u00bbMontserrat||||\u00bb body_font=\u00bb||||\u00bb background_color=\u00bb#653118&#8243; background_image=\u00bbhttp:\/\/adimac.it\/wp-content\/uploads\/2023\/01\/Adimac-linea-caldo-vending-machine.png\u00bb background_enable_image=\u00bbon\u00bb parallax=\u00bbon\u00bb button_icon_placement=\u00bbright\u00bb button_on_hover=\u00bbon\u00bb background_layout=\u00bblight\u00bb global_colors_info=\u00bb{}\u00bb sticky_transition=\u00bbon\u00bb][\/et_pb_slide][et_pb_slide heading=\u00bbFROZEN\u00bb button_text=\u00bbDESCUBRE\u00bb button_link=\u00bbhttp:\/\/adimac.it\/es\/vending\/igloo\/\u00bb use_bg_overlay=\u00bboff\u00bb use_text_overlay=\u00bboff\u00bb arrows_custom_color=\u00bb#ffffff\u00bb dot_nav_custom_color=\u00bb#ffffff\u00bb _builder_version=\u00bb4.18.0&#8243; header_font=\u00bbMontserrat||||\u00bb body_font=\u00bb||||\u00bb background_color=\u00bb#653118&#8243; background_image=\u00bbhttp:\/\/adimac.it\/wp-content\/uploads\/2023\/01\/Adimac-igloo-frozen-vending-machine-2.png\u00bb background_enable_image=\u00bbon\u00bb parallax=\u00bbon\u00bb button_icon_placement=\u00bbright\u00bb button_on_hover=\u00bbon\u00bb background_layout=\u00bblight\u00bb global_colors_info=\u00bb{}\u00bb sticky_transition=\u00bbon\u00bb][\/et_pb_slide][et_pb_slide heading=\u00bbFRESH FOOD\u00bb button_text=\u00bbDESCUBRE\u00bb button_link=\u00bb\/es\/personalizaciones-servicios\/fresh-food\/\u00bb use_bg_overlay=\u00bboff\u00bb use_text_overlay=\u00bboff\u00bb dot_nav_custom_color=\u00bb#231f20&#8243; _builder_version=\u00bb4.18.0&#8243; header_font=\u00bbMontserrat||||\u00bb header_text_color=\u00bb#231f20&#8243; body_font=\u00bb||||\u00bb background_color=\u00bb#7aa3bf\u00bb background_image=\u00bbhttps:\/\/adimac.it\/wp-content\/uploads\/2021\/04\/slide-homeFRESCHI.jpg\u00bb background_enable_image=\u00bbon\u00bb parallax=\u00bbon\u00bb button_icon_placement=\u00bbright\u00bb button_on_hover=\u00bbon\u00bb background_layout=\u00bblight\u00bb global_colors_info=\u00bb{}\u00bb sticky_transition=\u00bbon\u00bb]<\/p>\n<p><span style=\"color: #000000;\">Offer your fresh products 24\/7<\/span><\/p>\n<p>[\/et_pb_slide][et_pb_slide heading=\u00bbProductos a la medida\u00bb button_text=\u00bbDESCUBRE\u00bb button_link=\u00bb\/es\/productos-a-la-medida\/\u00bb use_bg_overlay=\u00bboff\u00bb use_text_overlay=\u00bboff\u00bb _builder_version=\u00bb4.18.0&#8243; header_font=\u00bbMontserrat||||\u00bb body_font=\u00bb||||\u00bb background_color=\u00bb#7aa3bf\u00bb background_image=\u00bbhttps:\/\/adimac.it\/wp-content\/uploads\/2017\/03\/bck-custom.jpg\u00bb parallax=\u00bbon\u00bb button_icon_placement=\u00bbright\u00bb button_on_hover=\u00bbon\u00bb background_layout=\u00bblight\u00bb global_colors_info=\u00bb{}\u00bb sticky_transition=\u00bbon\u00bb]<\/p>\n<p>Soluciones a la medida para tus exigencias de vending<\/p>\n<p>[\/et_pb_slide][\/et_pb_fullwidth_slider][\/et_pb_section][et_pb_section fb_built=\u00bb1&#8243; inner_shadow=\u00bbon\u00bb module_class=\u00bbhome-blurb\u00bb _builder_version=\u00bb4.16&#8243; background_color=\u00bbrgba(255,255,255,0)\u00bb transparent_background=\u00bbon\u00bb global_colors_info=\u00bb{}\u00bb][et_pb_row column_structure=\u00bb1_4,1_4,1_4,1_4&#8243; use_custom_gutter=\u00bbon\u00bb gutter_width=\u00bb1&#8243; make_equal=\u00bbon\u00bb _builder_version=\u00bb4.18.0&#8243; _dynamic_attributes=\u00bblink_option_url\u00bb background_size=\u00bbinitial\u00bb background_position=\u00bbtop_left\u00bb background_repeat=\u00bbrepeat\u00bb custom_padding=\u00bb10px|10px|10px|10px\u00bb link_option_url=\u00bb@ET-DC@eyJkeW5hbWljIjp0cnVlLCJjb250ZW50IjoicG9zdF9saW5rX3VybF92ZW5kaW5nIiwic2V0dGluZ3MiOnsicG9zdF9pZCI6IjM1Mzk5In19@\u00bb make_fullwidth=\u00bboff\u00bb use_custom_width=\u00bboff\u00bb width_unit=\u00bboff\u00bb custom_width_percent=\u00bb90%\u00bb global_colors_info=\u00bb{}\u00bb][et_pb_column type=\u00bb1_4&#8243; _builder_version=\u00bb4.16&#8243; background_color=\u00bb#e4003d\u00bb background_image=\u00bbhttps:\/\/adimac.it\/wp-content\/uploads\/2017\/03\/bck-caldo.jpg\u00bb custom_padding=\u00bb|||\u00bb global_colors_info=\u00bb{}\u00bb custom_padding__hover=\u00bb|||\u00bb][et_pb_blurb title=\u00bbL\u00ednea Caliente\u00bb url=\u00bb\/es\/vending_category\/linea-caldo-es\/\u00bb image_icon_width=\u00bbnone\u00bb admin_label=\u00bbcoffee\u00bb _builder_version=\u00bb4.16&#8243; header_text_color=\u00bb#ffffff\u00bb background_size=\u00bbinitial\u00bb background_position=\u00bbtop_left\u00bb background_repeat=\u00bbrepeat\u00bb text_orientation=\u00bbcenter\u00bb animation=\u00bboff\u00bb border_style=\u00bbsolid\u00bb image_max_width=\u00bbnone\u00bb global_colors_info=\u00bb{}\u00bb][\/et_pb_blurb][\/et_pb_column][et_pb_column type=\u00bb1_4&#8243; _builder_version=\u00bb4.18.0&#8243; background_color=\u00bb#7aa3bf\u00bb background_image=\u00bbhttp:\/\/adimac.it\/wp-content\/uploads\/2023\/01\/5.png\u00bb custom_padding=\u00bb|||\u00bb global_colors_info=\u00bb{}\u00bb custom_padding__hover=\u00bb|||\u00bb][et_pb_blurb title=\u00bbL\u00ednea Fr\u00eda\u00bb url=\u00bb\/es\/vending_category\/linea-freddo-es\/\u00bb image_icon_width=\u00bbnone\u00bb admin_label=\u00bbsnack\u00bb _builder_version=\u00bb4.16&#8243; header_text_color=\u00bb#ffffff\u00bb background_size=\u00bbinitial\u00bb background_position=\u00bbtop_left\u00bb background_repeat=\u00bbrepeat\u00bb text_orientation=\u00bbcenter\u00bb animation=\u00bboff\u00bb border_style=\u00bbsolid\u00bb image_max_width=\u00bbnone\u00bb global_colors_info=\u00bb{}\u00bb][\/et_pb_blurb][\/et_pb_column][et_pb_column type=\u00bb1_4&#8243; _builder_version=\u00bb4.18.0&#8243; background_color=\u00bb#653118&#8243; background_image=\u00bbhttp:\/\/adimac.it\/wp-content\/uploads\/2023\/01\/Foto-pinguini-scelta_web.jpg\u00bb custom_padding=\u00bb|||\u00bb global_colors_info=\u00bb{}\u00bb custom_padding__hover=\u00bb|||\u00bb][et_pb_blurb title=\u00bbfrozen\u00bb url=\u00bb@ET-DC@eyJkeW5hbWljIjp0cnVlLCJjb250ZW50IjoicG9zdF9saW5rX3VybF92ZW5kaW5nIiwic2V0dGluZ3MiOnsicG9zdF9pZCI6IjM1Mzk5In19@\u00bb image_icon_width=\u00bbnone\u00bb admin_label=\u00bbpersonalizzato\u00bb _builder_version=\u00bb4.18.0&#8243; _dynamic_attributes=\u00bburl\u00bb header_text_color=\u00bb#ffffff\u00bb background_size=\u00bbinitial\u00bb background_position=\u00bbtop_left\u00bb background_repeat=\u00bbrepeat\u00bb animation=\u00bboff\u00bb border_style=\u00bbsolid\u00bb image_max_width=\u00bbnone\u00bb global_colors_info=\u00bb{}\u00bb][\/et_pb_blurb][\/et_pb_column][et_pb_column type=\u00bb1_4&#8243; _builder_version=\u00bb4.16&#8243; background_color=\u00bb#653118&#8243; background_image=\u00bbhttps:\/\/adimac.it\/wp-content\/uploads\/2017\/03\/bck-custom.jpg\u00bb custom_padding=\u00bb|||\u00bb global_colors_info=\u00bb{}\u00bb custom_padding__hover=\u00bb|||\u00bb][et_pb_blurb title=\u00bbProductos a la medida\u00bb url=\u00bb\/es\/productos-a-la-medida\/\u00bb image_icon_width=\u00bbnone\u00bb admin_label=\u00bbpersonalizzato\u00bb _builder_version=\u00bb4.16&#8243; header_text_color=\u00bb#ffffff\u00bb background_size=\u00bbinitial\u00bb background_position=\u00bbtop_left\u00bb background_repeat=\u00bbrepeat\u00bb animation=\u00bboff\u00bb border_style=\u00bbsolid\u00bb image_max_width=\u00bbnone\u00bb global_colors_info=\u00bb{}\u00bb][\/et_pb_blurb][\/et_pb_column][\/et_pb_row][\/et_pb_section][et_pb_section fb_built=\u00bb1&#8243; module_id=\u00bbsnack\u00bb module_class=\u00bbcat-prodotti\u00bb _builder_version=\u00bb4.16&#8243; background_color=\u00bbrgba(255,255,255,0)\u00bb transparent_background=\u00bbon\u00bb make_fullwidth=\u00bboff\u00bb use_custom_width=\u00bboff\u00bb width_unit=\u00bbon\u00bb global_colors_info=\u00bb{}\u00bb][et_pb_row _builder_version=\u00bb4.16&#8243; background_size=\u00bbinitial\u00bb background_position=\u00bbtop_left\u00bb background_repeat=\u00bbrepeat\u00bb global_colors_info=\u00bb{}\u00bb][et_pb_column type=\u00bb4_4&#8243; _builder_version=\u00bb4.16&#8243; custom_padding=\u00bb|||\u00bb global_colors_info=\u00bb{}\u00bb custom_padding__hover=\u00bb|||\u00bb][et_pb_text _builder_version=\u00bb4.16&#8243; global_colors_info=\u00bb{}\u00bb]<\/p>\n<h1 style=\"text-align: center\">Expendedor Autom\u00e1tico<\/h1>\n<p>[\/et_pb_text][et_pb_code _builder_version=\u00bb4.16&#8243; global_colors_info=\u00bb{}\u00bb]\t[\/et_pb_code][\/et_pb_column][\/et_pb_row][\/et_pb_section][et_pb_section fb_built=\u00bb1&#8243; inner_shadow=\u00bbon\u00bb _builder_version=\u00bb4.16&#8243; background_color=\u00bb#f4f4f4&#8243; background_image=\u00bbhttps:\/\/adimac.it\/wp-content\/uploads\/2017\/03\/bck-descrizione.jpg\u00bb transparent_background=\u00bboff\u00bb make_fullwidth=\u00bboff\u00bb use_custom_width=\u00bboff\u00bb width_unit=\u00bbon\u00bb global_colors_info=\u00bb{}\u00bb][et_pb_row column_structure=\u00bb1_4,1_4,1_4,1_4&#8243; admin_label=\u00bbrow\u00bb _builder_version=\u00bb4.16&#8243; background_size=\u00bbinitial\u00bb background_position=\u00bbtop_left\u00bb background_repeat=\u00bbrepeat\u00bb global_colors_info=\u00bb{}\u00bb][et_pb_column type=\u00bb1_4&#8243; _builder_version=\u00bb4.16&#8243; custom_padding=\u00bb|||\u00bb global_colors_info=\u00bb{}\u00bb custom_padding__hover=\u00bb|||\u00bb][et_pb_blurb title=\u00bbQuienes somos\u00bb url=\u00bb\/es\/empresa\/\u00bb use_icon=\u00bbon\u00bb font_icon=\u00bb&#xe074;||divi||400&#8243; icon_color=\u00bb#a8a8a8&#8243; image_icon_background_color=\u00bb#ffffff\u00bb image_icon_width=\u00bb48px\u00bb admin_label=\u00bbAzienda\u00bb _builder_version=\u00bb4.16&#8243; background_size=\u00bbinitial\u00bb background_position=\u00bbtop_left\u00bb background_repeat=\u00bbrepeat\u00bb image_icon_custom_padding=\u00bb25px|25px|25px|25px|false|false\u00bb text_orientation=\u00bbcenter\u00bb border_radii_image=\u00bbon|100%|100%|100%|100%\u00bb border_width_all_image=\u00bb3px\u00bb border_color_all_image=\u00bb#e0e0e0&#8243; border_style=\u00bbsolid\u00bb use_circle=\u00bbon\u00bb use_circle_border=\u00bbon\u00bb circle_border_color=\u00bb#e0e0e0&#8243; circle_color=\u00bb#ffffff\u00bb global_colors_info=\u00bb{}\u00bb image_icon_background_color__sticky_enabled=\u00bb#ed1849&#8243; image_icon_background_color__sticky=\u00bb#ed1849&#8243;]<\/p>\n<p>\nADIMAC se propone como fabricante en el sector del <strong>Vending <\/strong>renov\u00e1ndose cada d\u00eda desde hace casi treinta a\u00f1os.<\/p>\n<p>[\/et_pb_blurb][\/et_pb_column][et_pb_column type=\u00bb1_4&#8243; _builder_version=\u00bb4.16&#8243; custom_padding=\u00bb|||\u00bb global_colors_info=\u00bb{}\u00bb custom_padding__hover=\u00bb|||\u00bb][et_pb_blurb title=\u00bbTeam\u00bb url=\u00bb\/es\/empresa\/\u00bb use_icon=\u00bbon\u00bb font_icon=\u00bb&#xe08b;||divi||400&#8243; icon_color=\u00bb#a8a8a8&#8243; image_icon_background_color=\u00bb#ffffff\u00bb image_icon_width=\u00bb48px\u00bb admin_label=\u00bbTeam\u00bb _builder_version=\u00bb4.16&#8243; background_size=\u00bbinitial\u00bb background_position=\u00bbtop_left\u00bb background_repeat=\u00bbrepeat\u00bb image_icon_custom_padding=\u00bb25px|25px|25px|25px|false|false\u00bb text_orientation=\u00bbcenter\u00bb border_radii_image=\u00bbon|100%|100%|100%|100%\u00bb border_width_all_image=\u00bb3px\u00bb border_color_all_image=\u00bb#e0e0e0&#8243; border_style=\u00bbsolid\u00bb use_circle=\u00bbon\u00bb use_circle_border=\u00bbon\u00bb circle_border_color=\u00bb#e0e0e0&#8243; circle_color=\u00bb#ffffff\u00bb global_colors_info=\u00bb{}\u00bb image_icon_background_color__sticky_enabled=\u00bb#ed1849&#8243; image_icon_background_color__sticky=\u00bb#ed1849&#8243;]<\/p>\n<p>\nNuestro equipo busca la satisfacci\u00f3n del cliente. Veremos de dar seguimiento desde el proyecto, hasta la instalaci\u00f3n por parte del personal especializado.<\/p>\n<p>[\/et_pb_blurb][\/et_pb_column][et_pb_column type=\u00bb1_4&#8243; _builder_version=\u00bb4.16&#8243; custom_padding=\u00bb|||\u00bb global_colors_info=\u00bb{}\u00bb custom_padding__hover=\u00bb|||\u00bb][et_pb_blurb title=\u00bbProducci\u00f3n Interior\u00bb url=\u00bb\/es\/productos-a-la-medida\/\u00bb use_icon=\u00bbon\u00bb font_icon=\u00bb&#xe035;||divi||400&#8243; icon_color=\u00bb#a8a8a8&#8243; image_icon_background_color=\u00bb#ffffff\u00bb image_icon_width=\u00bb48px\u00bb admin_label=\u00bbProduzione interna\u00bb _builder_version=\u00bb4.16&#8243; background_size=\u00bbinitial\u00bb background_position=\u00bbtop_left\u00bb background_repeat=\u00bbrepeat\u00bb image_icon_custom_padding=\u00bb25px|25px|25px|25px|false|false\u00bb text_orientation=\u00bbcenter\u00bb border_radii_image=\u00bbon|100%|100%|100%|100%\u00bb border_width_all_image=\u00bb3px\u00bb border_color_all_image=\u00bb#e0e0e0&#8243; border_style=\u00bbsolid\u00bb use_circle=\u00bbon\u00bb use_circle_border=\u00bbon\u00bb circle_border_color=\u00bb#e0e0e0&#8243; circle_color=\u00bb#ffffff\u00bb global_colors_info=\u00bb{}\u00bb image_icon_background_color__sticky_enabled=\u00bb#ed1849&#8243; image_icon_background_color__sticky=\u00bb#ed1849&#8243;]<\/p>\n<p>\nGracias a la experiencia de nuestra \u00e1rea de fabricaci\u00f3n, podemos satisfacer las necesidades del vending de todo tipo, hasta proyectos de innovaci\u00f3n en general.<\/p>\n<p>[\/et_pb_blurb][\/et_pb_column][et_pb_column type=\u00bb1_4&#8243; _builder_version=\u00bb4.16&#8243; custom_padding=\u00bb|||\u00bb global_colors_info=\u00bb{}\u00bb custom_padding__hover=\u00bb|||\u00bb][et_pb_blurb title=\u00bbPersonalizaci\u00f3n\u00bb url=\u00bb\/es\/personalizaciones-servicios\/\u00bb use_icon=\u00bbon\u00bb font_icon=\u00bb&#xe0db;||divi||400&#8243; icon_color=\u00bb#a8a8a8&#8243; image_icon_background_color=\u00bb#ffffff\u00bb image_icon_width=\u00bb48px\u00bb admin_label=\u00bbPersonalizaci\u00f3n\u00bb _builder_version=\u00bb4.16&#8243; background_size=\u00bbinitial\u00bb background_position=\u00bbtop_left\u00bb background_repeat=\u00bbrepeat\u00bb image_icon_custom_padding=\u00bb25px|25px|25px|25px|false|false\u00bb text_orientation=\u00bbcenter\u00bb border_radii_image=\u00bbon|100%|100%|100%|100%\u00bb border_width_all_image=\u00bb3px\u00bb border_color_all_image=\u00bb#e0e0e0&#8243; border_style=\u00bbsolid\u00bb use_circle=\u00bbon\u00bb use_circle_border=\u00bbon\u00bb circle_border_color=\u00bb#e0e0e0&#8243; circle_color=\u00bb#ffffff\u00bb global_colors_info=\u00bb{}\u00bb image_icon_background_color__sticky_enabled=\u00bb#ed1849&#8243; image_icon_background_color__sticky=\u00bb#ed1849&#8243;]<\/p>\n<p>\nNuestra experiencia presta un servicio \u00fanico a los clientes, con la cual sabremos guiarlos paso a paso para obtener el distribuidor autom\u00e1tico de bebidas, snacks u otro perfecto para la empresa.<\/p>\n<p>[\/et_pb_blurb][\/et_pb_column][\/et_pb_row][\/et_pb_section]<\/p>\n","protected":false},"excerpt":{"rendered":"<p>Adimac produce Distribuidores Autom\u00e1ticos De Caf\u00e9, Bebidas Calientes y Snacks<\/p>\n","protected":false},"author":1,"featured_media":0,"parent":0,"menu_order":0,"comment_status":"closed","ping_status":"closed","template":"","meta":{"_acf_changed":false,"_et_pb_use_builder":"on","_et_pb_old_content":"<p>[et_pb_section bb_built=\"1\" admin_label=\"section\"][et_pb_row admin_label=\"row\"][\/et_pb_row][\/et_pb_section][et_pb_section bb_built=\"1\" admin_label=\"Sezione\" fullwidth=\"on\" specialty=\"off\"][et_pb_fullwidth_slider admin_label=\"Slider a Larghezza Piena\" \/][\/et_pb_section]<\/p>","_et_gb_content_width":"","footnotes":""},"class_list":["post-29189","page","type-page","status-publish","hentry"],"acf":[],"yoast_head":"<!-- This site is optimized with the Yoast SEO plugin v27.0 - https:\/\/yoast.com\/product\/yoast-seo-wordpress\/ -->\n<title>Adimac Producci\u00f3n de Distribuidores Autom\u00e1ticos<\/title>\n<meta name=\"description\" content=\"Producimos a la medida distribuidores de bebidas calientes. Nuestra experiencia nos permite seguirte de la concepci\u00f3n a lo posventa.\" \/>\n<meta name=\"robots\" content=\"index, follow, max-snippet:-1, max-image-preview:large, max-video-preview:-1\" \/>\n<link rel=\"canonical\" href=\"https:\/\/adimac.it\/es\/\" \/>\n<meta property=\"og:locale\" content=\"es_ES\" \/>\n<meta property=\"og:type\" content=\"article\" \/>\n<meta property=\"og:title\" content=\"Adimac Producci\u00f3n de Distribuidores Autom\u00e1ticos\" \/>\n<meta property=\"og:description\" content=\"Producimos a la medida distribuidores de bebidas calientes. Nuestra experiencia nos permite seguirte de la concepci\u00f3n a lo posventa.\" \/>\n<meta property=\"og:url\" content=\"https:\/\/adimac.it\/es\/\" \/>\n<meta property=\"og:site_name\" content=\"Adimac\" \/>\n<meta property=\"article:modified_time\" content=\"2026-01-19T10:06:21+00:00\" \/>\n<meta name=\"twitter:card\" content=\"summary_large_image\" \/>\n<meta name=\"twitter:label1\" content=\"Tiempo de lectura\" \/>\n\t<meta name=\"twitter:data1\" content=\"4 minutos\" \/>\n<script type=\"application\/ld+json\" class=\"yoast-schema-graph\">{\"@context\":\"https:\/\/schema.org\",\"@graph\":[{\"@type\":\"WebPage\",\"@id\":\"https:\/\/adimac.it\/es\/\",\"url\":\"https:\/\/adimac.it\/es\/\",\"name\":\"Adimac Producci\u00f3n de Distribuidores Autom\u00e1ticos\",\"isPartOf\":{\"@id\":\"https:\/\/adimac.it\/#website\"},\"datePublished\":\"2017-06-06T08:16:11+00:00\",\"dateModified\":\"2026-01-19T10:06:21+00:00\",\"description\":\"Producimos a la medida distribuidores de bebidas calientes. Nuestra experiencia nos permite seguirte de la concepci\u00f3n a lo posventa.\",\"breadcrumb\":{\"@id\":\"https:\/\/adimac.it\/es\/#breadcrumb\"},\"inLanguage\":\"es\",\"potentialAction\":[{\"@type\":\"ReadAction\",\"target\":[\"https:\/\/adimac.it\/es\/\"]}]},{\"@type\":\"BreadcrumbList\",\"@id\":\"https:\/\/adimac.it\/es\/#breadcrumb\",\"itemListElement\":[{\"@type\":\"ListItem\",\"position\":1,\"name\":\"Home\",\"item\":\"https:\/\/adimac.it\/es\/\"},{\"@type\":\"ListItem\",\"position\":2,\"name\":\"Home\"}]},{\"@type\":\"WebSite\",\"@id\":\"https:\/\/adimac.it\/#website\",\"url\":\"https:\/\/adimac.it\/\",\"name\":\"Adimac\",\"description\":\"Vending Machine\",\"potentialAction\":[{\"@type\":\"SearchAction\",\"target\":{\"@type\":\"EntryPoint\",\"urlTemplate\":\"https:\/\/adimac.it\/?s={search_term_string}\"},\"query-input\":{\"@type\":\"PropertyValueSpecification\",\"valueRequired\":true,\"valueName\":\"search_term_string\"}}],\"inLanguage\":\"es\"}]}<\/script>\n<!-- \/ Yoast SEO plugin. -->","yoast_head_json":{"title":"Adimac Producci\u00f3n de Distribuidores Autom\u00e1ticos","description":"Producimos a la medida distribuidores de bebidas calientes. Nuestra experiencia nos permite seguirte de la concepci\u00f3n a lo posventa.","robots":{"index":"index","follow":"follow","max-snippet":"max-snippet:-1","max-image-preview":"max-image-preview:large","max-video-preview":"max-video-preview:-1"},"canonical":"https:\/\/adimac.it\/es\/","og_locale":"es_ES","og_type":"article","og_title":"Adimac Producci\u00f3n de Distribuidores Autom\u00e1ticos","og_description":"Producimos a la medida distribuidores de bebidas calientes. Nuestra experiencia nos permite seguirte de la concepci\u00f3n a lo posventa.","og_url":"https:\/\/adimac.it\/es\/","og_site_name":"Adimac","article_modified_time":"2026-01-19T10:06:21+00:00","twitter_card":"summary_large_image","twitter_misc":{"Tiempo de lectura":"4 minutos"},"schema":{"@context":"https:\/\/schema.org","@graph":[{"@type":"WebPage","@id":"https:\/\/adimac.it\/es\/","url":"https:\/\/adimac.it\/es\/","name":"Adimac Producci\u00f3n de Distribuidores Autom\u00e1ticos","isPartOf":{"@id":"https:\/\/adimac.it\/#website"},"datePublished":"2017-06-06T08:16:11+00:00","dateModified":"2026-01-19T10:06:21+00:00","description":"Producimos a la medida distribuidores de bebidas calientes. Nuestra experiencia nos permite seguirte de la concepci\u00f3n a lo posventa.","breadcrumb":{"@id":"https:\/\/adimac.it\/es\/#breadcrumb"},"inLanguage":"es","potentialAction":[{"@type":"ReadAction","target":["https:\/\/adimac.it\/es\/"]}]},{"@type":"BreadcrumbList","@id":"https:\/\/adimac.it\/es\/#breadcrumb","itemListElement":[{"@type":"ListItem","position":1,"name":"Home","item":"https:\/\/adimac.it\/es\/"},{"@type":"ListItem","position":2,"name":"Home"}]},{"@type":"WebSite","@id":"https:\/\/adimac.it\/#website","url":"https:\/\/adimac.it\/","name":"Adimac","description":"Vending Machine","potentialAction":[{"@type":"SearchAction","target":{"@type":"EntryPoint","urlTemplate":"https:\/\/adimac.it\/?s={search_term_string}"},"query-input":{"@type":"PropertyValueSpecification","valueRequired":true,"valueName":"search_term_string"}}],"inLanguage":"es"}]}},"_links":{"self":[{"href":"https:\/\/adimac.it\/es\/wp-json\/wp\/v2\/pages\/29189","targetHints":{"allow":["GET"]}}],"collection":[{"href":"https:\/\/adimac.it\/es\/wp-json\/wp\/v2\/pages"}],"about":[{"href":"https:\/\/adimac.it\/es\/wp-json\/wp\/v2\/types\/page"}],"author":[{"embeddable":true,"href":"https:\/\/adimac.it\/es\/wp-json\/wp\/v2\/users\/1"}],"replies":[{"embeddable":true,"href":"https:\/\/adimac.it\/es\/wp-json\/wp\/v2\/comments?post=29189"}],"version-history":[{"count":237,"href":"https:\/\/adimac.it\/es\/wp-json\/wp\/v2\/pages\/29189\/revisions"}],"predecessor-version":[{"id":38540,"href":"https:\/\/adimac.it\/es\/wp-json\/wp\/v2\/pages\/29189\/revisions\/38540"}],"wp:attachment":[{"href":"https:\/\/adimac.it\/es\/wp-json\/wp\/v2\/media?parent=29189"}],"curies":[{"name":"wp","href":"https:\/\/api.w.org\/{rel}","templated":true}]}}